{"id":110397,"date":"2022-10-22T19:35:08","date_gmt":"2022-10-22T17:35:08","guid":{"rendered":"https:\/\/www.radiobeton.com\/www\/?page_id=110397"},"modified":"2023-06-12T19:11:31","modified_gmt":"2023-06-12T17:11:31","slug":"big-bazounga-boogaloo","status":"publish","type":"page","link":"https:\/\/www.radiobeton.com\/www\/la-radio\/big-bazounga-boogaloo\/","title":{"rendered":"BIG BAZOUNGA BOOGALOO"},"content":{"rendered":"<div class=\"x11i5rnm xat24cr x1mh8g0r x1vvkbs xtlvy1s x126k92a\">\n<div dir=\"auto\">\u00a0<\/div>\n<div dir=\"auto\">\u00a0<\/div>\n<div dir=\"auto\"><img loading=\"lazy\" decoding=\"async\" class=\" wp-image-110398 aligncenter\" src=\"https:\/\/www.radiobeton.com\/www\/wp-content\/uploads\/2022\/10\/BBB-300x300.jpg\" alt=\"\" width=\"353\" height=\"353\" srcset=\"https:\/\/www.radiobeton.com\/www\/wp-content\/uploads\/2022\/10\/BBB-300x300.jpg 300w, https:\/\/www.radiobeton.com\/www\/wp-content\/uploads\/2022\/10\/BBB-150x150.jpg 150w, https:\/\/www.radiobeton.com\/www\/wp-content\/uploads\/2022\/10\/BBB.jpg 526w\" sizes=\"auto, (max-width: 353px) 85vw, 353px\" \/><\/div>\n<div dir=\"auto\">\u00a0<\/div>\n<p dir=\"auto\"><span class=\"x3nfvp2 x1j61x8r x1fcty0u xdj266r xhhsvwb xat24cr xgzva0m xxymvpz xlup9mm x1kky2od\"><img loading=\"lazy\" decoding=\"async\" src=\"https:\/\/static.xx.fbcdn.net\/images\/emoji.php\/v9\/t72\/1\/16\/1f538.png\" alt=\"&#x1f538;\" width=\"16\" height=\"16\" \/><\/span>garage\/soul\/rock&rsquo;n&rsquo;roll\/freakbeat\/psychedelic\/rhythm&rsquo;n&rsquo;blues\/hammond\/\/surf\/jerk\/music library\/rockabilly\/hillbilly\/exotica\/ 50&rsquo;s to mid 70&rsquo;s rockin&rsquo; grooves<\/p>\n<div dir=\"auto\"><span class=\"x3nfvp2 x1j61x8r x1fcty0u xdj266r xhhsvwb xat24cr xgzva0m xxymvpz xlup9mm x1kky2od\"><img loading=\"lazy\" decoding=\"async\" src=\"https:\/\/static.xx.fbcdn.net\/images\/emoji.php\/v9\/t72\/1\/16\/1f538.png\" alt=\"&#x1f538;\" width=\"16\" height=\"16\" \/><\/span>Lundi 19h RADIO B\u00c9TON<\/div>\n<p dir=\"auto\">(lundi 22h <a class=\"x1i10hfl xjbqb8w x6umtig x1b1mbwd xaqea5y xav7gou x9f619 x1ypdohk xt0psk2 xe8uvvx xdj266r x11i5rnm xat24cr x1mh8g0r xexx8yu x4uap5 x18d9i69 xkhd6sd x16tdsg8 x1hl2dhg xggy1nq x1a2a7pz xt0b8zv x1fey0fg\" tabindex=\"0\" role=\"link\" href=\"https:\/\/www.instagram.com\/_u\/beaubfm89mhz?fbclid=IwAR35ZheUbZMETjoEnFD-fKTmDvb2trjF5tCSQwVsIdkrLObG4LXUKP9Aclo\" target=\"_blank\" rel=\"nofollow noopener noreferrer\">@beaubfm89mhz<\/a> &#8211; Limoges ; lundi 22h <a class=\"x1i10hfl xjbqb8w x6umtig x1b1mbwd xaqea5y xav7gou x9f619 x1ypdohk xt0psk2 xe8uvvx xdj266r x11i5rnm xat24cr x1mh8g0r xexx8yu x4uap5 x18d9i69 xkhd6sd x16tdsg8 x1hl2dhg xggy1nq x1a2a7pz xt0b8zv x1fey0fg\" tabindex=\"0\" role=\"link\" href=\"https:\/\/l.facebook.com\/l.php?u=https%3A%2F%2Fwww.instagram.com%2F_u%2Fouest_track_radio%3Ffbclid%3DIwAR2lCYUZnf16hxnt5O5CHwQ4XHh0HXvs6FD8fuHjH_GPmhvPeRGnRvsfGIs&amp;h=AT1yN6JEykEUwpQ3iaeVxTG2vwXSyZeHrn50ccWPS0J1IKC2eIFUCTorxwQSYSsR69K9YeONkwaRMxa1ui01TenmT5ztf5LE8oydHqsWx6yfFU08lfY3qvLOUcXVgHpAI9g7Hy3D76euj1IVGg&amp;__tn__=-UK-R&amp;c[0]=AT1SAzS25IHhOgbDn-mms91iT1Se5OD2-Lc_0XNmFxZZo54I6L2UffAPDUKDtlx9Gky5QPQF0OViw8w1lTDL0qllgoUwP6j2V3KUCyR__tJ3TkXuHaWaWFRblshLzcSb7nJac9OSdwFTw8uSYI4fHyPP7FqPRg\" target=\"_blank\" rel=\"nofollow noopener noreferrer\">@ouest_track_radio<\/a> &#8211; Le Havre ; samedi 12h30 <a class=\"x1i10hfl xjbqb8w x6umtig x1b1mbwd xaqea5y xav7gou x9f619 x1ypdohk xt0psk2 xe8uvvx xdj266r x11i5rnm xat24cr x1mh8g0r xexx8yu x4uap5 x18d9i69 xkhd6sd x16tdsg8 x1hl2dhg xggy1nq x1a2a7pz xt0b8zv x1fey0fg\" tabindex=\"0\" role=\"link\" href=\"https:\/\/www.instagram.com\/_u\/frequencemutine_radio?fbclid=IwAR3Uq2IprsMSvWfpuVQyKsUCD9IKW_u4joKEWymNHgHawpri-Y2-BFar2n8\" target=\"_blank\" rel=\"nofollow noopener noreferrer\">@frequencemutine_radio<\/a> &#8211; Brest ; dimanche 22h crock radio &#8211; Vienne)<\/p>\n<p dir=\"auto\"><span class=\"x3nfvp2 x1j61x8r x1fcty0u xdj266r xhhsvwb xat24cr xgzva0m xxymvpz xlup9mm x1kky2od\"><img loading=\"lazy\" decoding=\"async\" src=\"https:\/\/static.xx.fbcdn.net\/images\/emoji.php\/v9\/t72\/1\/16\/1f538.png\" alt=\"&#x1f538;\" width=\"16\" height=\"16\" \/><\/span> Animateurs : Bill + Mr K alias K\u00e9k\u00e9<\/p>\n<\/div>\n<div class=\"x11i5rnm xat24cr x1mh8g0r x1vvkbs xtlvy1s x126k92a\"><span class=\"x3nfvp2 x1j61x8r x1fcty0u xdj266r xhhsvwb xat24cr xgzva0m xxymvpz xlup9mm x1kky2od\"><img loading=\"lazy\" decoding=\"async\" src=\"https:\/\/static.xx.fbcdn.net\/images\/emoji.php\/v9\/t72\/1\/16\/1f538.png\" alt=\"&#x1f538;\" width=\"16\" height=\"16\" \/><\/span> \u00c9mission fond\u00e9e en 1999 dans l&rsquo;id\u00e9e de ne faire que des mix sans blabla et de d\u00e9crasser les vieux vinyles et les oreilles en m\u00eame temps, mais aussi de red\u00e9couvrir une p\u00e9riode musicale plus riche qu&rsquo;aucune autre !<\/div>\n<div>\u00a0<\/div>\n<p class=\"x11i5rnm xat24cr x1mh8g0r x1vvkbs xtlvy1s x126k92a\"><span class=\"x3nfvp2 x1j61x8r x1fcty0u xdj266r xhhsvwb xat24cr xgzva0m xxymvpz xlup9mm x1kky2od\"><img loading=\"lazy\" decoding=\"async\" src=\"https:\/\/static.xx.fbcdn.net\/images\/emoji.php\/v9\/t72\/1\/16\/1f538.png\" alt=\"&#x1f538;\" width=\"16\" height=\"16\" \/>Podcasts\u00a0 :<\/span><\/p>\n<p dir=\"auto\"><a style=\"font-size: revert;\" href=\"https:\/\/podcast-radiobeton.com\/big-bazounga-boogaloo\">https:\/\/podcast-radiobeton.com\/big-bazounga-boogaloo<\/a><\/p>\n\n\n<figure class=\"wp-block-embed is-type-rich is-provider-mixcloud wp-block-embed-mixcloud\"><div class=\"wp-block-embed__wrapper\">\n<iframe loading=\"lazy\" title=\"Big Bazounga Boogaloo\" width=\"200\" height=\"250\" src=\"https:\/\/www.mixcloud.com\/widget\/follow\/?u=https%3A%2F%2Fwww.mixcloud.com%2FBigBazoungaBoogaloo%2F\" frameborder=\"0\"><\/iframe>\n<\/div><figcaption class=\"wp-element-caption\">   <\/figcaption><\/figure>\n\n\n<div class=\"wp-block-image is-style-default\">\n<figure class=\"alignleft is-resized\"><img loading=\"lazy\" decoding=\"async\" src=\"https:\/\/www.radiobeton.com\/www\/wp-content\/uploads\/2020\/04\/BigBazoungaBoogaloo-300x300.jpg\" alt=\"\" width=\"249\" height=\"249\"\/><\/figure>\n<\/div>\n\n\n<p><\/p>\n","protected":false},"excerpt":{"rendered":"<p>\u00a0 \u00a0 \u00a0 garage\/soul\/rock&rsquo;n&rsquo;roll\/freakbeat\/psychedelic\/rhythm&rsquo;n&rsquo;blues\/hammond\/\/surf\/jerk\/music library\/rockabilly\/hillbilly\/exotica\/ 50&rsquo;s to mid 70&rsquo;s rockin&rsquo; grooves Lundi 19h RADIO B\u00c9TON (lundi 22h @beaubfm89mhz &#8211; Limoges ; lundi 22h @ouest_track_radio &#8211; Le Havre ; samedi 12h30 @frequencemutine_radio &#8211; Brest ; dimanche 22h crock radio &#8211; Vienne) Animateurs : Bill + Mr K alias K\u00e9k\u00e9 \u00c9mission fond\u00e9e en 1999 dans l&rsquo;id\u00e9e de &hellip; <a href=\"https:\/\/www.radiobeton.com\/www\/la-radio\/big-bazounga-boogaloo\/\" class=\"more-link\">Continuer la lecture<span class=\"screen-reader-text\"> de &laquo;&nbsp;BIG BAZOUNGA BOOGALOO&nbsp;&raquo;<\/span><\/a><\/p>\n","protected":false},"author":28,"featured_media":0,"parent":21603,"menu_order":0,"comment_status":"closed","ping_status":"closed","template":"","meta":{"footnotes":""},"class_list":["post-110397","page","type-page","status-publish","hentry"],"_links":{"self":[{"href":"https:\/\/www.radiobeton.com\/www\/wp-json\/wp\/v2\/pages\/110397","targetHints":{"allow":["GET"]}}],"collection":[{"href":"https:\/\/www.radiobeton.com\/www\/wp-json\/wp\/v2\/pages"}],"about":[{"href":"https:\/\/www.radiobeton.com\/www\/wp-json\/wp\/v2\/types\/page"}],"author":[{"embeddable":true,"href":"https:\/\/www.radiobeton.com\/www\/wp-json\/wp\/v2\/users\/28"}],"replies":[{"embeddable":true,"href":"https:\/\/www.radiobeton.com\/www\/wp-json\/wp\/v2\/comments?post=110397"}],"version-history":[{"count":5,"href":"https:\/\/www.radiobeton.com\/www\/wp-json\/wp\/v2\/pages\/110397\/revisions"}],"predecessor-version":[{"id":116503,"href":"https:\/\/www.radiobeton.com\/www\/wp-json\/wp\/v2\/pages\/110397\/revisions\/116503"}],"up":[{"embeddable":true,"href":"https:\/\/www.radiobeton.com\/www\/wp-json\/wp\/v2\/pages\/21603"}],"wp:attachment":[{"href":"https:\/\/www.radiobeton.com\/www\/wp-json\/wp\/v2\/media?parent=110397"}],"curies":[{"name":"wp","href":"https:\/\/api.w.org\/{rel}","templated":true}]}}