{"id":110411,"date":"2022-10-22T19:49:28","date_gmt":"2022-10-22T17:49:28","guid":{"rendered":"https:\/\/www.radiobeton.com\/www\/?page_id=110411"},"modified":"2023-06-12T19:29:17","modified_gmt":"2023-06-12T17:29:17","slug":"touraine-en-luttes","status":"publish","type":"page","link":"https:\/\/www.radiobeton.com\/www\/la-radio\/touraine-en-luttes\/","title":{"rendered":"TOURAINE EN LUTTES"},"content":{"rendered":"<p><img loading=\"lazy\" decoding=\"async\" class=\"size-medium wp-image-112828 aligncenter\" src=\"https:\/\/www.radiobeton.com\/www\/wp-content\/uploads\/2023\/01\/Touraine-en-Luttes-ancien-DLGS-300x300.jpg\" alt=\"\" width=\"300\" height=\"300\" srcset=\"https:\/\/www.radiobeton.com\/www\/wp-content\/uploads\/2023\/01\/Touraine-en-Luttes-ancien-DLGS-300x300.jpg 300w, https:\/\/www.radiobeton.com\/www\/wp-content\/uploads\/2023\/01\/Touraine-en-Luttes-ancien-DLGS-150x150.jpg 150w, https:\/\/www.radiobeton.com\/www\/wp-content\/uploads\/2023\/01\/Touraine-en-Luttes-ancien-DLGS.jpg 370w\" sizes=\"auto, (max-width: 300px) 85vw, 300px\" \/><\/p>\n<div class=\"x11i5rnm xat24cr x1mh8g0r x1vvkbs xtlvy1s x126k92a\">\n<div dir=\"auto\"><span class=\"x3nfvp2 x1j61x8r x1fcty0u xdj266r xhhsvwb xat24cr xgzva0m xxymvpz xlup9mm x1kky2od\"><img loading=\"lazy\" decoding=\"async\" src=\"https:\/\/static.xx.fbcdn.net\/images\/emoji.php\/v9\/t72\/1\/16\/1f538.png\" alt=\"&#x1f538;\" width=\"16\" height=\"16\" \/><\/span>M\u00e9dia alternatif local, Indre et Loire 37 et au del\u00e0 ;Actu des luttes et des alternatives ;\u00c9mission radio ; Vid\u00e9os live sur les \u00e9v\u00e8nements ; Journal ap\u00e9riodique.<\/div>\n<div dir=\"auto\"><span class=\"x3nfvp2 x1j61x8r x1fcty0u xdj266r xhhsvwb xat24cr xgzva0m xxymvpz xlup9mm x1kky2od\"><img loading=\"lazy\" decoding=\"async\" src=\"https:\/\/static.xx.fbcdn.net\/images\/emoji.php\/v9\/t72\/1\/16\/1f538.png\" alt=\"&#x1f538;\" width=\"16\" height=\"16\" \/><\/span>Le mercredi 19h-20h<\/div>\n<p dir=\"auto\"><span class=\"x3nfvp2 x1j61x8r x1fcty0u xdj266r xhhsvwb xat24cr xgzva0m xxymvpz xlup9mm x1kky2od\"><img loading=\"lazy\" decoding=\"async\" src=\"https:\/\/static.xx.fbcdn.net\/images\/emoji.php\/v9\/t72\/1\/16\/1f538.png\" alt=\"&#x1f538;\" width=\"16\" height=\"16\" \/><\/span>Animateurices : Laurent, Nadia, Pierre, Ph\u00e9, Bruno et Nicolas<\/p>\n<\/div>\n<div class=\"x11i5rnm xat24cr x1mh8g0r x1vvkbs xtlvy1s x126k92a\">\n<p dir=\"auto\"><span class=\"x3nfvp2 x1j61x8r x1fcty0u xdj266r xhhsvwb xat24cr xgzva0m xxymvpz xlup9mm x1kky2od\"><img loading=\"lazy\" decoding=\"async\" src=\"https:\/\/static.xx.fbcdn.net\/images\/emoji.php\/v9\/t72\/1\/16\/1f538.png\" alt=\"&#x1f538;\" width=\"16\" height=\"16\" \/><\/span>Cr\u00e9\u00e9 en 1998 par Sylvain, Thierry, Crispin et \u00c9ric, l&rsquo;\u00e9mission qui s&rsquo;appelait alors \u00ab\u00a0la semaine militante en Indre-et-Loire\u00a0\u00bb avait pour but, avec le concours du regrett\u00e9 \u00ab\u00a0Nouveau Ligerien\u00a0\u00bb, d&rsquo;essayer de comprendre l&rsquo;actualit\u00e9 politique et sociale en Touraine. Elle changea rapidement de nom pour \u00ab\u00a0Demain le grand soir\u00a0\u00bb et se dirigea vers une \u00e9mission de plus en plus libertaire jusqu&rsquo;\u00e0 maintenant o\u00f9 elle se d\u00e9finit comme une \u00e9mission au service des luttes. L&rsquo;\u00e9mission existe donc depuis plus de 20 ans et continue son \u00e9volution en tant que m\u00e9dia alternatif local gr\u00e2ce \u00e0 l&#8217;emploi d&rsquo;outils comme les live facebook, dans le but de se faire des contacts plus rapproch\u00e9s ainsi que d&rsquo;apporter des informations. L&rsquo;\u00e9mission propose \u00e9galement la tenue d&rsquo;un agenda ainsi que d&rsquo;un journal num\u00e9rique. C&rsquo;est encore davantage d&rsquo;aventures \u00e0 partager avec celles et ceux, bienvenues, qui d\u00e9sirent s&rsquo;inscrire dans cette construction collective.<\/p>\n<p dir=\"auto\">Avec le renouvellement de l&rsquo;\u00e9quipe, elle s&rsquo;appelle d\u00e9sormais \u00ab\u00a0Touraine en luttes\u00a0\u00bb.<\/p>\n<\/div>\n<div class=\"x11i5rnm xat24cr x1mh8g0r x1vvkbs xtlvy1s x126k92a\">\n<div dir=\"auto\"><span class=\"x3nfvp2 x1j61x8r x1fcty0u xdj266r xhhsvwb xat24cr xgzva0m xxymvpz xlup9mm x1kky2od\"><img loading=\"lazy\" decoding=\"async\" src=\"https:\/\/static.xx.fbcdn.net\/images\/emoji.php\/v9\/t72\/1\/16\/1f538.png\" alt=\"&#x1f538;\" width=\"16\" height=\"16\" \/><\/span>Liens<\/div>\n<div dir=\"auto\"><\/div>\n<div dir=\"auto\">Facebook : <a class=\"x1i10hfl xjbqb8w x6umtig x1b1mbwd xaqea5y xav7gou x9f619 x1ypdohk xt0psk2 xe8uvvx xdj266r x11i5rnm xat24cr x1mh8g0r xexx8yu x4uap5 x18d9i69 xkhd6sd x16tdsg8 x1hl2dhg xggy1nq x1a2a7pz xt0b8zv x1qq9wsj xo1l8bm\" tabindex=\"0\" role=\"link\" href=\"https:\/\/www.facebook.com\/people\/Touraine-en-luttes-alternatives\/100063505781542\/\" target=\"_blank\" rel=\"noopener\"><span class=\"xt0psk2\">Touraine en luttes &amp; Alternatives<\/span><\/a><\/div>\n<div dir=\"auto\">Mixcloud : <a class=\"x1i10hfl xjbqb8w x6umtig x1b1mbwd xaqea5y xav7gou x9f619 x1ypdohk xt0psk2 xe8uvvx xdj266r x11i5rnm xat24cr x1mh8g0r xexx8yu x4uap5 x18d9i69 xkhd6sd x16tdsg8 x1hl2dhg xggy1nq x1a2a7pz xt0b8zv x1fey0fg\" tabindex=\"0\" role=\"link\" href=\"https:\/\/www.mixcloud.com\/TouraineEnLuttesOnAir\/\" target=\"_blank\" rel=\"nofollow noopener noreferrer\">Podcasts Touraine en Luttes<\/a><\/div>\n<div dir=\"auto\">Mail : touraineenluttes@gmail.com<\/div>\n<\/div>\n<p dir=\"auto\">\n<p dir=\"auto\"><img loading=\"lazy\" decoding=\"async\" class=\" wp-image-110412 aligncenter\" src=\"https:\/\/www.radiobeton.com\/www\/wp-content\/uploads\/2022\/10\/277161827_1877809325736632_1748074604911881877_n-300x300.jpg\" alt=\"\" width=\"367\" height=\"367\" srcset=\"https:\/\/www.radiobeton.com\/www\/wp-content\/uploads\/2022\/10\/277161827_1877809325736632_1748074604911881877_n-300x300.jpg 300w, https:\/\/www.radiobeton.com\/www\/wp-content\/uploads\/2022\/10\/277161827_1877809325736632_1748074604911881877_n-150x150.jpg 150w, https:\/\/www.radiobeton.com\/www\/wp-content\/uploads\/2022\/10\/277161827_1877809325736632_1748074604911881877_n.jpg 474w\" sizes=\"auto, (max-width: 367px) 85vw, 367px\" \/><\/p>\n","protected":false},"excerpt":{"rendered":"<p>M\u00e9dia alternatif local, Indre et Loire 37 et au del\u00e0 ;Actu des luttes et des alternatives ;\u00c9mission radio ; Vid\u00e9os live sur les \u00e9v\u00e8nements ; Journal ap\u00e9riodique. Le mercredi 19h-20h Animateurices : Laurent, Nadia, Pierre, Ph\u00e9, Bruno et Nicolas Cr\u00e9\u00e9 en 1998 par Sylvain, Thierry, Crispin et \u00c9ric, l&rsquo;\u00e9mission qui s&rsquo;appelait alors \u00ab\u00a0la semaine militante &hellip; <a href=\"https:\/\/www.radiobeton.com\/www\/la-radio\/touraine-en-luttes\/\" class=\"more-link\">Continuer la lecture<span class=\"screen-reader-text\"> de &laquo;&nbsp;TOURAINE EN LUTTES&nbsp;&raquo;<\/span><\/a><\/p>\n","protected":false},"author":28,"featured_media":0,"parent":21603,"menu_order":0,"comment_status":"closed","ping_status":"closed","template":"","meta":{"footnotes":""},"class_list":["post-110411","page","type-page","status-publish","hentry"],"_links":{"self":[{"href":"https:\/\/www.radiobeton.com\/www\/wp-json\/wp\/v2\/pages\/110411","targetHints":{"allow":["GET"]}}],"collection":[{"href":"https:\/\/www.radiobeton.com\/www\/wp-json\/wp\/v2\/pages"}],"about":[{"href":"https:\/\/www.radiobeton.com\/www\/wp-json\/wp\/v2\/types\/page"}],"author":[{"embeddable":true,"href":"https:\/\/www.radiobeton.com\/www\/wp-json\/wp\/v2\/users\/28"}],"replies":[{"embeddable":true,"href":"https:\/\/www.radiobeton.com\/www\/wp-json\/wp\/v2\/comments?post=110411"}],"version-history":[{"count":4,"href":"https:\/\/www.radiobeton.com\/www\/wp-json\/wp\/v2\/pages\/110411\/revisions"}],"predecessor-version":[{"id":116505,"href":"https:\/\/www.radiobeton.com\/www\/wp-json\/wp\/v2\/pages\/110411\/revisions\/116505"}],"up":[{"embeddable":true,"href":"https:\/\/www.radiobeton.com\/www\/wp-json\/wp\/v2\/pages\/21603"}],"wp:attachment":[{"href":"https:\/\/www.radiobeton.com\/www\/wp-json\/wp\/v2\/media?parent=110411"}],"curies":[{"name":"wp","href":"https:\/\/api.w.org\/{rel}","templated":true}]}}