{"id":110415,"date":"2022-10-22T20:01:27","date_gmt":"2022-10-22T18:01:27","guid":{"rendered":"https:\/\/www.radiobeton.com\/www\/?page_id=110415"},"modified":"2023-05-24T23:59:35","modified_gmt":"2023-05-24T21:59:35","slug":"des-poches-sous-les-yeux","status":"publish","type":"page","link":"https:\/\/www.radiobeton.com\/www\/la-radio\/des-poches-sous-les-yeux\/","title":{"rendered":"DES POCHES SOUS LES YEUX"},"content":{"rendered":"<div dir=\"auto\"><\/div>\n<div dir=\"auto\"><\/div>\n<div dir=\"auto\"><img loading=\"lazy\" decoding=\"async\" class=\"alignnone size-medium wp-image-87910\" src=\"https:\/\/www.radiobeton.com\/www\/wp-content\/uploads\/2020\/03\/des_poches_sous_les_yeux2-300x300.png\" alt=\"\" width=\"300\" height=\"300\" srcset=\"https:\/\/www.radiobeton.com\/www\/wp-content\/uploads\/2020\/03\/des_poches_sous_les_yeux2-300x300.png 300w, https:\/\/www.radiobeton.com\/www\/wp-content\/uploads\/2020\/03\/des_poches_sous_les_yeux2-150x150.png 150w, https:\/\/www.radiobeton.com\/www\/wp-content\/uploads\/2020\/03\/des_poches_sous_les_yeux2.png 709w\" sizes=\"auto, (max-width: 300px) 85vw, 300px\" \/> <img loading=\"lazy\" decoding=\"async\" class=\"size-medium wp-image-110419 alignright\" src=\"https:\/\/www.radiobeton.com\/www\/wp-content\/uploads\/2022\/10\/271859774_1829162713934627_5670486945176047958_n-1-300x300.jpg\" alt=\"\" width=\"300\" height=\"300\" srcset=\"https:\/\/www.radiobeton.com\/www\/wp-content\/uploads\/2022\/10\/271859774_1829162713934627_5670486945176047958_n-1-300x300.jpg 300w, https:\/\/www.radiobeton.com\/www\/wp-content\/uploads\/2022\/10\/271859774_1829162713934627_5670486945176047958_n-1-150x150.jpg 150w, https:\/\/www.radiobeton.com\/www\/wp-content\/uploads\/2022\/10\/271859774_1829162713934627_5670486945176047958_n-1.jpg 526w\" sizes=\"auto, (max-width: 300px) 85vw, 300px\" \/><\/div>\n<p dir=\"auto\">\n<div class=\"x11i5rnm xat24cr x1mh8g0r x1vvkbs xtlvy1s x126k92a\">\n<div dir=\"auto\"><span class=\"x3nfvp2 x1j61x8r x1fcty0u xdj266r xhhsvwb xat24cr xgzva0m xxymvpz xlup9mm x1kky2od\"><img loading=\"lazy\" decoding=\"async\" src=\"https:\/\/static.xx.fbcdn.net\/images\/emoji.php\/v9\/t72\/1\/16\/1f538.png\" alt=\"&#x1f538;&#xfe0f;\" width=\"16\" height=\"16\" \/><\/span>Litt\u00e9rature et BD<\/div>\n<div dir=\"auto\"><span class=\"x3nfvp2 x1j61x8r x1fcty0u xdj266r xhhsvwb xat24cr xgzva0m xxymvpz xlup9mm x1kky2od\"><img loading=\"lazy\" decoding=\"async\" src=\"https:\/\/static.xx.fbcdn.net\/images\/emoji.php\/v9\/t72\/1\/16\/1f538.png\" alt=\"&#x1f538;&#xfe0f;\" width=\"16\" height=\"16\" \/><\/span>\u00c9mission mensuelle, en live le dernier samedi du mois de 12h \u00e0 13h et rediffus\u00e9 le mardi suivant de 18h \u00e0 19h.<\/div>\n<p dir=\"auto\"><span class=\"x3nfvp2 x1j61x8r x1fcty0u xdj266r xhhsvwb xat24cr xgzva0m xxymvpz xlup9mm x1kky2od\"><img loading=\"lazy\" decoding=\"async\" src=\"https:\/\/static.xx.fbcdn.net\/images\/emoji.php\/v9\/t72\/1\/16\/1f538.png\" alt=\"&#x1f538;&#xfe0f;\" width=\"16\" height=\"16\" \/><\/span>Animateurices : Odile, V\u00e9ronique, Daniel, Jean-Michel, Olivier, Vincent, Malo, Cardoun, Pascal, Nadia &#8230;<\/p>\n<\/div>\n<div class=\"x11i5rnm xat24cr x1mh8g0r x1vvkbs xtlvy1s x126k92a\">\n<div dir=\"auto\"><span class=\"x3nfvp2 x1j61x8r x1fcty0u xdj266r xhhsvwb xat24cr xgzva0m xxymvpz xlup9mm x1kky2od\"><img loading=\"lazy\" decoding=\"async\" src=\"https:\/\/static.xx.fbcdn.net\/images\/emoji.php\/v9\/t72\/1\/16\/1f538.png\" alt=\"&#x1f538;&#xfe0f;\" width=\"16\" height=\"16\" \/><\/span>Une \u00e9mission qui vous donne envie de lire, avec des chroniques sinc\u00e8res et des interviews d&rsquo;auteurices, faites par des lecteurices passionn\u00e9\u2022e\u2022s et ind\u00e9pendant\u2022e\u2022s<\/div>\n<p dir=\"auto\">\n<\/div>\n<div class=\"x11i5rnm xat24cr x1mh8g0r x1vvkbs xtlvy1s x126k92a\">\n<p dir=\"auto\"><span class=\"x3nfvp2 x1j61x8r x1fcty0u xdj266r xhhsvwb xat24cr xgzva0m xxymvpz xlup9mm x1kky2od\"><img loading=\"lazy\" decoding=\"async\" src=\"https:\/\/static.xx.fbcdn.net\/images\/emoji.php\/v9\/t72\/1\/16\/1f538.png\" alt=\"&#x1f538;&#xfe0f;\" width=\"16\" height=\"16\" \/>Liens<\/span><\/p>\n<div dir=\"auto\">Instagram : @despochessouslesyeux<\/div>\n<div dir=\"auto\">Facebook : <a class=\"x1i10hfl xjbqb8w x6umtig x1b1mbwd xaqea5y xav7gou x9f619 x1ypdohk xt0psk2 xe8uvvx xdj266r x11i5rnm xat24cr x1mh8g0r xexx8yu x4uap5 x18d9i69 xkhd6sd x16tdsg8 x1hl2dhg xggy1nq x1a2a7pz xt0b8zv x1qq9wsj xo1l8bm\" tabindex=\"0\" role=\"link\" href=\"https:\/\/www.facebook.com\/DesPochesSousLesYeux?__cft__[0]=AZUUJi0nu1OHeaiyTpDJpNXWuu0kQUGXvRShPJyATUmIBXIkuSbd8Nu0uqQEPzUmEgrRa88D-AoGIVN7384v0ZxhqS5XxxTEy9lAKGoB3Hfdgc-HUzW2sLSW3-Cwv7ohMNw&amp;__tn__=-]K-R\"><span class=\"xt0psk2\">Des Poches Sous Les Yeux<\/span><\/a><\/div>\n<div dir=\"auto\">Twitter : dpsly_beton<\/div>\n<div dir=\"auto\">Site Web : despochessouslesyeux.fr<\/div>\n<p dir=\"auto\">Mail : despochessouslesyeux@gmail.com<\/p>\n<p dir=\"auto\">Podcasts :<\/p>\n<p dir=\"auto\">\u00a0<a href=\"https:\/\/podcast-radiobeton.com\/des-poches-sous-les-yeux-lemission\">https:\/\/podcast-radiobeton.com\/des-poches-sous-les-yeux-lemission<\/a><\/p>\n<p dir=\"auto\"><a href=\"https:\/\/podcast-radiobeton.com\/dpsly-chroniques-et-interviews\">https:\/\/podcast-radiobeton.com\/dpsly-chroniques-et-interviews<\/a><\/p>\n<\/div>\n<p dir=\"auto\"><img loading=\"lazy\" decoding=\"async\" class=\"wp-image-12652 aligncenter\" src=\"https:\/\/www.radiobeton.com\/www\/wp-content\/uploads\/2014\/05\/jpg_des_poches_sous_les_yeux-300x200.jpg\" alt=\"des_poches_sous_les_yeux.jpg\" width=\"227\" height=\"151\" srcset=\"https:\/\/www.radiobeton.com\/www\/wp-content\/uploads\/2014\/05\/jpg_des_poches_sous_les_yeux-300x200.jpg 300w, https:\/\/www.radiobeton.com\/www\/wp-content\/uploads\/2014\/05\/jpg_des_poches_sous_les_yeux-768x512.jpg 768w, https:\/\/www.radiobeton.com\/www\/wp-content\/uploads\/2014\/05\/jpg_des_poches_sous_les_yeux.jpg 900w\" sizes=\"auto, (max-width: 227px) 85vw, 227px\" \/><\/p>\n","protected":false},"excerpt":{"rendered":"<p>Litt\u00e9rature et BD \u00c9mission mensuelle, en live le dernier samedi du mois de 12h \u00e0 13h et rediffus\u00e9 le mardi suivant de 18h \u00e0 19h. Animateurices : Odile, V\u00e9ronique, Daniel, Jean-Michel, Olivier, Vincent, Malo, Cardoun, Pascal, Nadia &#8230; Une \u00e9mission qui vous donne envie de lire, avec des chroniques sinc\u00e8res et des interviews d&rsquo;auteurices, faites &hellip; <a href=\"https:\/\/www.radiobeton.com\/www\/la-radio\/des-poches-sous-les-yeux\/\" class=\"more-link\">Continuer la lecture<span class=\"screen-reader-text\"> de &laquo;&nbsp;DES POCHES SOUS LES YEUX&nbsp;&raquo;<\/span><\/a><\/p>\n","protected":false},"author":28,"featured_media":0,"parent":21603,"menu_order":0,"comment_status":"closed","ping_status":"closed","template":"","meta":{"footnotes":""},"class_list":["post-110415","page","type-page","status-publish","hentry"],"_links":{"self":[{"href":"https:\/\/www.radiobeton.com\/www\/wp-json\/wp\/v2\/pages\/110415","targetHints":{"allow":["GET"]}}],"collection":[{"href":"https:\/\/www.radiobeton.com\/www\/wp-json\/wp\/v2\/pages"}],"about":[{"href":"https:\/\/www.radiobeton.com\/www\/wp-json\/wp\/v2\/types\/page"}],"author":[{"embeddable":true,"href":"https:\/\/www.radiobeton.com\/www\/wp-json\/wp\/v2\/users\/28"}],"replies":[{"embeddable":true,"href":"https:\/\/www.radiobeton.com\/www\/wp-json\/wp\/v2\/comments?post=110415"}],"version-history":[{"count":7,"href":"https:\/\/www.radiobeton.com\/www\/wp-json\/wp\/v2\/pages\/110415\/revisions"}],"predecessor-version":[{"id":116250,"href":"https:\/\/www.radiobeton.com\/www\/wp-json\/wp\/v2\/pages\/110415\/revisions\/116250"}],"up":[{"embeddable":true,"href":"https:\/\/www.radiobeton.com\/www\/wp-json\/wp\/v2\/pages\/21603"}],"wp:attachment":[{"href":"https:\/\/www.radiobeton.com\/www\/wp-json\/wp\/v2\/media?parent=110415"}],"curies":[{"name":"wp","href":"https:\/\/api.w.org\/{rel}","templated":true}]}}