{"id":110427,"date":"2022-10-22T20:24:02","date_gmt":"2022-10-22T18:24:02","guid":{"rendered":"https:\/\/www.radiobeton.com\/www\/?page_id=110427"},"modified":"2022-10-30T23:42:47","modified_gmt":"2022-10-30T22:42:47","slug":"freaky-mix","status":"publish","type":"page","link":"https:\/\/www.radiobeton.com\/www\/la-radio\/freaky-mix\/","title":{"rendered":"FREAKY MIX"},"content":{"rendered":"<p><img loading=\"lazy\" decoding=\"async\" class=\"size-medium wp-image-72032 aligncenter\" src=\"https:\/\/www.radiobeton.com\/www\/wp-content\/uploads\/2018\/10\/freaky-mix-300x300.jpg\" alt=\"\" width=\"300\" height=\"300\" srcset=\"https:\/\/www.radiobeton.com\/www\/wp-content\/uploads\/2018\/10\/freaky-mix-300x300.jpg 300w, https:\/\/www.radiobeton.com\/www\/wp-content\/uploads\/2018\/10\/freaky-mix-150x150.jpg 150w, https:\/\/www.radiobeton.com\/www\/wp-content\/uploads\/2018\/10\/freaky-mix.jpg 480w\" sizes=\"auto, (max-width: 300px) 85vw, 300px\" \/><\/p>\n<div class=\"x11i5rnm xat24cr x1mh8g0r x1vvkbs xtlvy1s x126k92a\">\n<div dir=\"auto\"><span class=\"x3nfvp2 x1j61x8r x1fcty0u xdj266r xhhsvwb xat24cr xgzva0m xxymvpz xlup9mm x1kky2od\"><img loading=\"lazy\" decoding=\"async\" src=\"https:\/\/static.xx.fbcdn.net\/images\/emoji.php\/v9\/t72\/1\/16\/1f538.png\" alt=\"&#x1f538;\" width=\"16\" height=\"16\" \/><\/span>Mix radio tech house ou techno<\/div>\n<div dir=\"auto\"><span class=\"x3nfvp2 x1j61x8r x1fcty0u xdj266r xhhsvwb xat24cr xgzva0m xxymvpz xlup9mm x1kky2od\"><img loading=\"lazy\" decoding=\"async\" src=\"https:\/\/static.xx.fbcdn.net\/images\/emoji.php\/v9\/t72\/1\/16\/1f538.png\" alt=\"&#x1f538;\" width=\"16\" height=\"16\" \/><\/span>En live le dimanche : 19h-21h<\/div>\n<p dir=\"auto\"><span class=\"x3nfvp2 x1j61x8r x1fcty0u xdj266r xhhsvwb xat24cr xgzva0m xxymvpz xlup9mm x1kky2od\"><img loading=\"lazy\" decoding=\"async\" src=\"https:\/\/static.xx.fbcdn.net\/images\/emoji.php\/v9\/t72\/1\/16\/1f538.png\" alt=\"&#x1f538;\" width=\"16\" height=\"16\" \/><\/span>Animateur : Alex<\/p>\n<\/div>\n<div class=\"x11i5rnm xat24cr x1mh8g0r x1vvkbs xtlvy1s x126k92a\">\n<div dir=\"auto\"><span class=\"x3nfvp2 x1j61x8r x1fcty0u xdj266r xhhsvwb xat24cr xgzva0m xxymvpz xlup9mm x1kky2od\"><img loading=\"lazy\" decoding=\"async\" src=\"https:\/\/static.xx.fbcdn.net\/images\/emoji.php\/v9\/t72\/1\/16\/1f538.png\" alt=\"&#x1f538;\" width=\"16\" height=\"16\" \/><\/span>En 2008, j&rsquo;\u00e9tais en stage \u00e0 Radio B\u00e9ton pour 6 semaines et j&rsquo;ai eu l&rsquo;occasion de refaire les jingles en version num\u00e9rique, puis j&rsquo;ai d\u00e9couvert les diff\u00e9rentes \u00e9missions et animateurices. Comme j&rsquo;\u00e9tais DJ, on m&rsquo;a propos\u00e9 de mixer un vendredi apr\u00e8s-midi, juste apr\u00e8s l&rsquo;\u00e9mission de Babass. Le mix s&rsquo;\u00e9tant bien pass\u00e9, je me suis vu proposer un cr\u00e9neau pour monter ma propre \u00e9mission : le dimanche de 20h \u00e0 21h. Elle s&rsquo;appelait d&rsquo;abord le \u00ab\u00a0b\u00e9ton mix\u00a0\u00bb avant de se transformer en \u00ab\u00a0freaky mix\u00a0\u00bb pour ne pas \u00eatre confondue avec une \u00e9mission salari\u00e9e !<\/div>\n<p dir=\"auto\">J&rsquo;ai d\u00e9cid\u00e9 de ne faire que des directs avec des mix techouse to techno. Il n&rsquo; y a donc eu aucune \u00e9mission enregistr\u00e9e depuis 14 ans. Depuis quelques ann\u00e9es, je suis pass\u00e9 \u00e0 2h de mix et j&rsquo;officie de 19h \u00e0 21h. Le Freaky Mix propose entre 30 et 40 \u00e9missions par an et compte pr\u00e8s de 400 numeros (sans compter les sp\u00e9ciales ! ).<\/p>\n<\/div>\n<div class=\"x11i5rnm xat24cr x1mh8g0r x1vvkbs xtlvy1s x126k92a\">\n<div dir=\"auto\"><span class=\"x3nfvp2 x1j61x8r x1fcty0u xdj266r xhhsvwb xat24cr xgzva0m xxymvpz xlup9mm x1kky2od\"><img loading=\"lazy\" decoding=\"async\" src=\"https:\/\/static.xx.fbcdn.net\/images\/emoji.php\/v9\/t72\/1\/16\/1f538.png\" alt=\"&#x1f538;\" width=\"16\" height=\"16\" \/><\/span>Liens<\/div>\n<\/div>\n<div class=\"x11i5rnm xat24cr x1mh8g0r x1vvkbs xtlvy1s x126k92a\">\n<p dir=\"auto\">Facebook : <a class=\"x1i10hfl xjbqb8w x6umtig x1b1mbwd xaqea5y xav7gou x9f619 x1ypdohk xt0psk2 xe8uvvx xdj266r x11i5rnm xat24cr x1mh8g0r xexx8yu x4uap5 x18d9i69 xkhd6sd x16tdsg8 x1hl2dhg xggy1nq x1a2a7pz xt0b8zv x1qq9wsj xo1l8bm\" tabindex=\"0\" role=\"link\" href=\"https:\/\/www.facebook.com\/Freakymix?__cft__[0]=AZU10PcHUIkGIqormgAkBzc-uw5BB7KESyN2aUDBxY8iP6nVoC0IjzrSZ2rKp5zhP8hpnW8bGh-yoIh0cIcnOQiu-4n0dY2g-Hg1NBqTWciuNXlIsbtoq_svE1C7QGLIJTM&amp;__tn__=-]K-R\"><span class=\"xt0psk2\">facebook.com\/Freakymix\/<\/span><\/a><\/p>\n<\/div>\n<div dir=\"auto\"><img loading=\"lazy\" decoding=\"async\" class=\"aligncenter wp-image-110428\" src=\"https:\/\/www.radiobeton.com\/www\/wp-content\/uploads\/2022\/10\/291680205_1954771598040404_3874321503731679589_n-300x300.jpg\" alt=\"\" width=\"266\" height=\"266\" srcset=\"https:\/\/www.radiobeton.com\/www\/wp-content\/uploads\/2022\/10\/291680205_1954771598040404_3874321503731679589_n-300x300.jpg 300w, https:\/\/www.radiobeton.com\/www\/wp-content\/uploads\/2022\/10\/291680205_1954771598040404_3874321503731679589_n-150x150.jpg 150w, https:\/\/www.radiobeton.com\/www\/wp-content\/uploads\/2022\/10\/291680205_1954771598040404_3874321503731679589_n.jpg 514w\" sizes=\"auto, (max-width: 266px) 85vw, 266px\" \/><\/div>\n<div dir=\"auto\"><\/div>\n","protected":false},"excerpt":{"rendered":"<p>Mix radio tech house ou techno En live le dimanche : 19h-21h Animateur : Alex En 2008, j&rsquo;\u00e9tais en stage \u00e0 Radio B\u00e9ton pour 6 semaines et j&rsquo;ai eu l&rsquo;occasion de refaire les jingles en version num\u00e9rique, puis j&rsquo;ai d\u00e9couvert les diff\u00e9rentes \u00e9missions et animateurices. Comme j&rsquo;\u00e9tais DJ, on m&rsquo;a propos\u00e9 de mixer un vendredi &hellip; <a href=\"https:\/\/www.radiobeton.com\/www\/la-radio\/freaky-mix\/\" class=\"more-link\">Continuer la lecture<span class=\"screen-reader-text\"> de &laquo;&nbsp;FREAKY MIX&nbsp;&raquo;<\/span><\/a><\/p>\n","protected":false},"author":28,"featured_media":0,"parent":21603,"menu_order":0,"comment_status":"closed","ping_status":"closed","template":"","meta":{"footnotes":""},"class_list":["post-110427","page","type-page","status-publish","hentry"],"_links":{"self":[{"href":"https:\/\/www.radiobeton.com\/www\/wp-json\/wp\/v2\/pages\/110427","targetHints":{"allow":["GET"]}}],"collection":[{"href":"https:\/\/www.radiobeton.com\/www\/wp-json\/wp\/v2\/pages"}],"about":[{"href":"https:\/\/www.radiobeton.com\/www\/wp-json\/wp\/v2\/types\/page"}],"author":[{"embeddable":true,"href":"https:\/\/www.radiobeton.com\/www\/wp-json\/wp\/v2\/users\/28"}],"replies":[{"embeddable":true,"href":"https:\/\/www.radiobeton.com\/www\/wp-json\/wp\/v2\/comments?post=110427"}],"version-history":[{"count":1,"href":"https:\/\/www.radiobeton.com\/www\/wp-json\/wp\/v2\/pages\/110427\/revisions"}],"predecessor-version":[{"id":110429,"href":"https:\/\/www.radiobeton.com\/www\/wp-json\/wp\/v2\/pages\/110427\/revisions\/110429"}],"up":[{"embeddable":true,"href":"https:\/\/www.radiobeton.com\/www\/wp-json\/wp\/v2\/pages\/21603"}],"wp:attachment":[{"href":"https:\/\/www.radiobeton.com\/www\/wp-json\/wp\/v2\/media?parent=110427"}],"curies":[{"name":"wp","href":"https:\/\/api.w.org\/{rel}","templated":true}]}}