{"id":110432,"date":"2022-10-22T20:41:05","date_gmt":"2022-10-22T18:41:05","guid":{"rendered":"https:\/\/www.radiobeton.com\/www\/?page_id=110432"},"modified":"2023-05-25T00:10:55","modified_gmt":"2023-05-24T22:10:55","slug":"hellbanger-radio-show","status":"publish","type":"page","link":"https:\/\/www.radiobeton.com\/www\/la-radio\/hellbanger-radio-show\/","title":{"rendered":"HELLBANGER RADIO SHOW"},"content":{"rendered":"<div id=\"pl-110432\" class=\"panel-layout\">\n<div id=\"pg-110432-0\" class=\"panel-grid panel-no-style\">\n<div id=\"pgc-110432-0-0\" class=\"panel-grid-cell\" data-weight=\"1\">\n<div id=\"panel-110432-0-0-0\" class=\"so-panel widget widget_sow-editor panel-first-child\" data-index=\"0\" data-style=\"{&quot;background_image_attachment&quot;:false,&quot;background_display&quot;:&quot;tile&quot;}\">\n<div class=\"so-widget-sow-editor so-widget-sow-editor-base\">\n<div class=\"siteorigin-widget-tinymce textwidget\">\n<p><img loading=\"lazy\" decoding=\"async\" class=\" wp-image-87987 aligncenter\" src=\"https:\/\/www.radiobeton.com\/www\/wp-content\/uploads\/2020\/03\/Hellbanger-192x300.jpg\" alt=\"\" width=\"360\" height=\"563\" srcset=\"https:\/\/www.radiobeton.com\/www\/wp-content\/uploads\/2020\/03\/Hellbanger-192x300.jpg 192w, https:\/\/www.radiobeton.com\/www\/wp-content\/uploads\/2020\/03\/Hellbanger.jpg 614w\" sizes=\"auto, (max-width: 360px) 85vw, 360px\" \/><\/p>\n<\/div>\n<\/div>\n<\/div>\n<div id=\"panel-110432-0-0-1\" class=\"so-panel widget widget_sow-editor\" data-index=\"1\" data-style=\"{&quot;background_image_attachment&quot;:false,&quot;background_display&quot;:&quot;tile&quot;}\">\n<div class=\"so-widget-sow-editor so-widget-sow-editor-base\">\n<div class=\"siteorigin-widget-tinymce textwidget\">\n<div class=\"x11i5rnm xat24cr x1mh8g0r x1vvkbs xtlvy1s x126k92a\">\n<p dir=\"auto\"><span class=\"x3nfvp2 x1j61x8r x1fcty0u xdj266r xhhsvwb xat24cr xgzva0m xxymvpz xlup9mm x1kky2od\"><img loading=\"lazy\" decoding=\"async\" src=\"https:\/\/static.xx.fbcdn.net\/images\/emoji.php\/v9\/t72\/1\/16\/1f538.png\" alt=\"&#x1f538;\" width=\"16\" height=\"16\" \/><\/span>Emission de 2h sur les nouveaut\u00e9s en sorties d&rsquo;albums et EP sur la sc\u00e8ne mondiale en terme de Metal (\u00e0 peu pr\u00e8s toutes les \u00ab\u00a0\u00e9tiquettes\u00a0\u00bb : Heavy Metal, Black, Death, HxC, Grind, Power, Stoner, Sludge, Doom, etc&#8230;) Diffusion d&rsquo;au minimum 30% de groupes fran\u00e7ais, chaque semaine.<\/p>\n<p dir=\"auto\"><span class=\"x3nfvp2 x1j61x8r x1fcty0u xdj266r xhhsvwb xat24cr xgzva0m xxymvpz xlup9mm x1kky2od\"><img loading=\"lazy\" decoding=\"async\" src=\"https:\/\/static.xx.fbcdn.net\/images\/emoji.php\/v9\/t72\/1\/16\/1f538.png\" alt=\"&#x1f538;\" width=\"16\" height=\"16\" \/><\/span>Tous les dimanches &#8211; 21h-23h<\/p>\n<p dir=\"auto\"><span class=\"x3nfvp2 x1j61x8r x1fcty0u xdj266r xhhsvwb xat24cr xgzva0m xxymvpz xlup9mm x1kky2od\"><img loading=\"lazy\" decoding=\"async\" src=\"https:\/\/static.xx.fbcdn.net\/images\/emoji.php\/v9\/t72\/1\/16\/1f538.png\" alt=\"&#x1f538;\" width=\"16\" height=\"16\" \/><\/span>Animateurs : Damien, Sylvain et Thibault<\/p>\n<\/div>\n<p dir=\"auto\"><span class=\"x3nfvp2 x1j61x8r x1fcty0u xdj266r xhhsvwb xat24cr xgzva0m xxymvpz xlup9mm x1kky2od\"><img loading=\"lazy\" decoding=\"async\" src=\"https:\/\/static.xx.fbcdn.net\/images\/emoji.php\/v9\/t72\/1\/16\/1f538.png\" alt=\"&#x1f538;\" width=\"16\" height=\"16\" \/><\/span>Damien : \u00ab\u00a0Entre 2006 et 2010, j&rsquo;assistais r\u00e9guli\u00e8rement, depuis les studios, \u00e0 l&rsquo;\u00e9mission METAL FORCE, \u00e9mission culte qui a dur\u00e9 20 ans. Le cr\u00e9neau \u00e9tait le m\u00eame, et le style de diffusion aussi. Petit \u00e0 petit, j&rsquo;ai eu un r\u00f4le dans le d\u00e9roulement&#8230; Fin 2009, Olivier m&rsquo;a annonc\u00e9 son souhait de retraite radiophonique, et m&rsquo;a demand\u00e9 de prendre la rel\u00e8ve. J&rsquo;ai imm\u00e9diatement accept\u00e9, et il \u00e9tait \u00e9vident que j&rsquo;allais faire cela avec mon fr\u00e8re, on partage la m\u00eame passion pour cette musique. Nous avons men\u00e9 notre truc tout seul pendant 10 ans, et Thibault, un ami proche, nous a demand\u00e9 si il \u00e9tait possible qu&rsquo;il nous rejoigne, avec de chouettes propositions, pour cr\u00e9er un dynamisme diff\u00e9rent. Sylvain g\u00e8re toute la partie technique et pr\u00e9-prod de chaque \u00e9mission. Je suis l&rsquo;animateur principal, et Thibault intervient ponctuellement, pour pr\u00e9senter des artistes de mani\u00e8re plus d\u00e9taill\u00e9e, 2 \u00e0 3 fois par \u00e9mission (et puis de mani\u00e8re al\u00e9atoire, pour discuter, sur certains artistes, selon l&rsquo;inspiration).\u00a0\u00bb<\/p>\n<p dir=\"auto\"><span class=\"x3nfvp2 x1j61x8r x1fcty0u xdj266r xhhsvwb xat24cr xgzva0m xxymvpz xlup9mm x1kky2od\"><img loading=\"lazy\" decoding=\"async\" src=\"https:\/\/static.xx.fbcdn.net\/images\/emoji.php\/v9\/t72\/1\/16\/1f538.png\" alt=\"&#x1f538;\" width=\"16\" height=\"16\" \/><\/span>Liens<\/p>\n<div dir=\"auto\"><\/div>\n<div class=\"x11i5rnm xat24cr x1mh8g0r x1vvkbs xtlvy1s x126k92a\">\n<p dir=\"auto\">Facebook : <a class=\"x1i10hfl xjbqb8w x6umtig x1b1mbwd xaqea5y xav7gou x9f619 x1ypdohk xt0psk2 xe8uvvx xdj266r x11i5rnm xat24cr x1mh8g0r xexx8yu x4uap5 x18d9i69 xkhd6sd x16tdsg8 x1hl2dhg xggy1nq x1a2a7pz xt0b8zv x1qq9wsj xo1l8bm\" tabindex=\"0\" role=\"link\" href=\"https:\/\/www.facebook.com\/hellbanger.radioshow?__cft__[0]=AZX5B_L_a8Q6dy0wuHkOPjI45uJzE0yHAyRLSf2n9gV3EpssTTLXUgLrECGCWmUTet09oQiwZLOLjV_l1y1k11ObT8dudaKfazqT2uLCPHb3rWgOWwJ1HjHFpB_MGtsUugI&amp;__tn__=-]K-R\"><span class=\"xt0psk2\">facebook.com\/hellbanger.radioshow\/<\/span><\/a><\/p>\n<p dir=\"auto\">Instagram : <a class=\"x1i10hfl xjbqb8w x6umtig x1b1mbwd xaqea5y xav7gou x9f619 x1ypdohk xt0psk2 xe8uvvx xdj266r x11i5rnm xat24cr x1mh8g0r xexx8yu x4uap5 x18d9i69 xkhd6sd x16tdsg8 x1hl2dhg xggy1nq x1a2a7pz xt0b8zv x1fey0fg\" tabindex=\"0\" role=\"link\" href=\"https:\/\/instagram.com\/hellbangerradioshow\/?fbclid=IwAR1lvOiJrlVXab2QG91-0gTGF58xqr0CnQvEEnBK45NfHhCrX3zyRgv6ra4\" target=\"_blank\" rel=\"nofollow noopener noreferrer\">instagram.com\/hellbangerradioshow\/<\/a><\/p>\n<p dir=\"auto\">Site\/Podcasts :<\/p>\n<p dir=\"auto\"><a class=\"x1i10hfl xjbqb8w x6umtig x1b1mbwd xaqea5y xav7gou x9f619 x1ypdohk xt0psk2 xe8uvvx xdj266r x11i5rnm xat24cr x1mh8g0r xexx8yu x4uap5 x18d9i69 xkhd6sd x16tdsg8 x1hl2dhg xggy1nq x1a2a7pz xt0b8zv x1fey0fg\" tabindex=\"0\" role=\"link\" href=\"http:\/\/hellbangerradioshow.over-blog.com\/?fbclid=IwAR3fxZ-_ov3IUh0Svl4KKO2WRxtdEBTTC0Li0AZLcPMQLaagk23M3D9B7ac\" target=\"_blank\" rel=\"nofollow noopener noreferrer\">http:\/\/hellbangerradioshow.over-blog.com\/<\/a><\/p>\n<p dir=\"auto\"><a href=\"https:\/\/podcast-radiobeton.com\/hellbanger-radio-show\">https:\/\/podcast-radiobeton.com\/hellbanger-radio-show<\/a><\/p>\n<\/div>\n<\/div>\n<\/div>\n<\/div>\n<div id=\"panel-110432-0-0-2\" class=\"so-panel widget widget_sow-image panel-last-child\" data-index=\"2\" data-style=\"{&quot;background_image_attachment&quot;:false,&quot;background_display&quot;:&quot;tile&quot;}\"><div\n\t\t\t\n\t\t\tclass=\"so-widget-sow-image so-widget-sow-image-default-c67d20f9f743\"\n\t\t\t\n\t\t>\n<div class=\"sow-image-container\">\n\t\t<img \n\tsrc=\"https:\/\/www.radiobeton.com\/www\/wp-content\/uploads\/2018\/10\/hellbanger-radio-show-200x300.jpg\" width=\"200\" height=\"300\" srcset=\"https:\/\/www.radiobeton.com\/www\/wp-content\/uploads\/2018\/10\/hellbanger-radio-show-200x300.jpg 200w, https:\/\/www.radiobeton.com\/www\/wp-content\/uploads\/2018\/10\/hellbanger-radio-show.jpg 400w\" sizes=\"(max-width: 200px) 85vw, 200px\" alt=\"\" \t\tclass=\"so-widget-image\"\/>\n\t<\/div>\n\n<\/div><\/div>\n<\/div>\n<\/div>\n<\/div>\n","protected":false},"excerpt":{"rendered":"<p>Emission de 2h sur les nouveaut\u00e9s en sorties d&rsquo;albums et EP sur la sc\u00e8ne mondiale en terme de Metal (\u00e0 peu pr\u00e8s toutes les \u00ab\u00a0\u00e9tiquettes\u00a0\u00bb : Heavy Metal, Black, Death, HxC, Grind, Power, Stoner, Sludge, Doom, etc&#8230;) Diffusion d&rsquo;au minimum 30% de groupes fran\u00e7ais, chaque semaine. Tous les dimanches &#8211; 21h-23h Animateurs : Damien, Sylvain &hellip; <a href=\"https:\/\/www.radiobeton.com\/www\/la-radio\/hellbanger-radio-show\/\" class=\"more-link\">Continuer la lecture<span class=\"screen-reader-text\"> de &laquo;&nbsp;HELLBANGER RADIO SHOW&nbsp;&raquo;<\/span><\/a><\/p>\n","protected":false},"author":28,"featured_media":0,"parent":21603,"menu_order":0,"comment_status":"closed","ping_status":"closed","template":"","meta":{"footnotes":""},"class_list":["post-110432","page","type-page","status-publish","hentry"],"_links":{"self":[{"href":"https:\/\/www.radiobeton.com\/www\/wp-json\/wp\/v2\/pages\/110432","targetHints":{"allow":["GET"]}}],"collection":[{"href":"https:\/\/www.radiobeton.com\/www\/wp-json\/wp\/v2\/pages"}],"about":[{"href":"https:\/\/www.radiobeton.com\/www\/wp-json\/wp\/v2\/types\/page"}],"author":[{"embeddable":true,"href":"https:\/\/www.radiobeton.com\/www\/wp-json\/wp\/v2\/users\/28"}],"replies":[{"embeddable":true,"href":"https:\/\/www.radiobeton.com\/www\/wp-json\/wp\/v2\/comments?post=110432"}],"version-history":[{"count":17,"href":"https:\/\/www.radiobeton.com\/www\/wp-json\/wp\/v2\/pages\/110432\/revisions"}],"predecessor-version":[{"id":116254,"href":"https:\/\/www.radiobeton.com\/www\/wp-json\/wp\/v2\/pages\/110432\/revisions\/116254"}],"up":[{"embeddable":true,"href":"https:\/\/www.radiobeton.com\/www\/wp-json\/wp\/v2\/pages\/21603"}],"wp:attachment":[{"href":"https:\/\/www.radiobeton.com\/www\/wp-json\/wp\/v2\/media?parent=110432"}],"curies":[{"name":"wp","href":"https:\/\/api.w.org\/{rel}","templated":true}]}}