{"id":110475,"date":"2022-10-23T22:14:38","date_gmt":"2022-10-23T20:14:38","guid":{"rendered":"https:\/\/www.radiobeton.com\/www\/?page_id=110475"},"modified":"2023-05-25T00:17:33","modified_gmt":"2023-05-24T22:17:33","slug":"le-big-bamboo","status":"publish","type":"page","link":"https:\/\/www.radiobeton.com\/www\/la-radio\/le-big-bamboo\/","title":{"rendered":"LE BIG BAMBOO"},"content":{"rendered":"<p><img loading=\"lazy\" decoding=\"async\" class=\"size-medium wp-image-72060 aligncenter\" src=\"https:\/\/www.radiobeton.com\/www\/wp-content\/uploads\/2018\/10\/big-bamboo-300x300.jpg\" alt=\"\" width=\"300\" height=\"300\" srcset=\"https:\/\/www.radiobeton.com\/www\/wp-content\/uploads\/2018\/10\/big-bamboo-300x300.jpg 300w, https:\/\/www.radiobeton.com\/www\/wp-content\/uploads\/2018\/10\/big-bamboo-150x150.jpg 150w, https:\/\/www.radiobeton.com\/www\/wp-content\/uploads\/2018\/10\/big-bamboo.jpg 561w\" sizes=\"auto, (max-width: 300px) 85vw, 300px\" \/><\/p>\n<div class=\"x11i5rnm xat24cr x1mh8g0r x1vvkbs xtlvy1s x126k92a\">\n<div dir=\"auto\"><span class=\"x3nfvp2 x1j61x8r x1fcty0u xdj266r xhhsvwb xat24cr xgzva0m xxymvpz xlup9mm x1kky2od\"><img loading=\"lazy\" decoding=\"async\" src=\"https:\/\/static.xx.fbcdn.net\/images\/emoji.php\/v9\/t72\/1\/16\/1f538.png\" alt=\"&#xfe0f;\" width=\"16\" height=\"16\" \/><\/span>Un grand jeu radiologique et ludophonique<\/div>\n<div dir=\"auto\"><span class=\"x3nfvp2 x1j61x8r x1fcty0u xdj266r xhhsvwb xat24cr xgzva0m xxymvpz xlup9mm x1kky2od\"><img loading=\"lazy\" decoding=\"async\" src=\"https:\/\/static.xx.fbcdn.net\/images\/emoji.php\/v9\/t72\/1\/16\/1f538.png\" alt=\"&#xfe0f;\" width=\"16\" height=\"16\" \/><\/span>\u00c9mission mensuelle, en live le dernier mardi du mois de 20h \u00e0 22h<\/div>\n<div dir=\"auto\"><span class=\"x3nfvp2 x1j61x8r x1fcty0u xdj266r xhhsvwb xat24cr xgzva0m xxymvpz xlup9mm x1kky2od\"><img loading=\"lazy\" decoding=\"async\" src=\"https:\/\/static.xx.fbcdn.net\/images\/emoji.php\/v9\/t72\/1\/16\/1f538.png\" alt=\"&#xfe0f;\" width=\"16\" height=\"16\" \/><\/span>Animateurices : une belle \u00e9quipe de foufins !<\/div>\n<\/div>\n<div class=\"x11i5rnm xat24cr x1mh8g0r x1vvkbs xtlvy1s x126k92a\">\n<p dir=\"auto\"><span class=\"x3nfvp2 x1j61x8r x1fcty0u xdj266r xhhsvwb xat24cr xgzva0m xxymvpz xlup9mm x1kky2od\"><img loading=\"lazy\" decoding=\"async\" src=\"https:\/\/static.xx.fbcdn.net\/images\/emoji.php\/v9\/t72\/1\/16\/1f538.png\" alt=\"&#xfe0f;\" width=\"16\" height=\"16\" \/><\/span>L&rsquo;\u00e9mission de la vivialit\u00e9 !<\/p>\n<\/div>\n<div class=\"x11i5rnm xat24cr x1mh8g0r x1vvkbs xtlvy1s x126k92a\">\n<p dir=\"auto\"><span class=\"x3nfvp2 x1j61x8r x1fcty0u xdj266r xhhsvwb xat24cr xgzva0m xxymvpz xlup9mm x1kky2od\"><img loading=\"lazy\" decoding=\"async\" src=\"https:\/\/static.xx.fbcdn.net\/images\/emoji.php\/v9\/t72\/1\/16\/1f538.png\" alt=\"&#xfe0f;\" width=\"16\" height=\"16\" \/>Liens<\/span><\/p>\n<div dir=\"auto\">Instagram : <a class=\"x1i10hfl xjbqb8w x6umtig x1b1mbwd xaqea5y xav7gou x9f619 x1ypdohk xt0psk2 xe8uvvx xdj266r x11i5rnm xat24cr x1mh8g0r xexx8yu x4uap5 x18d9i69 xkhd6sd x16tdsg8 x1hl2dhg xggy1nq x1a2a7pz xt0b8zv x1fey0fg\" tabindex=\"0\" role=\"link\" href=\"https:\/\/www.instagram.com\/lebigbamboo\/\" target=\"_blank\" rel=\"nofollow noopener noreferrer\">@lebigbamboo<\/a><\/div>\n<div dir=\"auto\">Facebook :\u00a0<a href=\"https:\/\/www.facebook.com\/lebigbamboo\/\">https:\/\/www.facebook.com\/lebigbamboo\/<\/a><\/div>\n<div dir=\"auto\">Twitter : <a class=\"x1i10hfl xjbqb8w x6umtig x1b1mbwd xaqea5y xav7gou x9f619 x1ypdohk xt0psk2 xe8uvvx xdj266r x11i5rnm xat24cr x1mh8g0r xexx8yu x4uap5 x18d9i69 xkhd6sd x16tdsg8 x1hl2dhg xggy1nq x1a2a7pz xt0b8zv x1fey0fg\" tabindex=\"0\" role=\"link\" href=\"https:\/\/twitter.com\/lebigbamboo?fbclid=IwAR1fs4IW515ejkpWG8dMiCiMSfmWlCYVMvUXIt6DNkr_qEr-KwBf5NFlB8M\" target=\"_blank\" rel=\"nofollow noopener noreferrer\">twitter.com\/lebigbamboo<\/a><\/div>\n<div dir=\"auto\">Podcasts : <a class=\"x1i10hfl xjbqb8w x6umtig x1b1mbwd xaqea5y xav7gou x9f619 x1ypdohk xt0psk2 xe8uvvx xdj266r x11i5rnm xat24cr x1mh8g0r xexx8yu x4uap5 x18d9i69 xkhd6sd x16tdsg8 x1hl2dhg xggy1nq x1a2a7pz xt0b8zv x1fey0fg\" tabindex=\"0\" role=\"link\" href=\"http:\/\/mixcloud.com\/lebigbamboo?fbclid=IwAR1Eow1jq5_LILXS6BNtHfwCFclZdp91DTCWknbHhx0BHOECMRmFzat91K4\" target=\"_blank\" rel=\"nofollow noopener noreferrer\">mixcloud.com\/lebigbamboo<\/a><\/div>\n<div dir=\"auto\"><a href=\"https:\/\/podcast-radiobeton.com\/le-big-bamboo\">https:\/\/podcast-radiobeton.com\/le-big-bamboo<\/a><\/div>\n<div dir=\"auto\">Mail : lebigbamboo@gmail.com<\/div>\n<\/div>\n","protected":false},"excerpt":{"rendered":"<p>Un grand jeu radiologique et ludophonique \u00c9mission mensuelle, en live le dernier mardi du mois de 20h \u00e0 22h Animateurices : une belle \u00e9quipe de foufins ! L&rsquo;\u00e9mission de la vivialit\u00e9 ! Liens Instagram : @lebigbamboo Facebook :\u00a0https:\/\/www.facebook.com\/lebigbamboo\/ Twitter : twitter.com\/lebigbamboo Podcasts : mixcloud.com\/lebigbamboo https:\/\/podcast-radiobeton.com\/le-big-bamboo Mail : lebigbamboo@gmail.com<\/p>\n","protected":false},"author":28,"featured_media":0,"parent":21603,"menu_order":0,"comment_status":"closed","ping_status":"closed","template":"","meta":{"footnotes":""},"class_list":["post-110475","page","type-page","status-publish","hentry"],"_links":{"self":[{"href":"https:\/\/www.radiobeton.com\/www\/wp-json\/wp\/v2\/pages\/110475","targetHints":{"allow":["GET"]}}],"collection":[{"href":"https:\/\/www.radiobeton.com\/www\/wp-json\/wp\/v2\/pages"}],"about":[{"href":"https:\/\/www.radiobeton.com\/www\/wp-json\/wp\/v2\/types\/page"}],"author":[{"embeddable":true,"href":"https:\/\/www.radiobeton.com\/www\/wp-json\/wp\/v2\/users\/28"}],"replies":[{"embeddable":true,"href":"https:\/\/www.radiobeton.com\/www\/wp-json\/wp\/v2\/comments?post=110475"}],"version-history":[{"count":2,"href":"https:\/\/www.radiobeton.com\/www\/wp-json\/wp\/v2\/pages\/110475\/revisions"}],"predecessor-version":[{"id":116257,"href":"https:\/\/www.radiobeton.com\/www\/wp-json\/wp\/v2\/pages\/110475\/revisions\/116257"}],"up":[{"embeddable":true,"href":"https:\/\/www.radiobeton.com\/www\/wp-json\/wp\/v2\/pages\/21603"}],"wp:attachment":[{"href":"https:\/\/www.radiobeton.com\/www\/wp-json\/wp\/v2\/media?parent=110475"}],"curies":[{"name":"wp","href":"https:\/\/api.w.org\/{rel}","templated":true}]}}