{"id":110478,"date":"2022-10-23T22:25:11","date_gmt":"2022-10-23T20:25:11","guid":{"rendered":"https:\/\/www.radiobeton.com\/www\/?page_id=110478"},"modified":"2023-06-12T19:56:59","modified_gmt":"2023-06-12T17:56:59","slug":"le-cameleon","status":"publish","type":"page","link":"https:\/\/www.radiobeton.com\/www\/la-radio\/le-cameleon\/","title":{"rendered":"LE CAMELEON"},"content":{"rendered":"<p><img loading=\"lazy\" decoding=\"async\" class=\" wp-image-72227 aligncenter\" src=\"https:\/\/www.radiobeton.com\/www\/wp-content\/uploads\/2018\/10\/cam\u00e9l\u00e9on-300x300.jpg\" alt=\"\" width=\"192\" height=\"192\" srcset=\"https:\/\/www.radiobeton.com\/www\/wp-content\/uploads\/2018\/10\/cam\u00e9l\u00e9on-300x300.jpg 300w, https:\/\/www.radiobeton.com\/www\/wp-content\/uploads\/2018\/10\/cam\u00e9l\u00e9on-150x150.jpg 150w, https:\/\/www.radiobeton.com\/www\/wp-content\/uploads\/2018\/10\/cam\u00e9l\u00e9on-768x768.jpg 768w, https:\/\/www.radiobeton.com\/www\/wp-content\/uploads\/2018\/10\/cam\u00e9l\u00e9on.jpg 960w\" sizes=\"auto, (max-width: 192px) 85vw, 192px\" \/><\/p>\n<div class=\"xdj266r x11i5rnm xat24cr x1mh8g0r x1vvkbs x126k92a\">\n<div dir=\"auto\"><span class=\"x3nfvp2 x1j61x8r x1fcty0u xdj266r xhhsvwb xat24cr xgzva0m xxymvpz xlup9mm x1kky2od\"><img loading=\"lazy\" decoding=\"async\" src=\"https:\/\/static.xx.fbcdn.net\/images\/emoji.php\/v9\/t72\/1\/16\/1f538.png\" alt=\"&#x1f538;&#xfe0f;\" width=\"16\" height=\"16\" \/><\/span>Sp\u00e9ciale Indie Rock sur des th\u00e9matiques qui changent toutes les semaines.<\/div>\n<div dir=\"auto\"><span class=\"x3nfvp2 x1j61x8r x1fcty0u xdj266r xhhsvwb xat24cr xgzva0m xxymvpz xlup9mm x1kky2od\"><img loading=\"lazy\" decoding=\"async\" src=\"https:\/\/static.xx.fbcdn.net\/images\/emoji.php\/v9\/t72\/1\/16\/1f538.png\" alt=\"&#x1f538;&#xfe0f;\" width=\"16\" height=\"16\" \/><\/span>Tous les lundis \u00e0 20h en direct.<\/div>\n<div dir=\"auto\"><span class=\"x3nfvp2 x1j61x8r x1fcty0u xdj266r xhhsvwb xat24cr xgzva0m xxymvpz xlup9mm x1kky2od\"><img loading=\"lazy\" decoding=\"async\" src=\"https:\/\/static.xx.fbcdn.net\/images\/emoji.php\/v9\/t72\/1\/16\/1f538.png\" alt=\"&#x1f538;&#xfe0f;\" width=\"16\" height=\"16\" \/><\/span>Animateurices : Bertrand, Anthony et Laure.<\/div>\n<p dir=\"auto\">\n<div dir=\"auto\"><span class=\"x3nfvp2 x1j61x8r x1fcty0u xdj266r xhhsvwb xat24cr xgzva0m xxymvpz xlup9mm x1kky2od\"><img loading=\"lazy\" decoding=\"async\" src=\"https:\/\/static.xx.fbcdn.net\/images\/emoji.php\/v9\/t72\/1\/16\/1f538.png\" alt=\"&#x1f538;&#xfe0f;\" width=\"16\" height=\"16\" \/><\/span>L&rsquo;\u00e9mission a pris la suite d&rsquo;un autre Cam\u00e9l\u00e9ons en 2000 sur le m\u00eame horaire.<\/div>\n<p dir=\"auto\">\n<\/div>\n<div class=\"x11i5rnm xat24cr x1mh8g0r x1vvkbs xtlvy1s x126k92a\">\n<p dir=\"auto\"><span class=\"x3nfvp2 x1j61x8r x1fcty0u xdj266r xhhsvwb xat24cr xgzva0m xxymvpz xlup9mm x1kky2od\"><img loading=\"lazy\" decoding=\"async\" src=\"https:\/\/static.xx.fbcdn.net\/images\/emoji.php\/v9\/t72\/1\/16\/1f538.png\" alt=\"&#x1f538;&#xfe0f;\" width=\"16\" height=\"16\" \/><\/span>Liens<\/p>\n<div dir=\"auto\">Facebook :\u00a0<a href=\"https:\/\/www.facebook.com\/profile.php?id=100064035907213\">facebook.com\/Le-Cam\u00e9l\u00e9on-Radio-B\u00e9ton<\/a><\/div>\n<div dir=\"auto\">Site : cameleon936.blogspot.fr<\/div>\n<p dir=\"auto\">Podcasts : <a href=\"https:\/\/podcast-radiobeton.com\/le-cameleon-old\">https:\/\/podcast-radiobeton.com\/le-cameleon-old<\/a><\/p>\n<p dir=\"auto\">+ dispos sur les principales plateformes.<\/p>\n<p dir=\"auto\"><img loading=\"lazy\" decoding=\"async\" class=\"size-medium wp-image-110479 aligncenter\" src=\"https:\/\/www.radiobeton.com\/www\/wp-content\/uploads\/2022\/10\/logo_cameleon-300x300.jpg\" alt=\"\" width=\"300\" height=\"300\" srcset=\"https:\/\/www.radiobeton.com\/www\/wp-content\/uploads\/2022\/10\/logo_cameleon-300x300.jpg 300w, https:\/\/www.radiobeton.com\/www\/wp-content\/uploads\/2022\/10\/logo_cameleon-1024x1024.jpg 1024w, https:\/\/www.radiobeton.com\/www\/wp-content\/uploads\/2022\/10\/logo_cameleon-150x150.jpg 150w, https:\/\/www.radiobeton.com\/www\/wp-content\/uploads\/2022\/10\/logo_cameleon-768x768.jpg 768w, https:\/\/www.radiobeton.com\/www\/wp-content\/uploads\/2022\/10\/logo_cameleon-1200x1200.jpg 1200w, https:\/\/www.radiobeton.com\/www\/wp-content\/uploads\/2022\/10\/logo_cameleon.jpg 1440w\" sizes=\"auto, (max-width: 300px) 85vw, 300px\" \/><\/p>\n<\/div>\n","protected":false},"excerpt":{"rendered":"<p>Sp\u00e9ciale Indie Rock sur des th\u00e9matiques qui changent toutes les semaines. Tous les lundis \u00e0 20h en direct. Animateurices : Bertrand, Anthony et Laure. L&rsquo;\u00e9mission a pris la suite d&rsquo;un autre Cam\u00e9l\u00e9ons en 2000 sur le m\u00eame horaire. Liens Facebook :\u00a0facebook.com\/Le-Cam\u00e9l\u00e9on-Radio-B\u00e9ton Site : cameleon936.blogspot.fr Podcasts : https:\/\/podcast-radiobeton.com\/le-cameleon-old + dispos sur les principales plateformes.<\/p>\n","protected":false},"author":28,"featured_media":0,"parent":21603,"menu_order":0,"comment_status":"closed","ping_status":"closed","template":"","meta":{"footnotes":""},"class_list":["post-110478","page","type-page","status-publish","hentry"],"_links":{"self":[{"href":"https:\/\/www.radiobeton.com\/www\/wp-json\/wp\/v2\/pages\/110478","targetHints":{"allow":["GET"]}}],"collection":[{"href":"https:\/\/www.radiobeton.com\/www\/wp-json\/wp\/v2\/pages"}],"about":[{"href":"https:\/\/www.radiobeton.com\/www\/wp-json\/wp\/v2\/types\/page"}],"author":[{"embeddable":true,"href":"https:\/\/www.radiobeton.com\/www\/wp-json\/wp\/v2\/users\/28"}],"replies":[{"embeddable":true,"href":"https:\/\/www.radiobeton.com\/www\/wp-json\/wp\/v2\/comments?post=110478"}],"version-history":[{"count":4,"href":"https:\/\/www.radiobeton.com\/www\/wp-json\/wp\/v2\/pages\/110478\/revisions"}],"predecessor-version":[{"id":116517,"href":"https:\/\/www.radiobeton.com\/www\/wp-json\/wp\/v2\/pages\/110478\/revisions\/116517"}],"up":[{"embeddable":true,"href":"https:\/\/www.radiobeton.com\/www\/wp-json\/wp\/v2\/pages\/21603"}],"wp:attachment":[{"href":"https:\/\/www.radiobeton.com\/www\/wp-json\/wp\/v2\/media?parent=110478"}],"curies":[{"name":"wp","href":"https:\/\/api.w.org\/{rel}","templated":true}]}}