{"id":110484,"date":"2022-10-23T22:37:36","date_gmt":"2022-10-23T20:37:36","guid":{"rendered":"https:\/\/www.radiobeton.com\/www\/?page_id=110484"},"modified":"2022-10-30T23:46:40","modified_gmt":"2022-10-30T22:46:40","slug":"le-dictaphone","status":"publish","type":"page","link":"https:\/\/www.radiobeton.com\/www\/la-radio\/le-dictaphone\/","title":{"rendered":"LE DICTAPHONE"},"content":{"rendered":"<p><img loading=\"lazy\" decoding=\"async\" class=\" wp-image-70958 alignleft\" src=\"https:\/\/www.radiobeton.com\/www\/wp-content\/uploads\/2018\/10\/220px-EdisonDictaphone.jpg\" alt=\"\" width=\"195\" height=\"162\" \/> <img loading=\"lazy\" decoding=\"async\" class=\"wp-image-88582 alignnone\" src=\"https:\/\/www.radiobeton.com\/www\/wp-content\/uploads\/2020\/04\/dictaphone-300x261.jpg\" alt=\"\" width=\"197\" height=\"171\" srcset=\"https:\/\/www.radiobeton.com\/www\/wp-content\/uploads\/2020\/04\/dictaphone-300x261.jpg 300w, https:\/\/www.radiobeton.com\/www\/wp-content\/uploads\/2020\/04\/dictaphone.jpg 447w\" sizes=\"auto, (max-width: 197px) 85vw, 197px\" \/>\u00a0 \u00a0 \u00a0 \u00a0 \u00a0 <img loading=\"lazy\" decoding=\"async\" class=\"wp-image-110485 alignnone\" src=\"https:\/\/www.radiobeton.com\/www\/wp-content\/uploads\/2022\/10\/le-dictaphone-300x300.jpg\" alt=\"\" width=\"170\" height=\"170\" srcset=\"https:\/\/www.radiobeton.com\/www\/wp-content\/uploads\/2022\/10\/le-dictaphone-300x300.jpg 300w, https:\/\/www.radiobeton.com\/www\/wp-content\/uploads\/2022\/10\/le-dictaphone-150x150.jpg 150w, https:\/\/www.radiobeton.com\/www\/wp-content\/uploads\/2022\/10\/le-dictaphone.jpg 526w\" sizes=\"auto, (max-width: 170px) 85vw, 170px\" \/><\/p>\n<p>&nbsp;<\/p>\n<p>&#x1f538;R\u00e9ponse musicale aux questions absurdes de la vie quotidienne.<br \/>\n&#x1f538;le vendredi de 11h \u00e0 12h<br \/>\n&#x1f538;Animateur : Dj cartable<\/p>\n<p>&#x1f538; \u00ab\u00a0Qu\u2019aurait pens\u00e9 Freud de Justin Bieber ? Que font les naturistes de leur t\u00e9l\u00e9phone portable ? Les gagnants pensent-ils vraiment que l\u2019important c\u2019est de participer ? Les analphab\u00e8tes prennent-ils du plaisir \u00e0 manger les nouilles en forme de lettre ? Y aura-t-il bient\u00f4t plus de salles de sport que de bistrots ?<br \/>\nToutes ces questions que tu te poses -m\u00eame si tu ne le sais pas encore- le Dictaphone t&rsquo;aide \u00e0 y r\u00e9pondre en musique puisque tous les artistes qui jouent de la musique \u00e0 l&rsquo;int\u00e9rieur de l&rsquo;oeuvre radiophonique ont un lien avec le th\u00e8me de la semaine.<br \/>\nQuand j&rsquo;y pense en fait, le Dictaphone c&rsquo;est la solution \u00e0 tous tes probl\u00e8mes : retour de l&rsquo;\u00eatre aim\u00e9, fortune, fertilit\u00e9, allongement du p\u00e9nis, taille r\u00e9el du terrain de foot dans Olive et Tom.<br \/>\nEmission pr\u00e9sent\u00e9e par un dictaphone Pearlcorder S992 microcassette recorder de chez Olympus et dj Cartable, un faux dj qui sait pas mixer mais avec de vrais morceaux de musique dedans.<br \/>\nEn hebdo sur Beaub Fm 89 [Limoges], Radio B\u00e9ton 93.6 [Tours] &amp; C\u2019Rock Radio [Lyon].<br \/>\nEt n&rsquo;oubliez-pas, on est tous victimes ou coupables, mais les vrais bat\u00e2rds courent toujours.\u00a0\u00bb<\/p>\n<p>&#x1f538;Lien<br \/>\nSite : <a href=\"https:\/\/lnkfi.re\/dictaphone\">https:\/\/lnkfi.re\/dictaphone<\/a><\/p>\n<p>&nbsp;<\/p>\n","protected":false},"excerpt":{"rendered":"<p>\u00a0 \u00a0 \u00a0 \u00a0 \u00a0 &nbsp; &#x1f538;R\u00e9ponse musicale aux questions absurdes de la vie quotidienne. &#x1f538;le vendredi de 11h \u00e0 12h &#x1f538;Animateur : Dj cartable &#x1f538; \u00ab\u00a0Qu\u2019aurait pens\u00e9 Freud de Justin Bieber ? Que font les naturistes de leur t\u00e9l\u00e9phone portable ? Les gagnants pensent-ils vraiment que l\u2019important c\u2019est de participer ? Les analphab\u00e8tes prennent-ils &hellip; <a href=\"https:\/\/www.radiobeton.com\/www\/la-radio\/le-dictaphone\/\" class=\"more-link\">Continuer la lecture<span class=\"screen-reader-text\"> de &laquo;&nbsp;LE DICTAPHONE&nbsp;&raquo;<\/span><\/a><\/p>\n","protected":false},"author":28,"featured_media":0,"parent":21603,"menu_order":0,"comment_status":"closed","ping_status":"closed","template":"","meta":{"footnotes":""},"class_list":["post-110484","page","type-page","status-publish","hentry"],"_links":{"self":[{"href":"https:\/\/www.radiobeton.com\/www\/wp-json\/wp\/v2\/pages\/110484","targetHints":{"allow":["GET"]}}],"collection":[{"href":"https:\/\/www.radiobeton.com\/www\/wp-json\/wp\/v2\/pages"}],"about":[{"href":"https:\/\/www.radiobeton.com\/www\/wp-json\/wp\/v2\/types\/page"}],"author":[{"embeddable":true,"href":"https:\/\/www.radiobeton.com\/www\/wp-json\/wp\/v2\/users\/28"}],"replies":[{"embeddable":true,"href":"https:\/\/www.radiobeton.com\/www\/wp-json\/wp\/v2\/comments?post=110484"}],"version-history":[{"count":5,"href":"https:\/\/www.radiobeton.com\/www\/wp-json\/wp\/v2\/pages\/110484\/revisions"}],"predecessor-version":[{"id":110490,"href":"https:\/\/www.radiobeton.com\/www\/wp-json\/wp\/v2\/pages\/110484\/revisions\/110490"}],"up":[{"embeddable":true,"href":"https:\/\/www.radiobeton.com\/www\/wp-json\/wp\/v2\/pages\/21603"}],"wp:attachment":[{"href":"https:\/\/www.radiobeton.com\/www\/wp-json\/wp\/v2\/media?parent=110484"}],"curies":[{"name":"wp","href":"https:\/\/api.w.org\/{rel}","templated":true}]}}