{"id":110492,"date":"2022-10-23T22:48:15","date_gmt":"2022-10-23T20:48:15","guid":{"rendered":"https:\/\/www.radiobeton.com\/www\/?page_id=110492"},"modified":"2023-06-12T20:00:15","modified_gmt":"2023-06-12T18:00:15","slug":"le-french-corner","status":"publish","type":"page","link":"https:\/\/www.radiobeton.com\/www\/la-radio\/le-french-corner\/","title":{"rendered":"LE FRENCH CORNER"},"content":{"rendered":"<p>\u00a0<\/p>\n<p><img loading=\"lazy\" decoding=\"async\" class=\" wp-image-110493 aligncenter\" src=\"https:\/\/www.radiobeton.com\/www\/wp-content\/uploads\/2022\/10\/Le-French-Corner-300x300.png\" alt=\"\" width=\"271\" height=\"271\" srcset=\"https:\/\/www.radiobeton.com\/www\/wp-content\/uploads\/2022\/10\/Le-French-Corner-300x300.png 300w, https:\/\/www.radiobeton.com\/www\/wp-content\/uploads\/2022\/10\/Le-French-Corner-1024x1024.png 1024w, https:\/\/www.radiobeton.com\/www\/wp-content\/uploads\/2022\/10\/Le-French-Corner-150x150.png 150w, https:\/\/www.radiobeton.com\/www\/wp-content\/uploads\/2022\/10\/Le-French-Corner-768x768.png 768w, https:\/\/www.radiobeton.com\/www\/wp-content\/uploads\/2022\/10\/Le-French-Corner.png 1080w\" sizes=\"auto, (max-width: 271px) 85vw, 271px\" \/><\/p>\n<div class=\"x11i5rnm xat24cr x1mh8g0r x1vvkbs xtlvy1s x126k92a\">\n<div dir=\"auto\"><span class=\"x3nfvp2 x1j61x8r x1fcty0u xdj266r xhhsvwb xat24cr xgzva0m xxymvpz xlup9mm x1kky2od\"><img loading=\"lazy\" decoding=\"async\" src=\"https:\/\/static.xx.fbcdn.net\/images\/emoji.php\/v9\/t72\/1\/16\/1f538.png\" alt=\"&#x1f538;&#xfe0f;\" width=\"16\" height=\"16\" \/><\/span>\u00c9mission musicale sur les artistes fran\u00e7ais\u2022es et francophones tous styles confondus.<\/div>\n<div dir=\"auto\"><span class=\"x3nfvp2 x1j61x8r x1fcty0u xdj266r xhhsvwb xat24cr xgzva0m xxymvpz xlup9mm x1kky2od\"><img loading=\"lazy\" decoding=\"async\" src=\"https:\/\/static.xx.fbcdn.net\/images\/emoji.php\/v9\/t72\/1\/16\/1f538.png\" alt=\"&#x1f538;&#xfe0f;\" width=\"16\" height=\"16\" \/><\/span>En direct un mercredi sur 2 de 20h \u00e0 21h, rediffus\u00e9e la semaine suivante<\/div>\n<p dir=\"auto\"><span class=\"x3nfvp2 x1j61x8r x1fcty0u xdj266r xhhsvwb xat24cr xgzva0m xxymvpz xlup9mm x1kky2od\"><img loading=\"lazy\" decoding=\"async\" src=\"https:\/\/static.xx.fbcdn.net\/images\/emoji.php\/v9\/t72\/1\/16\/1f538.png\" alt=\"&#x1f538;&#xfe0f;\" width=\"16\" height=\"16\" \/><\/span>Animatrices : Ad\u00e8le et Ga\u00eblle<\/p>\n<div dir=\"auto\"><span class=\"x3nfvp2 x1j61x8r x1fcty0u xdj266r xhhsvwb xat24cr xgzva0m xxymvpz xlup9mm x1kky2od\"><img loading=\"lazy\" decoding=\"async\" src=\"https:\/\/static.xx.fbcdn.net\/images\/emoji.php\/v9\/t72\/1\/16\/1f538.png\" alt=\"&#x1f538;&#xfe0f;\" width=\"16\" height=\"16\" \/><\/span>L\u2019\u00e9mission est n\u00e9e en 2003 et s\u2019appelait \u00ab Tu connais la chanson \u00bb. Elle avait pour th\u00e9matique les artistes fran\u00e7ais\u2022es et francophones qui chantent en fran\u00e7ais. Puis en 2014, l&rsquo;\u00e9mission devient \u00ab\u00a0le French Corner\u00a0\u00bb afin d&rsquo;\u00e9largir ses playlists aux artistes fran\u00e7ais\u2022es et francophones peu importe la langue dans laquelle iels chantent ! L&rsquo;\u00e9mission met \u00e0 l&rsquo;honneur la sc\u00e8ne fran\u00e7aise et francophone en vous faisant d\u00e9couvrir beaucoup de nouveaut\u00e9s et parfois red\u00e9couvrir de vieux classiques.<\/div>\n<p dir=\"auto\">\u00a0<\/p>\n<\/div>\n<div class=\"x11i5rnm xat24cr x1mh8g0r x1vvkbs xtlvy1s x126k92a\">\n<div dir=\"auto\"><span class=\"x3nfvp2 x1j61x8r x1fcty0u xdj266r xhhsvwb xat24cr xgzva0m xxymvpz xlup9mm x1kky2od\"><img loading=\"lazy\" decoding=\"async\" src=\"https:\/\/static.xx.fbcdn.net\/images\/emoji.php\/v9\/t72\/1\/16\/1f538.png\" alt=\"&#x1f538;&#xfe0f;\" width=\"16\" height=\"16\" \/><\/span>Liens\u00a0<\/div>\n<div dir=\"auto\">\u00a0<\/div>\n<div dir=\"auto\">Facebook : <a class=\"x1i10hfl xjbqb8w x6umtig x1b1mbwd xaqea5y xav7gou x9f619 x1ypdohk xt0psk2 xe8uvvx xdj266r x11i5rnm xat24cr x1mh8g0r xexx8yu x4uap5 x18d9i69 xkhd6sd x16tdsg8 x1hl2dhg xggy1nq x1a2a7pz xt0b8zv x1qq9wsj xo1l8bm\" tabindex=\"0\" role=\"link\" href=\"https:\/\/www.facebook.com\/Le.French.Corner.93.6?__cft__[0]=AZXanqldtkZClzByRkdFIuR13BHb67Nu7HLsuonqf0_vwgcy1yaqch1avVtbKkEIeWBNjTyMa1_mDS1rLg17LCPJK1b0l3DZuxNBMCFv0RfR-0mi_-0P3mYGOFmM3ncHlLU&amp;__tn__=-]K-R\"><span class=\"xt0psk2\">Le French Corner &#8211; Radio B\u00e9ton<\/span><\/a><\/div>\n<\/div>\n<div dir=\"auto\">\u00a0<\/div>\n<p dir=\"auto\">Podcasts :<\/p>\n<p dir=\"auto\"><a href=\"https:\/\/podcast-radiobeton.com\/le-french-corner\">https:\/\/podcast-radiobeton.com\/le-french-corner<\/a><\/p>\n\n\n<figure class=\"wp-block-embed is-type-rich is-provider-mixcloud wp-block-embed-mixcloud\"><div class=\"wp-block-embed__wrapper\">\n<iframe loading=\"lazy\" title=\"Lefrenchcorner\" width=\"200\" height=\"250\" src=\"https:\/\/www.mixcloud.com\/widget\/follow\/?u=https%3A%2F%2Fwww.mixcloud.com%2FFrenchCorner%2F\" frameborder=\"0\"><\/iframe>\n<\/div><\/figure>\n","protected":false},"excerpt":{"rendered":"<p>\u00a0 \u00c9mission musicale sur les artistes fran\u00e7ais\u2022es et francophones tous styles confondus. En direct un mercredi sur 2 de 20h \u00e0 21h, rediffus\u00e9e la semaine suivante Animatrices : Ad\u00e8le et Ga\u00eblle L\u2019\u00e9mission est n\u00e9e en 2003 et s\u2019appelait \u00ab Tu connais la chanson \u00bb. Elle avait pour th\u00e9matique les artistes fran\u00e7ais\u2022es et francophones qui chantent &hellip; <a href=\"https:\/\/www.radiobeton.com\/www\/la-radio\/le-french-corner\/\" class=\"more-link\">Continuer la lecture<span class=\"screen-reader-text\"> de &laquo;&nbsp;LE FRENCH CORNER&nbsp;&raquo;<\/span><\/a><\/p>\n","protected":false},"author":28,"featured_media":0,"parent":21603,"menu_order":0,"comment_status":"closed","ping_status":"closed","template":"","meta":{"footnotes":""},"class_list":["post-110492","page","type-page","status-publish","hentry"],"_links":{"self":[{"href":"https:\/\/www.radiobeton.com\/www\/wp-json\/wp\/v2\/pages\/110492","targetHints":{"allow":["GET"]}}],"collection":[{"href":"https:\/\/www.radiobeton.com\/www\/wp-json\/wp\/v2\/pages"}],"about":[{"href":"https:\/\/www.radiobeton.com\/www\/wp-json\/wp\/v2\/types\/page"}],"author":[{"embeddable":true,"href":"https:\/\/www.radiobeton.com\/www\/wp-json\/wp\/v2\/users\/28"}],"replies":[{"embeddable":true,"href":"https:\/\/www.radiobeton.com\/www\/wp-json\/wp\/v2\/comments?post=110492"}],"version-history":[{"count":5,"href":"https:\/\/www.radiobeton.com\/www\/wp-json\/wp\/v2\/pages\/110492\/revisions"}],"predecessor-version":[{"id":116519,"href":"https:\/\/www.radiobeton.com\/www\/wp-json\/wp\/v2\/pages\/110492\/revisions\/116519"}],"up":[{"embeddable":true,"href":"https:\/\/www.radiobeton.com\/www\/wp-json\/wp\/v2\/pages\/21603"}],"wp:attachment":[{"href":"https:\/\/www.radiobeton.com\/www\/wp-json\/wp\/v2\/media?parent=110492"}],"curies":[{"name":"wp","href":"https:\/\/api.w.org\/{rel}","templated":true}]}}