{"id":110516,"date":"2022-10-23T23:19:06","date_gmt":"2022-10-23T21:19:06","guid":{"rendered":"https:\/\/www.radiobeton.com\/www\/?page_id=110516"},"modified":"2023-06-12T20:11:43","modified_gmt":"2023-06-12T18:11:43","slug":"les-canons-de-navarone","status":"publish","type":"page","link":"https:\/\/www.radiobeton.com\/www\/la-radio\/les-canons-de-navarone\/","title":{"rendered":"LES CANONS DE NAVARONE"},"content":{"rendered":"<p><img loading=\"lazy\" decoding=\"async\" class=\" wp-image-110517 aligncenter\" src=\"https:\/\/www.radiobeton.com\/www\/wp-content\/uploads\/2022\/10\/Les-canons-de-navarone-300x212.jpg\" alt=\"\" width=\"510\" height=\"360\" srcset=\"https:\/\/www.radiobeton.com\/www\/wp-content\/uploads\/2022\/10\/Les-canons-de-navarone-300x212.jpg 300w, https:\/\/www.radiobeton.com\/www\/wp-content\/uploads\/2022\/10\/Les-canons-de-navarone-1024x724.jpg 1024w, https:\/\/www.radiobeton.com\/www\/wp-content\/uploads\/2022\/10\/Les-canons-de-navarone-768x543.jpg 768w, https:\/\/www.radiobeton.com\/www\/wp-content\/uploads\/2022\/10\/Les-canons-de-navarone.jpg 1083w\" sizes=\"auto, (max-width: 510px) 85vw, 510px\" \/><\/p>\n<div class=\"x11i5rnm xat24cr x1mh8g0r x1vvkbs xtlvy1s x126k92a\">\n<div dir=\"auto\"><span class=\"x3nfvp2 x1j61x8r x1fcty0u xdj266r xhhsvwb xat24cr xgzva0m xxymvpz xlup9mm x1kky2od\"><img loading=\"lazy\" decoding=\"async\" src=\"https:\/\/static.xx.fbcdn.net\/images\/emoji.php\/v9\/t72\/1\/16\/1f538.png\" alt=\"&#x1f538;\" width=\"16\" height=\"16\" \/><\/span>Le Ska dans tous ses \u00e9tats<\/div>\n<div dir=\"auto\"><span class=\"x3nfvp2 x1j61x8r x1fcty0u xdj266r xhhsvwb xat24cr xgzva0m xxymvpz xlup9mm x1kky2od\"><img loading=\"lazy\" decoding=\"async\" src=\"https:\/\/static.xx.fbcdn.net\/images\/emoji.php\/v9\/t72\/1\/16\/1f538.png\" alt=\"&#x1f538;\" width=\"16\" height=\"16\" \/><\/span>Le lundi, de 21h \u00e0 22h<\/div>\n<p dir=\"auto\"><span class=\"x3nfvp2 x1j61x8r x1fcty0u xdj266r xhhsvwb xat24cr xgzva0m xxymvpz xlup9mm x1kky2od\"><img loading=\"lazy\" decoding=\"async\" src=\"https:\/\/static.xx.fbcdn.net\/images\/emoji.php\/v9\/t72\/1\/16\/1f538.png\" alt=\"&#x1f538;\" width=\"16\" height=\"16\" \/><\/span>Animateur : Gro&rsquo;Toine<\/p>\n<\/div>\n<div class=\"x11i5rnm xat24cr x1mh8g0r x1vvkbs xtlvy1s x126k92a\">\n<p dir=\"auto\"><span class=\"x3nfvp2 x1j61x8r x1fcty0u xdj266r xhhsvwb xat24cr xgzva0m xxymvpz xlup9mm x1kky2od\"><img loading=\"lazy\" decoding=\"async\" src=\"https:\/\/static.xx.fbcdn.net\/images\/emoji.php\/v9\/t72\/1\/16\/1f538.png\" alt=\"&#x1f538;\" width=\"16\" height=\"16\" \/><\/span>C\u00e9dric a cr\u00e9\u00e9 cette \u00e9mission en 1997 quand le ska \u00e9tait peu ou pas pr\u00e9sent sur B\u00e9ton. Il \u00e9tait accompagn\u00e9 de Pierrot (chanteur de la Ruda Salska). Julien a succ\u00e9d\u00e9 \u00e0 C\u00e9dric au d\u00e9but des ann\u00e9es 2000. Puis, Gro\u2019Toine, Ti\u2019Toine et Nico se sont joints \u00e0 l\u2019aventure de cette \u00e9mission.<\/p>\n<\/div>\n<div class=\"x11i5rnm xat24cr x1mh8g0r x1vvkbs xtlvy1s x126k92a\">\n<p dir=\"auto\"><span class=\"x3nfvp2 x1j61x8r x1fcty0u xdj266r xhhsvwb xat24cr xgzva0m xxymvpz xlup9mm x1kky2od\"><img loading=\"lazy\" decoding=\"async\" src=\"https:\/\/static.xx.fbcdn.net\/images\/emoji.php\/v9\/t72\/1\/16\/1f538.png\" alt=\"&#x1f538;\" width=\"16\" height=\"16\" \/><\/span>Liens<\/p>\n<div dir=\"auto\">Facebook : <a class=\"x1i10hfl xjbqb8w x6umtig x1b1mbwd xaqea5y xav7gou x9f619 x1ypdohk xt0psk2 xe8uvvx xdj266r x11i5rnm xat24cr x1mh8g0r xexx8yu x4uap5 x18d9i69 xkhd6sd x16tdsg8 x1hl2dhg xggy1nq x1a2a7pz xt0b8zv x1qq9wsj xo1l8bm\" tabindex=\"0\" role=\"link\" href=\"https:\/\/www.facebook.com\/lescanonsdenavarone?__cft__[0]=AZW7cT_A82qvPrRq6l478DHeN2F7Znqyv41Ea0BLxjPzPPxmmfthxLl_XukoBr-Re34519jXQ9zPepsaT0Q9rfJ1S0ptgVGGqFHHe65iN4IBpPISAA_qQOBvir-AeE0Czh8&amp;__tn__=-]K-R\"><span class=\"xt0psk2\">facebook.com\/lescanonsdenavarone<\/span><\/a><\/div>\n<div dir=\"auto\">Podcasts : <a href=\"https:\/\/podcast-radiobeton.com\/les-canons-de-navarone\">https:\/\/podcast-radiobeton.com\/les-canons-de-navarone<\/a><\/div>\n<\/div>\n","protected":false},"excerpt":{"rendered":"<p>Le Ska dans tous ses \u00e9tats Le lundi, de 21h \u00e0 22h Animateur : Gro&rsquo;Toine C\u00e9dric a cr\u00e9\u00e9 cette \u00e9mission en 1997 quand le ska \u00e9tait peu ou pas pr\u00e9sent sur B\u00e9ton. Il \u00e9tait accompagn\u00e9 de Pierrot (chanteur de la Ruda Salska). Julien a succ\u00e9d\u00e9 \u00e0 C\u00e9dric au d\u00e9but des ann\u00e9es 2000. Puis, Gro\u2019Toine, Ti\u2019Toine &hellip; <a href=\"https:\/\/www.radiobeton.com\/www\/la-radio\/les-canons-de-navarone\/\" class=\"more-link\">Continuer la lecture<span class=\"screen-reader-text\"> de &laquo;&nbsp;LES CANONS DE NAVARONE&nbsp;&raquo;<\/span><\/a><\/p>\n","protected":false},"author":28,"featured_media":0,"parent":21603,"menu_order":0,"comment_status":"closed","ping_status":"closed","template":"","meta":{"footnotes":""},"class_list":["post-110516","page","type-page","status-publish","hentry"],"_links":{"self":[{"href":"https:\/\/www.radiobeton.com\/www\/wp-json\/wp\/v2\/pages\/110516","targetHints":{"allow":["GET"]}}],"collection":[{"href":"https:\/\/www.radiobeton.com\/www\/wp-json\/wp\/v2\/pages"}],"about":[{"href":"https:\/\/www.radiobeton.com\/www\/wp-json\/wp\/v2\/types\/page"}],"author":[{"embeddable":true,"href":"https:\/\/www.radiobeton.com\/www\/wp-json\/wp\/v2\/users\/28"}],"replies":[{"embeddable":true,"href":"https:\/\/www.radiobeton.com\/www\/wp-json\/wp\/v2\/comments?post=110516"}],"version-history":[{"count":4,"href":"https:\/\/www.radiobeton.com\/www\/wp-json\/wp\/v2\/pages\/110516\/revisions"}],"predecessor-version":[{"id":116525,"href":"https:\/\/www.radiobeton.com\/www\/wp-json\/wp\/v2\/pages\/110516\/revisions\/116525"}],"up":[{"embeddable":true,"href":"https:\/\/www.radiobeton.com\/www\/wp-json\/wp\/v2\/pages\/21603"}],"wp:attachment":[{"href":"https:\/\/www.radiobeton.com\/www\/wp-json\/wp\/v2\/media?parent=110516"}],"curies":[{"name":"wp","href":"https:\/\/api.w.org\/{rel}","templated":true}]}}