{"id":110522,"date":"2022-10-23T23:26:56","date_gmt":"2022-10-23T21:26:56","guid":{"rendered":"https:\/\/www.radiobeton.com\/www\/?page_id=110522"},"modified":"2023-02-28T12:34:36","modified_gmt":"2023-02-28T11:34:36","slug":"metamorphose-nocturne","status":"publish","type":"page","link":"https:\/\/www.radiobeton.com\/www\/la-radio\/metamorphose-nocturne\/","title":{"rendered":"METAMORPHOSE NOCTURNE"},"content":{"rendered":"<p><img loading=\"lazy\" decoding=\"async\" class=\"size-medium wp-image-110523 aligncenter\" src=\"https:\/\/www.radiobeton.com\/www\/wp-content\/uploads\/2022\/10\/METAMORPHOSE-NOCTURNE-300x300.jpg\" alt=\"\" width=\"300\" height=\"300\" srcset=\"https:\/\/www.radiobeton.com\/www\/wp-content\/uploads\/2022\/10\/METAMORPHOSE-NOCTURNE-300x300.jpg 300w, https:\/\/www.radiobeton.com\/www\/wp-content\/uploads\/2022\/10\/METAMORPHOSE-NOCTURNE-150x150.jpg 150w, https:\/\/www.radiobeton.com\/www\/wp-content\/uploads\/2022\/10\/METAMORPHOSE-NOCTURNE.jpg 526w\" sizes=\"auto, (max-width: 300px) 85vw, 300px\" \/><\/p>\n<div class=\"x11i5rnm xat24cr x1mh8g0r x1vvkbs xtlvy1s x126k92a\">\n<div dir=\"auto\"><span class=\"x3nfvp2 x1j61x8r x1fcty0u xdj266r xhhsvwb xat24cr xgzva0m xxymvpz xlup9mm x1kky2od\"><img loading=\"lazy\" decoding=\"async\" src=\"https:\/\/static.xx.fbcdn.net\/images\/emoji.php\/v9\/t72\/1\/16\/1f538.png\" alt=\"&#x1f538;\" width=\"16\" height=\"16\" \/><\/span>Interview d&rsquo;invit\u00e9.e.s et live. Arts, cultures et tout ce qui a trait \u00e0 la nuit.<\/div>\n<div dir=\"auto\"><span class=\"x3nfvp2 x1j61x8r x1fcty0u xdj266r xhhsvwb xat24cr xgzva0m xxymvpz xlup9mm x1kky2od\"><img loading=\"lazy\" decoding=\"async\" src=\"https:\/\/static.xx.fbcdn.net\/images\/emoji.php\/v9\/t72\/1\/16\/1f538.png\" alt=\"&#x1f538;\" width=\"16\" height=\"16\" \/><\/span>Le lundi de 22h30 \u00e0 00h en direct.<\/div>\n<p dir=\"auto\"><span class=\"x3nfvp2 x1j61x8r x1fcty0u xdj266r xhhsvwb xat24cr xgzva0m xxymvpz xlup9mm x1kky2od\"><img loading=\"lazy\" decoding=\"async\" src=\"https:\/\/static.xx.fbcdn.net\/images\/emoji.php\/v9\/t72\/1\/16\/1f538.png\" alt=\"&#x1f538;\" width=\"16\" height=\"16\" \/><\/span>Animateur : St\u00e9phan Mary slam Le z\u00e8bre<\/p>\n<\/div>\n<div class=\"x11i5rnm xat24cr x1mh8g0r x1vvkbs xtlvy1s x126k92a\">\n<div dir=\"auto\"><span class=\"x3nfvp2 x1j61x8r x1fcty0u xdj266r xhhsvwb xat24cr xgzva0m xxymvpz xlup9mm x1kky2od\"><img loading=\"lazy\" decoding=\"async\" src=\"https:\/\/static.xx.fbcdn.net\/images\/emoji.php\/v9\/t72\/1\/16\/1f538.png\" alt=\"&#x1f538;\" width=\"16\" height=\"16\" \/><\/span>J&rsquo;ai cr\u00e9\u00e9 le concept de l&rsquo;\u00e9mission (d\u00e9pos\u00e9e) pour d\u00e9marrer la saison 2016-2017, sur une radio libre en Touraine, RFL 101. Plus jeune, ayant offici\u00e9 sur Radio T\u00e9l\u00e9vision des Yvelines, il m&rsquo;\u00e9tait rest\u00e9 la passion de la radio et une envie tr\u00e8s forte de faire une \u00e9mission tard le soir, voire m\u00eame la nuit. Apr\u00e8s la fin de ma collaboration en 2018 avec RFL101, je suis arriv\u00e9 sur Radio B\u00e9ton. Aujourd&rsquo;hui, nous en sommes \u00e0 la sixi\u00e8me saison. Les interviews en direct, les titres jou\u00e9s en live studio, sont la force de cette \u00e9mission. Des invit\u00e9.es pour pr\u00e9senter leurs activit\u00e9s culturelles, artistiques ou des professionnel.les de la nuit. Parce que la nuit tous les chats ne sont pas gris et j&rsquo;en connais un certain nombre qui vivent diff\u00e9remment&#8230; Alors restez \u00e0 l&rsquo;\u00e9coute, vous \u00eates dans M\u00e9tamorphose nocturne !<\/div>\n<\/div>\n<div class=\"x11i5rnm xat24cr x1mh8g0r x1vvkbs xtlvy1s x126k92a\">\n<p dir=\"auto\">L&rsquo;objectif est de faire grandir M\u00e9tamorphose nocturne pour faire connaitre les invit\u00e9.es et les sujets abord\u00e9s. N&rsquo;h\u00e9sitez pas \u00e0 nous envoyer un mail, nous \u00e9tudions toute proposition.<\/p>\n<\/div>\n<div class=\"x11i5rnm xat24cr x1mh8g0r x1vvkbs xtlvy1s x126k92a\">\n<div dir=\"auto\"><span class=\"x3nfvp2 x1j61x8r x1fcty0u xdj266r xhhsvwb xat24cr xgzva0m xxymvpz xlup9mm x1kky2od\"><img loading=\"lazy\" decoding=\"async\" src=\"https:\/\/static.xx.fbcdn.net\/images\/emoji.php\/v9\/t72\/1\/16\/1f538.png\" alt=\"&#x1f538;\" width=\"16\" height=\"16\" \/><\/span>Liens<\/div>\n<div dir=\"auto\">Pages facebook : <a class=\"x1i10hfl xjbqb8w x6umtig x1b1mbwd xaqea5y xav7gou x9f619 x1ypdohk xt0psk2 xe8uvvx xdj266r x11i5rnm xat24cr x1mh8g0r xexx8yu x4uap5 x18d9i69 xkhd6sd x16tdsg8 x1hl2dhg xggy1nq x1a2a7pz xt0b8zv x1qq9wsj xo1l8bm\" tabindex=\"0\" role=\"link\" href=\"https:\/\/www.facebook.com\/metamorphose.nocturne?__cft__[0]=AZU4wG3aS9XPK1w1wTTyhDnZsm_7Wl4yF9iRj3HIMFOOYBVw1yXVe4UIqU78smv1Ex55Hfz3zt-TMJ5EnmFInAikMg6XaQUbXLPy-ftPTxZ14e-Sbs2mEFOBAml7yk-_UWo&amp;__tn__=-]K-R\"><span class=\"xt0psk2\">M\u00e9tamorphose nocturne ;\u00a0 <\/span><\/a><a class=\"x1i10hfl xjbqb8w x6umtig x1b1mbwd xaqea5y xav7gou x9f619 x1ypdohk xt0psk2 xe8uvvx xdj266r x11i5rnm xat24cr x1mh8g0r xexx8yu x4uap5 x18d9i69 xkhd6sd x16tdsg8 x1hl2dhg xggy1nq x1a2a7pz xt0b8zv x1qq9wsj xo1l8bm\" tabindex=\"0\" role=\"link\" href=\"https:\/\/www.facebook.com\/stephan.mary.auteur?__cft__[0]=AZU4wG3aS9XPK1w1wTTyhDnZsm_7Wl4yF9iRj3HIMFOOYBVw1yXVe4UIqU78smv1Ex55Hfz3zt-TMJ5EnmFInAikMg6XaQUbXLPy-ftPTxZ14e-Sbs2mEFOBAml7yk-_UWo&amp;__tn__=-]K-R\"><span class=\"xt0psk2\">St\u00e9phan Mary<\/span><\/a><\/div>\n<div dir=\"auto\">Instagram : <a class=\"x1i10hfl xjbqb8w x6umtig x1b1mbwd xaqea5y xav7gou x9f619 x1ypdohk xt0psk2 xe8uvvx xdj266r x11i5rnm xat24cr x1mh8g0r xexx8yu x4uap5 x18d9i69 xkhd6sd x16tdsg8 x1hl2dhg xggy1nq x1a2a7pz xt0b8zv x1fey0fg\" tabindex=\"0\" role=\"link\" href=\"https:\/\/www.instagram.com\/metamorphose_nocturne\/\" target=\"_blank\" rel=\"nofollow noopener noreferrer\">@metamorphose_nocturne<\/a><\/div>\n<div dir=\"auto\"><a class=\"x1i10hfl xjbqb8w x6umtig x1b1mbwd xaqea5y xav7gou x9f619 x1ypdohk xt0psk2 xe8uvvx xdj266r x11i5rnm xat24cr x1mh8g0r xexx8yu x4uap5 x18d9i69 xkhd6sd x16tdsg8 x1hl2dhg xggy1nq x1a2a7pz xt0b8zv x1fey0fg\" tabindex=\"0\" role=\"link\" href=\"http:\/\/youtube.com\/c\/Lez%C3%A8bre\" target=\"_blank\" rel=\"nofollow noopener noreferrer\">youtube<\/a><\/div>\n<div dir=\"auto\">Podcasts : <a class=\"x1i10hfl xjbqb8w x6umtig x1b1mbwd xaqea5y xav7gou x9f619 x1ypdohk xt0psk2 xe8uvvx xdj266r x11i5rnm xat24cr x1mh8g0r xexx8yu x4uap5 x18d9i69 xkhd6sd x16tdsg8 x1hl2dhg xggy1nq x1a2a7pz xt0b8zv x1fey0fg\" tabindex=\"0\" role=\"link\" href=\"https:\/\/l.facebook.com\/l.php?u=https%3A%2F%2Fsoundcloud.com%2Fstephanmaryslamlezebre%3Ffbclid%3DIwAR2XPb-E_EBD2JS-A6XTypEEC7b7D1E8SsnQZEmquPadldtIB6OFplyfUXc&amp;h=AT3vEYJbDfnIHZszrpBZxl3Xf80-brDoXzFtPqOQAa5dXNrpXOVWem0vxQ2eYCm6L9dy6YF_vNMmPv-W4o3wDN4NyiBSQY5TzS9Q1NvH3mj1hrWYfnJ6nzbGGnw8C1HJ8Q&amp;__tn__=-UK-R&amp;c[0]=AT1qThNOtamtwyCtpkXx0AI3bRfmaEbi2_Vy957ww7tXh2KC2Y_xEAijdv2E14V_a6fhy0J8VxJaj-GLKjL8vmB1wrkPLJ-alywydKo6la_Bt2e10RKgZ13Ie9-2PmgBwyxL2mQuebAVDHKX422gt6it1uAArA\" target=\"_blank\" rel=\"nofollow noopener noreferrer\">soundcloud.com\/stephanmaryslamlezebre<\/a><\/div>\n<div dir=\"auto\">Site : <a class=\"x1i10hfl xjbqb8w x6umtig x1b1mbwd xaqea5y xav7gou x9f619 x1ypdohk xt0psk2 xe8uvvx xdj266r x11i5rnm xat24cr x1mh8g0r xexx8yu x4uap5 x18d9i69 xkhd6sd x16tdsg8 x1hl2dhg xggy1nq x1a2a7pz xt0b8zv x1fey0fg\" tabindex=\"0\" role=\"link\" href=\"http:\/\/stephanmarylezebre.com\/?fbclid=IwAR0_eZVz_Kd5qWWiYReH88iBZC0iz_oSBx0uS3XMOZuLmYLkHRtKFrSSkyI\" target=\"_blank\" rel=\"nofollow noopener noreferrer\">stephanmarylezebre.com<\/a><\/div>\n<div dir=\"auto\">Contact : metamorphosenocturne@gmail.com<\/div>\n<p dir=\"auto\">\n<\/div>\n<div class=\"x11i5rnm xat24cr x1mh8g0r x1vvkbs xtlvy1s x126k92a\">\n<div dir=\"auto\"><span class=\"x3nfvp2 x1j61x8r x1fcty0u xdj266r xhhsvwb xat24cr xgzva0m xxymvpz xlup9mm x1kky2od\"><img loading=\"lazy\" decoding=\"async\" src=\"https:\/\/static.xx.fbcdn.net\/images\/emoji.php\/v9\/tde\/1\/16\/1f4f8.png\" alt=\"&#x1f4f8;\" width=\"16\" height=\"16\" \/><\/span> Jacques Cohen<\/div>\n<p dir=\"auto\">\n<\/div>\n<div dir=\"auto\"><img loading=\"lazy\" decoding=\"async\" class=\"size-medium wp-image-114194 aligncenter\" src=\"https:\/\/www.radiobeton.com\/www\/wp-content\/uploads\/2023\/02\/logo-MN-b-300x225.png\" alt=\"\" width=\"300\" height=\"225\" srcset=\"https:\/\/www.radiobeton.com\/www\/wp-content\/uploads\/2023\/02\/logo-MN-b-300x225.png 300w, https:\/\/www.radiobeton.com\/www\/wp-content\/uploads\/2023\/02\/logo-MN-b-768x575.png 768w, https:\/\/www.radiobeton.com\/www\/wp-content\/uploads\/2023\/02\/logo-MN-b.png 800w\" sizes=\"auto, (max-width: 300px) 85vw, 300px\" \/><img loading=\"lazy\" decoding=\"async\" class=\"size-medium wp-image-114195 aligncenter\" src=\"https:\/\/www.radiobeton.com\/www\/wp-content\/uploads\/2023\/02\/logo-metamorphose-nocturne-300x225.png\" alt=\"\" width=\"300\" height=\"225\" srcset=\"https:\/\/www.radiobeton.com\/www\/wp-content\/uploads\/2023\/02\/logo-metamorphose-nocturne-300x225.png 300w, https:\/\/www.radiobeton.com\/www\/wp-content\/uploads\/2023\/02\/logo-metamorphose-nocturne-768x575.png 768w, https:\/\/www.radiobeton.com\/www\/wp-content\/uploads\/2023\/02\/logo-metamorphose-nocturne.png 800w\" sizes=\"auto, (max-width: 300px) 85vw, 300px\" \/><\/div>\n","protected":false},"excerpt":{"rendered":"<p>Interview d&rsquo;invit\u00e9.e.s et live. Arts, cultures et tout ce qui a trait \u00e0 la nuit. Le lundi de 22h30 \u00e0 00h en direct. Animateur : St\u00e9phan Mary slam Le z\u00e8bre J&rsquo;ai cr\u00e9\u00e9 le concept de l&rsquo;\u00e9mission (d\u00e9pos\u00e9e) pour d\u00e9marrer la saison 2016-2017, sur une radio libre en Touraine, RFL 101. Plus jeune, ayant offici\u00e9 sur &hellip; <a href=\"https:\/\/www.radiobeton.com\/www\/la-radio\/metamorphose-nocturne\/\" class=\"more-link\">Continuer la lecture<span class=\"screen-reader-text\"> de &laquo;&nbsp;METAMORPHOSE NOCTURNE&nbsp;&raquo;<\/span><\/a><\/p>\n","protected":false},"author":28,"featured_media":0,"parent":21603,"menu_order":0,"comment_status":"closed","ping_status":"closed","template":"","meta":{"footnotes":""},"class_list":["post-110522","page","type-page","status-publish","hentry"],"_links":{"self":[{"href":"https:\/\/www.radiobeton.com\/www\/wp-json\/wp\/v2\/pages\/110522","targetHints":{"allow":["GET"]}}],"collection":[{"href":"https:\/\/www.radiobeton.com\/www\/wp-json\/wp\/v2\/pages"}],"about":[{"href":"https:\/\/www.radiobeton.com\/www\/wp-json\/wp\/v2\/types\/page"}],"author":[{"embeddable":true,"href":"https:\/\/www.radiobeton.com\/www\/wp-json\/wp\/v2\/users\/28"}],"replies":[{"embeddable":true,"href":"https:\/\/www.radiobeton.com\/www\/wp-json\/wp\/v2\/comments?post=110522"}],"version-history":[{"count":5,"href":"https:\/\/www.radiobeton.com\/www\/wp-json\/wp\/v2\/pages\/110522\/revisions"}],"predecessor-version":[{"id":114196,"href":"https:\/\/www.radiobeton.com\/www\/wp-json\/wp\/v2\/pages\/110522\/revisions\/114196"}],"up":[{"embeddable":true,"href":"https:\/\/www.radiobeton.com\/www\/wp-json\/wp\/v2\/pages\/21603"}],"wp:attachment":[{"href":"https:\/\/www.radiobeton.com\/www\/wp-json\/wp\/v2\/media?parent=110522"}],"curies":[{"name":"wp","href":"https:\/\/api.w.org\/{rel}","templated":true}]}}