{"id":110542,"date":"2022-10-23T23:57:11","date_gmt":"2022-10-23T21:57:11","guid":{"rendered":"https:\/\/www.radiobeton.com\/www\/?page_id=110542"},"modified":"2022-10-30T23:51:19","modified_gmt":"2022-10-30T22:51:19","slug":"rainy-days","status":"publish","type":"page","link":"https:\/\/www.radiobeton.com\/www\/la-radio\/rainy-days\/","title":{"rendered":"RAINY DAYS"},"content":{"rendered":"<p><img loading=\"lazy\" decoding=\"async\" class=\"size-full wp-image-72023 aligncenter\" src=\"https:\/\/www.radiobeton.com\/www\/wp-content\/uploads\/2018\/10\/rainy-days.jpg\" alt=\"\" width=\"217\" height=\"219\" srcset=\"https:\/\/www.radiobeton.com\/www\/wp-content\/uploads\/2018\/10\/rainy-days.jpg 217w, https:\/\/www.radiobeton.com\/www\/wp-content\/uploads\/2018\/10\/rainy-days-150x150.jpg 150w\" sizes=\"auto, (max-width: 217px) 85vw, 217px\" \/><\/p>\n<p>&nbsp;<\/p>\n<div class=\"x11i5rnm xat24cr x1mh8g0r x1vvkbs xtlvy1s x126k92a\">\n<div dir=\"auto\"><span class=\"x3nfvp2 x1j61x8r x1fcty0u xdj266r xhhsvwb xat24cr xgzva0m xxymvpz xlup9mm x1kky2od\"><img loading=\"lazy\" decoding=\"async\" src=\"https:\/\/static.xx.fbcdn.net\/images\/emoji.php\/v9\/t72\/1\/16\/1f538.png\" alt=\"&#x1f538;\" width=\"16\" height=\"16\" \/><\/span>Musiques celtiques<\/div>\n<div dir=\"auto\"><span class=\"x3nfvp2 x1j61x8r x1fcty0u xdj266r xhhsvwb xat24cr xgzva0m xxymvpz xlup9mm x1kky2od\"><img loading=\"lazy\" decoding=\"async\" src=\"https:\/\/static.xx.fbcdn.net\/images\/emoji.php\/v9\/t72\/1\/16\/1f538.png\" alt=\"&#x1f538;\" width=\"16\" height=\"16\" \/><\/span>Les dimanches de 15h \u00e0 17h<\/div>\n<\/div>\n<div class=\"x11i5rnm xat24cr x1mh8g0r x1vvkbs xtlvy1s x126k92a\">\n<p dir=\"auto\"><span class=\"x3nfvp2 x1j61x8r x1fcty0u xdj266r xhhsvwb xat24cr xgzva0m xxymvpz xlup9mm x1kky2od\"><img loading=\"lazy\" decoding=\"async\" src=\"https:\/\/static.xx.fbcdn.net\/images\/emoji.php\/v9\/t72\/1\/16\/1f538.png\" alt=\"&#x1f538;\" width=\"16\" height=\"16\" \/><\/span>Animateurices : Jean-Pierre, Dani\u00e8le, Erwan, Ir\u00e8ne, Laurent et Anne.<\/p>\n<\/div>\n<div class=\"x11i5rnm xat24cr x1mh8g0r x1vvkbs xtlvy1s x126k92a\">\n<p dir=\"auto\"><span class=\"x3nfvp2 x1j61x8r x1fcty0u xdj266r xhhsvwb xat24cr xgzva0m xxymvpz xlup9mm x1kky2od\"><img loading=\"lazy\" decoding=\"async\" src=\"https:\/\/static.xx.fbcdn.net\/images\/emoji.php\/v9\/t72\/1\/16\/1f538.png\" alt=\"&#x1f538;\" width=\"16\" height=\"16\" \/><\/span>Depuis 1995, l\u2019\u00e9mission a pour but de promouvoir la diversit\u00e9 des cultures celtes.<\/p>\n<\/div>\n<div class=\"x11i5rnm xat24cr x1mh8g0r x1vvkbs xtlvy1s x126k92a\">\n<p dir=\"auto\"><span class=\"x3nfvp2 x1j61x8r x1fcty0u xdj266r xhhsvwb xat24cr xgzva0m xxymvpz xlup9mm x1kky2od\"><img loading=\"lazy\" decoding=\"async\" src=\"https:\/\/static.xx.fbcdn.net\/images\/emoji.php\/v9\/t72\/1\/16\/1f538.png\" alt=\"&#x1f538;\" width=\"16\" height=\"16\" \/><\/span>Liens :<\/p>\n<\/div>\n<div class=\"x11i5rnm xat24cr x1mh8g0r x1vvkbs xtlvy1s x126k92a\">\n<div dir=\"auto\"><a href=\"https:\/\/www.facebook.com\/profile.php?id=100063675725354&amp;__cft__[0]=AZWy2-DsHC6eqHV9UxLjGaN4cY79Knz8kLwl-YxIRIBpp2_7CtMVzemyb7mjBQhPuNFvO2dZ3-kmj48rr9BWmhBIS7f4NfeZnzMFsFN_lyrfgtDifdHl44nw2d9QK7W11G8&amp;__tn__=-]K-R\">page facebook\u00a0<\/a><\/div>\n<div dir=\"auto\">Instagram : <a class=\"x1i10hfl xjbqb8w x6umtig x1b1mbwd xaqea5y xav7gou x9f619 x1ypdohk xt0psk2 xe8uvvx xdj266r x11i5rnm xat24cr x1mh8g0r xexx8yu x4uap5 x18d9i69 xkhd6sd x16tdsg8 x1hl2dhg xggy1nq x1a2a7pz xt0b8zv x1fey0fg\" tabindex=\"0\" role=\"link\" href=\"https:\/\/www.instagram.com\/_u\/rainy.days.37?fbclid=IwAR1NOd2Bn8v9vU5K6x7TfaiHSXksgWwqfD6T80EaUKnGdsCO4GYMkDfzaUQ\" target=\"_blank\" rel=\"nofollow noopener noreferrer\">@rainy.days.37<\/a><\/div>\n<div dir=\"auto\">Site : <a class=\"x1i10hfl xjbqb8w x6umtig x1b1mbwd xaqea5y xav7gou x9f619 x1ypdohk xt0psk2 xe8uvvx xdj266r x11i5rnm xat24cr x1mh8g0r xexx8yu x4uap5 x18d9i69 xkhd6sd x16tdsg8 x1hl2dhg xggy1nq x1a2a7pz xt0b8zv x1fey0fg\" tabindex=\"0\" role=\"link\" href=\"http:\/\/rainy-days.fr\/?fbclid=IwAR0FjHQWR3kKf9PKSp2yLLqUL17HIv9nmbYCBmmdO08jn_IDNEXzX3iv6Ag\" target=\"_blank\" rel=\"nofollow noopener noreferrer\">http:\/\/rainy-days.fr\/<\/a><\/div>\n<div dir=\"auto\">Forum : <a class=\"x1i10hfl xjbqb8w x6umtig x1b1mbwd xaqea5y xav7gou x9f619 x1ypdohk xt0psk2 xe8uvvx xdj266r x11i5rnm xat24cr x1mh8g0r xexx8yu x4uap5 x18d9i69 xkhd6sd x16tdsg8 x1hl2dhg xggy1nq x1a2a7pz xt0b8zv x1fey0fg\" tabindex=\"0\" role=\"link\" href=\"http:\/\/rainy-days.forumactif.com\/?fbclid=IwAR1EvxQFbGCAFdBJMv-GVURUCyLMCkXCpg9dHYtTB7tu6BVWz_V8VPkvc7I\" target=\"_blank\" rel=\"nofollow noopener noreferrer\">rainy-days.forumactif.com<\/a><\/div>\n<\/div>\n","protected":false},"excerpt":{"rendered":"<p>&nbsp; Musiques celtiques Les dimanches de 15h \u00e0 17h Animateurices : Jean-Pierre, Dani\u00e8le, Erwan, Ir\u00e8ne, Laurent et Anne. Depuis 1995, l\u2019\u00e9mission a pour but de promouvoir la diversit\u00e9 des cultures celtes. Liens : page facebook\u00a0 Instagram : @rainy.days.37 Site : http:\/\/rainy-days.fr\/ Forum : rainy-days.forumactif.com<\/p>\n","protected":false},"author":28,"featured_media":0,"parent":21603,"menu_order":0,"comment_status":"closed","ping_status":"closed","template":"","meta":{"footnotes":""},"class_list":["post-110542","page","type-page","status-publish","hentry"],"_links":{"self":[{"href":"https:\/\/www.radiobeton.com\/www\/wp-json\/wp\/v2\/pages\/110542","targetHints":{"allow":["GET"]}}],"collection":[{"href":"https:\/\/www.radiobeton.com\/www\/wp-json\/wp\/v2\/pages"}],"about":[{"href":"https:\/\/www.radiobeton.com\/www\/wp-json\/wp\/v2\/types\/page"}],"author":[{"embeddable":true,"href":"https:\/\/www.radiobeton.com\/www\/wp-json\/wp\/v2\/users\/28"}],"replies":[{"embeddable":true,"href":"https:\/\/www.radiobeton.com\/www\/wp-json\/wp\/v2\/comments?post=110542"}],"version-history":[{"count":1,"href":"https:\/\/www.radiobeton.com\/www\/wp-json\/wp\/v2\/pages\/110542\/revisions"}],"predecessor-version":[{"id":110543,"href":"https:\/\/www.radiobeton.com\/www\/wp-json\/wp\/v2\/pages\/110542\/revisions\/110543"}],"up":[{"embeddable":true,"href":"https:\/\/www.radiobeton.com\/www\/wp-json\/wp\/v2\/pages\/21603"}],"wp:attachment":[{"href":"https:\/\/www.radiobeton.com\/www\/wp-json\/wp\/v2\/media?parent=110542"}],"curies":[{"name":"wp","href":"https:\/\/api.w.org\/{rel}","templated":true}]}}