{"id":110544,"date":"2022-10-24T00:03:58","date_gmt":"2022-10-23T22:03:58","guid":{"rendered":"https:\/\/www.radiobeton.com\/www\/?page_id=110544"},"modified":"2023-06-12T20:19:13","modified_gmt":"2023-06-12T18:19:13","slug":"riffs-70","status":"publish","type":"page","link":"https:\/\/www.radiobeton.com\/www\/la-radio\/riffs-70\/","title":{"rendered":"RIFFS 70"},"content":{"rendered":"<p><img loading=\"lazy\" decoding=\"async\" class=\"size-medium wp-image-88107 aligncenter\" src=\"https:\/\/www.radiobeton.com\/www\/wp-content\/uploads\/2020\/03\/Imp-OK-300x300.png\" alt=\"\" width=\"300\" height=\"300\" srcset=\"https:\/\/www.radiobeton.com\/www\/wp-content\/uploads\/2020\/03\/Imp-OK-300x300.png 300w, https:\/\/www.radiobeton.com\/www\/wp-content\/uploads\/2020\/03\/Imp-OK-1024x1024.png 1024w, https:\/\/www.radiobeton.com\/www\/wp-content\/uploads\/2020\/03\/Imp-OK-150x150.png 150w, https:\/\/www.radiobeton.com\/www\/wp-content\/uploads\/2020\/03\/Imp-OK-768x768.png 768w, https:\/\/www.radiobeton.com\/www\/wp-content\/uploads\/2020\/03\/Imp-OK.png 1200w\" sizes=\"auto, (max-width: 300px) 85vw, 300px\" \/><\/p>\n<p>\u00a0<\/p>\n<div class=\"x11i5rnm xat24cr x1mh8g0r x1vvkbs xtlvy1s x126k92a\">\n<div dir=\"auto\"><span class=\"x3nfvp2 x1j61x8r x1fcty0u xdj266r xhhsvwb xat24cr xgzva0m xxymvpz xlup9mm x1kky2od\"><img loading=\"lazy\" decoding=\"async\" src=\"https:\/\/static.xx.fbcdn.net\/images\/emoji.php\/v9\/t72\/1\/16\/1f538.png\" alt=\"&#x1f538;\" width=\"16\" height=\"16\" \/><\/span>\u00c9mission musicale sur l&rsquo;univers rock des 70&rsquo;s.<\/div>\n<div dir=\"auto\"><span class=\"x3nfvp2 x1j61x8r x1fcty0u xdj266r xhhsvwb xat24cr xgzva0m xxymvpz xlup9mm x1kky2od\"><img loading=\"lazy\" decoding=\"async\" src=\"https:\/\/static.xx.fbcdn.net\/images\/emoji.php\/v9\/t72\/1\/16\/1f538.png\" alt=\"&#x1f538;\" width=\"16\" height=\"16\" \/><\/span>Le samedi de 13h30 \u00e0 14h30<\/div>\n<p dir=\"auto\"><span class=\"x3nfvp2 x1j61x8r x1fcty0u xdj266r xhhsvwb xat24cr xgzva0m xxymvpz xlup9mm x1kky2od\"><img loading=\"lazy\" decoding=\"async\" src=\"https:\/\/static.xx.fbcdn.net\/images\/emoji.php\/v9\/t72\/1\/16\/1f538.png\" alt=\"&#x1f538;\" width=\"16\" height=\"16\" \/><\/span>Animatrice : Chlo\u00e9<\/p>\n<\/div>\n<div class=\"x11i5rnm xat24cr x1mh8g0r x1vvkbs xtlvy1s x126k92a\">\n<p dir=\"auto\"><span class=\"x3nfvp2 x1j61x8r x1fcty0u xdj266r xhhsvwb xat24cr xgzva0m xxymvpz xlup9mm x1kky2od\"><img loading=\"lazy\" decoding=\"async\" src=\"https:\/\/static.xx.fbcdn.net\/images\/emoji.php\/v9\/t72\/1\/16\/1f538.png\" alt=\"&#x1f538;\" width=\"16\" height=\"16\" \/><\/span>Grande fan de Pink Floyd, l&rsquo;id\u00e9e de l&rsquo;\u00e9mission est venue en 2016 un peu par hasard et par curiosit\u00e9, en souhaitant d\u00e9couvrir d&rsquo;autres groupes de cette d\u00e9cennie qui me fascine. J&rsquo;ai \u00e9t\u00e9 rejoint par Vincent (rencontr\u00e9 \u00e0 Aucard de Tours) durant deux saisons. De nouveau en solo, j&rsquo;aime proposer r\u00e9guli\u00e8rement des th\u00e9matiques et partager l&rsquo;\u00e9mission avec des amis ! Depuis septembre 2022, RIFFS 70 est \u00e9galement diffus\u00e9e sur la webradio <a class=\"x1i10hfl xjbqb8w x6umtig x1b1mbwd xaqea5y xav7gou x9f619 x1ypdohk xt0psk2 xe8uvvx xdj266r x11i5rnm xat24cr x1mh8g0r xexx8yu x4uap5 x18d9i69 xkhd6sd x16tdsg8 x1hl2dhg xggy1nq x1a2a7pz xt0b8zv x1fey0fg\" tabindex=\"0\" role=\"link\" href=\"https:\/\/l.facebook.com\/l.php?u=https%3A%2F%2Fwww.instagram.com%2F_u%2Fondesbleueslaradio%3Ffbclid%3DIwAR17Eoz9QG38DcWIo998BS6scPtZSsCQNDWOb-JnfG1VWvyF-qHdJ4FvzhY&amp;h=AT2vSBD_QWiHsu3c0dxnnHt4a_6f87j8-djcNgrqm4gH44g5UXJwMrqKn2mHmwvs_AjlhRDmbXc3x1mqsK-WV6z8m91aVVoL51e2pzN3sMnr_Or4zaTMSG3ubYoqvfytpQ&amp;__tn__=-UK-R&amp;c[0]=AT0YbVO7UDVze-6ZMlpM2JZYetEkjqhKXDfFQVZhCP62EbHUZBdQZbxHdPqiWk2O5EnPXGYL6TIm3el_9b8o_9b-zPMJ03BgBDptgXo-ZYQ45QXWnaNfb7Sog-UTMsGgbRvQdIhAasHgRabuGwhrAqk0SRTU8A\" target=\"_blank\" rel=\"nofollow noopener noreferrer\">@ondesbleueslaradio<\/a> le vendredi \u00e0 15h.<\/p>\n<p dir=\"auto\"><img loading=\"lazy\" decoding=\"async\" class=\"wp-image-110546 alignright\" src=\"https:\/\/www.radiobeton.com\/www\/wp-content\/uploads\/2022\/10\/ancien-logo-300x212.png\" alt=\"\" width=\"192\" height=\"136\" srcset=\"https:\/\/www.radiobeton.com\/www\/wp-content\/uploads\/2022\/10\/ancien-logo-300x212.png 300w, https:\/\/www.radiobeton.com\/www\/wp-content\/uploads\/2022\/10\/ancien-logo-1024x722.png 1024w, https:\/\/www.radiobeton.com\/www\/wp-content\/uploads\/2022\/10\/ancien-logo-768x541.png 768w, https:\/\/www.radiobeton.com\/www\/wp-content\/uploads\/2022\/10\/ancien-logo-1536x1083.png 1536w, https:\/\/www.radiobeton.com\/www\/wp-content\/uploads\/2022\/10\/ancien-logo-1200x846.png 1200w, https:\/\/www.radiobeton.com\/www\/wp-content\/uploads\/2022\/10\/ancien-logo.png 1600w\" sizes=\"auto, (max-width: 192px) 85vw, 192px\" \/><\/p>\n<p dir=\"auto\">\u00a0<\/p>\n<\/div>\n<div class=\"x11i5rnm xat24cr x1mh8g0r x1vvkbs xtlvy1s x126k92a\">\n<div dir=\"auto\"><span class=\"x3nfvp2 x1j61x8r x1fcty0u xdj266r xhhsvwb xat24cr xgzva0m xxymvpz xlup9mm x1kky2od\"><img loading=\"lazy\" decoding=\"async\" src=\"https:\/\/static.xx.fbcdn.net\/images\/emoji.php\/v9\/t72\/1\/16\/1f538.png\" alt=\"&#x1f538;\" width=\"16\" height=\"16\" \/><\/span>Liens<\/div>\n<div dir=\"auto\">\u00a0<\/div>\n<div dir=\"auto\">\u00a0<\/div>\n<\/div>\n<div class=\"x11i5rnm xat24cr x1mh8g0r x1vvkbs xtlvy1s x126k92a\">\n<div dir=\"auto\">Facebook : <a class=\"x1i10hfl xjbqb8w x6umtig x1b1mbwd xaqea5y xav7gou x9f619 x1ypdohk xt0psk2 xe8uvvx xdj266r x11i5rnm xat24cr x1mh8g0r xexx8yu x4uap5 x18d9i69 xkhd6sd x16tdsg8 x1hl2dhg xggy1nq x1a2a7pz xt0b8zv x1qq9wsj xo1l8bm\" tabindex=\"0\" role=\"link\" href=\"https:\/\/www.facebook.com\/riffs70\/?__cft__[0]=AZUQgk-tlC6sW6XHC-PxmNRzBtxgIEFo8z8KMxkmR5b3Rr4j79W5Jxgh0SI-gtjkNCfXBz6JaZMqLTwgZ5mAfSMUXQszc1CeZ2nAGyhmYPvPmgyRFw5BzyVCUcVJsFCiegY&amp;__tn__=kK-R\"><span class=\"xt0psk2\">facebook.com\/riffs70\/<\/span><\/a><\/div>\n<\/div>\n<div class=\"x11i5rnm xat24cr x1mh8g0r x1vvkbs xtlvy1s x126k92a\">\n<div dir=\"auto\">Instagram : <a class=\"x1i10hfl xjbqb8w x6umtig x1b1mbwd xaqea5y xav7gou x9f619 x1ypdohk xt0psk2 xe8uvvx xdj266r x11i5rnm xat24cr x1mh8g0r xexx8yu x4uap5 x18d9i69 xkhd6sd x16tdsg8 x1hl2dhg xggy1nq x1a2a7pz xt0b8zv x1fey0fg\" tabindex=\"0\" role=\"link\" href=\"https:\/\/instagram.com\/riffs70\/?fbclid=IwAR0PKKa6_9Zzr5l5dnQPao0f66dnhbqmA9H_L7pzLGmAiDc8G7xfjwEgEFw\" target=\"_blank\" rel=\"nofollow noopener noreferrer\">instagram.com\/riffs70\/<\/a><\/div>\n<div dir=\"auto\">\u00a0<\/div>\n<\/div>\n<div class=\"x11i5rnm xat24cr x1mh8g0r x1vvkbs xtlvy1s x126k92a\">\n<p dir=\"auto\">Podcasts :\u00a0<\/p>\n<\/div>\n<div dir=\"auto\"><a href=\"https:\/\/podcast-radiobeton.com\/riffs-70\">https:\/\/podcast-radiobeton.com\/riffs-70<\/a><\/div>\n<div dir=\"auto\">\u00a0<\/div>\n\n\n<figure class=\"wp-block-embed is-type-rich is-provider-spotify wp-block-embed-spotify wp-embed-aspect-21-9 wp-has-aspect-ratio\"><div class=\"wp-block-embed__wrapper\">\n<iframe title=\"Spotify Embed: Riffs 70\" style=\"border-radius: 12px\" width=\"100%\" height=\"152\" frameborder=\"0\" allowfullscreen allow=\"autoplay; clipboard-write; encrypted-media; fullscreen; picture-in-picture\" loading=\"lazy\" src=\"https:\/\/open.spotify.com\/embed\/show\/19lB7a0mK0plE9oRNpFFIK?si=554a379f49094865&#038;utm_source=oembed\"><\/iframe>\n<\/div><\/figure>\n\n\n\n<figure class=\"wp-block-embed is-type-rich is-provider-mixcloud wp-block-embed-mixcloud\"><div class=\"wp-block-embed__wrapper\">\n<iframe loading=\"lazy\" title=\"Riffs70\" width=\"200\" height=\"250\" src=\"https:\/\/www.mixcloud.com\/widget\/follow\/?u=https%3A%2F%2Fwww.mixcloud.com%2Fchlo%25C3%25A9riffs70%2F\" frameborder=\"0\"><\/iframe>\n<\/div><\/figure>\n","protected":false},"excerpt":{"rendered":"<p>\u00a0 \u00c9mission musicale sur l&rsquo;univers rock des 70&rsquo;s. Le samedi de 13h30 \u00e0 14h30 Animatrice : Chlo\u00e9 Grande fan de Pink Floyd, l&rsquo;id\u00e9e de l&rsquo;\u00e9mission est venue en 2016 un peu par hasard et par curiosit\u00e9, en souhaitant d\u00e9couvrir d&rsquo;autres groupes de cette d\u00e9cennie qui me fascine. J&rsquo;ai \u00e9t\u00e9 rejoint par Vincent (rencontr\u00e9 \u00e0 Aucard &hellip; <a href=\"https:\/\/www.radiobeton.com\/www\/la-radio\/riffs-70\/\" class=\"more-link\">Continuer la lecture<span class=\"screen-reader-text\"> de &laquo;&nbsp;RIFFS 70&nbsp;&raquo;<\/span><\/a><\/p>\n","protected":false},"author":28,"featured_media":0,"parent":21603,"menu_order":0,"comment_status":"closed","ping_status":"closed","template":"","meta":{"footnotes":""},"class_list":["post-110544","page","type-page","status-publish","hentry"],"_links":{"self":[{"href":"https:\/\/www.radiobeton.com\/www\/wp-json\/wp\/v2\/pages\/110544","targetHints":{"allow":["GET"]}}],"collection":[{"href":"https:\/\/www.radiobeton.com\/www\/wp-json\/wp\/v2\/pages"}],"about":[{"href":"https:\/\/www.radiobeton.com\/www\/wp-json\/wp\/v2\/types\/page"}],"author":[{"embeddable":true,"href":"https:\/\/www.radiobeton.com\/www\/wp-json\/wp\/v2\/users\/28"}],"replies":[{"embeddable":true,"href":"https:\/\/www.radiobeton.com\/www\/wp-json\/wp\/v2\/comments?post=110544"}],"version-history":[{"count":5,"href":"https:\/\/www.radiobeton.com\/www\/wp-json\/wp\/v2\/pages\/110544\/revisions"}],"predecessor-version":[{"id":116529,"href":"https:\/\/www.radiobeton.com\/www\/wp-json\/wp\/v2\/pages\/110544\/revisions\/116529"}],"up":[{"embeddable":true,"href":"https:\/\/www.radiobeton.com\/www\/wp-json\/wp\/v2\/pages\/21603"}],"wp:attachment":[{"href":"https:\/\/www.radiobeton.com\/www\/wp-json\/wp\/v2\/media?parent=110544"}],"curies":[{"name":"wp","href":"https:\/\/api.w.org\/{rel}","templated":true}]}}