{"id":110555,"date":"2022-10-24T00:16:18","date_gmt":"2022-10-23T22:16:18","guid":{"rendered":"https:\/\/www.radiobeton.com\/www\/?page_id=110555"},"modified":"2022-10-30T23:52:33","modified_gmt":"2022-10-30T22:52:33","slug":"salon-de-pauvres-2","status":"publish","type":"page","link":"https:\/\/www.radiobeton.com\/www\/la-radio\/salon-de-pauvres-2\/","title":{"rendered":"SALON DE PAUVRES !"},"content":{"rendered":"<p><img loading=\"lazy\" decoding=\"async\" class=\"size-medium wp-image-110556 aligncenter\" src=\"https:\/\/www.radiobeton.com\/www\/wp-content\/uploads\/2022\/10\/sticker2-300x300.jpeg\" alt=\"\" width=\"300\" height=\"300\" srcset=\"https:\/\/www.radiobeton.com\/www\/wp-content\/uploads\/2022\/10\/sticker2-300x300.jpeg 300w, https:\/\/www.radiobeton.com\/www\/wp-content\/uploads\/2022\/10\/sticker2-150x150.jpeg 150w, https:\/\/www.radiobeton.com\/www\/wp-content\/uploads\/2022\/10\/sticker2.jpeg 480w\" sizes=\"auto, (max-width: 300px) 85vw, 300px\" \/><\/p>\n<p>&nbsp;<\/p>\n<div class=\"x11i5rnm xat24cr x1mh8g0r x1vvkbs xtlvy1s x126k92a\">\n<div dir=\"auto\"><span class=\"x3nfvp2 x1j61x8r x1fcty0u xdj266r xhhsvwb xat24cr xgzva0m xxymvpz xlup9mm x1kky2od\"><img loading=\"lazy\" decoding=\"async\" src=\"https:\/\/static.xx.fbcdn.net\/images\/emoji.php\/v9\/t72\/1\/16\/1f538.png\" alt=\"&#x1f538;\" width=\"16\" height=\"16\" \/><\/span> Bons plans, revue de presse, entretiens autour de la question du RSA et de ses b\u00e9n\u00e9ficiaires. Les th\u00e9matiques de l\u2019emploi, de l\u2019entraide, de la lutte contre les discriminations (discriminations \u00e0 l\u2019embauche, discriminations en raison de la situation sociale, enjeux d\u2019isolement des personnes&#8230;) y sont abord\u00e9es par nos chroniqueurs, avec humour et pertinence !<\/div>\n<div dir=\"auto\"><span class=\"x3nfvp2 x1j61x8r x1fcty0u xdj266r xhhsvwb xat24cr xgzva0m xxymvpz xlup9mm x1kky2od\"><img loading=\"lazy\" decoding=\"async\" src=\"https:\/\/static.xx.fbcdn.net\/images\/emoji.php\/v9\/t72\/1\/16\/1f538.png\" alt=\"&#x1f538;\" width=\"16\" height=\"16\" \/><\/span> Tous les 1ers mardis du mois, de 15h \u00e0 16h<\/div>\n<p dir=\"auto\"><span class=\"x3nfvp2 x1j61x8r x1fcty0u xdj266r xhhsvwb xat24cr xgzva0m xxymvpz xlup9mm x1kky2od\"><img loading=\"lazy\" decoding=\"async\" src=\"https:\/\/static.xx.fbcdn.net\/images\/emoji.php\/v9\/t72\/1\/16\/1f538.png\" alt=\"&#x1f538;\" width=\"16\" height=\"16\" \/><\/span>Animateurices : Alain, Guylaine, Ingid, Marie-Th\u00e9r\u00e8se<\/p>\n<\/div>\n<div class=\"x11i5rnm xat24cr x1mh8g0r x1vvkbs xtlvy1s x126k92a\">\n<div dir=\"auto\"><span class=\"x3nfvp2 x1j61x8r x1fcty0u xdj266r xhhsvwb xat24cr xgzva0m xxymvpz xlup9mm x1kky2od\"><img loading=\"lazy\" decoding=\"async\" src=\"https:\/\/static.xx.fbcdn.net\/images\/emoji.php\/v9\/t72\/1\/16\/1f538.png\" alt=\"&#x1f538;\" width=\"16\" height=\"16\" \/><\/span> Notre \u00e9mission est n\u00e9e car nous sommes au RSA et faisons partie d&rsquo;un groupe de r\u00e9flexion d\u00e9partemental d&rsquo;Indre et Loire (37) appel\u00e9 \u00ab\u00a0groupe stigmatisation\u00a0\u00bb &#8211; Cette \u00e9mission a d\u00e9but\u00e9 en 2016 avec l\u2019objectif de lutter contre la \u00ab\u00a0stigmatisation\u00a0\u00bb.<\/div>\n<div dir=\"auto\">La petite \u00e9quipe de b\u00e9n\u00e9voles qui a r\u00e9uni leurs efforts pour concevoir ce programme a \u00e9t\u00e9 motiv\u00e9 par le constat du regard n\u00e9gatif port\u00e9 par notre soci\u00e9t\u00e9 sur les personnes en difficult\u00e9s \u00e9conomiques et sociales.<\/div>\n<div dir=\"auto\">On compte en France, plus de 9 millions de personnes vivant sous le seuil de pauvret\u00e9. Elles sont allocataires des minima sociaux\u00a0: RSA, APA, APAH, etc. et sont souvent isol\u00e9es et g\u00e9n\u00e9ralement d\u00e9valoris\u00e9es.<\/div>\n<div dir=\"auto\">Notre \u00e9quipe accueille lors des \u00e9missions, des personnes qui t\u00e9moignent de leurs difficult\u00e9s,<\/div>\n<div dir=\"auto\">mais aussi, des professionnels engag\u00e9s dans le domaine social, des \u00e9lus, des repr\u00e9sentants du milieu associatif, des personnes ressources proposant des \u00ab\u00a0bons plans\u00a0\u00bb pour am\u00e9liorer le quotidien et prendre connaissances des dispositifs d\u2019aides auxquels elles ont droit, etc.<\/div>\n<p dir=\"auto\">Le Conseil d\u00e9partemental d\u2019Indre-et-Loire nous a prodigu\u00e9 d\u00e8s le d\u00e9part ses encouragements et ses conseils. Ce pr\u00e9cieux partenariat nous conforte dans l\u2019id\u00e9e que la communication sur les difficult\u00e9s \u00e9conomiques et sociales qui peuvent toucher toute personne \u00e0 un moment ou un autre de sa vie m\u00e9rite d\u2019\u00eatre l\u2019objet de diffusion et de dialogue.<\/p>\n<\/div>\n<div class=\"x11i5rnm xat24cr x1mh8g0r x1vvkbs xtlvy1s x126k92a\">\n<div dir=\"auto\"><span class=\"x3nfvp2 x1j61x8r x1fcty0u xdj266r xhhsvwb xat24cr xgzva0m xxymvpz xlup9mm x1kky2od\"><img loading=\"lazy\" decoding=\"async\" src=\"https:\/\/static.xx.fbcdn.net\/images\/emoji.php\/v9\/t72\/1\/16\/1f538.png\" alt=\"&#x1f538;\" width=\"16\" height=\"16\" \/><\/span>Liens<\/div>\n<div dir=\"auto\"><a href=\"https:\/\/www.facebook.com\/groups\/1209870202370841\/?__cft__[0]=AZUEyjk-zg7Us1I8HvhKHM9qrBZLq9MNY1sniHIUHg_qp9hwqZqJoQ2fD_OVJgCqqC4NS-NI_hZiuXOgXyk2EQtqbvKT2onFBy1nuLhVHrycD6K6q1oQMQrwB-7_bEqN4N4&amp;__tn__=-UK-R\">Groupe Facebook<\/a><\/div>\n<\/div>\n<div class=\"x11i5rnm xat24cr x1mh8g0r x1vvkbs xtlvy1s x126k92a\">\n<div dir=\"auto\"><a class=\"x1i10hfl xjbqb8w x6umtig x1b1mbwd xaqea5y xav7gou x9f619 x1ypdohk xt0psk2 xe8uvvx xdj266r x11i5rnm xat24cr x1mh8g0r xexx8yu x4uap5 x18d9i69 xkhd6sd x16tdsg8 x1hl2dhg xggy1nq x1a2a7pz xt0b8zv x1fey0fg\" tabindex=\"0\" role=\"link\" href=\"https:\/\/www.youtube.com\/channel\/UC40ruzNWI8d_-h29HCclXmA?fbclid=IwAR1b5xfUq9d2odc0dRBkfT8pW2mUQc4eXx5Fq96o2VAxcsO1d2OjRd5tqac\" target=\"_blank\" rel=\"nofollow noopener noreferrer\">Cha\u00eene youtube<\/a><\/div>\n<div dir=\"auto\">Twitter : @salondepauvres<\/div>\n<p dir=\"auto\">Contact : salondepauvres@gmail.com<\/p>\n<\/div>\n","protected":false},"excerpt":{"rendered":"<p>&nbsp; Bons plans, revue de presse, entretiens autour de la question du RSA et de ses b\u00e9n\u00e9ficiaires. Les th\u00e9matiques de l\u2019emploi, de l\u2019entraide, de la lutte contre les discriminations (discriminations \u00e0 l\u2019embauche, discriminations en raison de la situation sociale, enjeux d\u2019isolement des personnes&#8230;) y sont abord\u00e9es par nos chroniqueurs, avec humour et pertinence ! Tous &hellip; <a href=\"https:\/\/www.radiobeton.com\/www\/la-radio\/salon-de-pauvres-2\/\" class=\"more-link\">Continuer la lecture<span class=\"screen-reader-text\"> de &laquo;&nbsp;SALON DE PAUVRES !&nbsp;&raquo;<\/span><\/a><\/p>\n","protected":false},"author":28,"featured_media":0,"parent":21603,"menu_order":0,"comment_status":"closed","ping_status":"closed","template":"","meta":{"footnotes":""},"class_list":["post-110555","page","type-page","status-publish","hentry"],"_links":{"self":[{"href":"https:\/\/www.radiobeton.com\/www\/wp-json\/wp\/v2\/pages\/110555","targetHints":{"allow":["GET"]}}],"collection":[{"href":"https:\/\/www.radiobeton.com\/www\/wp-json\/wp\/v2\/pages"}],"about":[{"href":"https:\/\/www.radiobeton.com\/www\/wp-json\/wp\/v2\/types\/page"}],"author":[{"embeddable":true,"href":"https:\/\/www.radiobeton.com\/www\/wp-json\/wp\/v2\/users\/28"}],"replies":[{"embeddable":true,"href":"https:\/\/www.radiobeton.com\/www\/wp-json\/wp\/v2\/comments?post=110555"}],"version-history":[{"count":2,"href":"https:\/\/www.radiobeton.com\/www\/wp-json\/wp\/v2\/pages\/110555\/revisions"}],"predecessor-version":[{"id":110558,"href":"https:\/\/www.radiobeton.com\/www\/wp-json\/wp\/v2\/pages\/110555\/revisions\/110558"}],"up":[{"embeddable":true,"href":"https:\/\/www.radiobeton.com\/www\/wp-json\/wp\/v2\/pages\/21603"}],"wp:attachment":[{"href":"https:\/\/www.radiobeton.com\/www\/wp-json\/wp\/v2\/media?parent=110555"}],"curies":[{"name":"wp","href":"https:\/\/api.w.org\/{rel}","templated":true}]}}