{"id":110560,"date":"2022-10-24T00:27:57","date_gmt":"2022-10-23T22:27:57","guid":{"rendered":"https:\/\/www.radiobeton.com\/www\/?page_id=110560"},"modified":"2023-06-12T20:21:38","modified_gmt":"2023-06-12T18:21:38","slug":"say-it-loud","status":"publish","type":"page","link":"https:\/\/www.radiobeton.com\/www\/la-radio\/say-it-loud\/","title":{"rendered":"SAY IT LOUD"},"content":{"rendered":"<p><img loading=\"lazy\" decoding=\"async\" class=\"size-medium wp-image-110561 aligncenter\" src=\"https:\/\/www.radiobeton.com\/www\/wp-content\/uploads\/2022\/10\/logo-SIL-300x300.jpg\" alt=\"\" width=\"300\" height=\"300\" srcset=\"https:\/\/www.radiobeton.com\/www\/wp-content\/uploads\/2022\/10\/logo-SIL-300x300.jpg 300w, https:\/\/www.radiobeton.com\/www\/wp-content\/uploads\/2022\/10\/logo-SIL-150x150.jpg 150w, https:\/\/www.radiobeton.com\/www\/wp-content\/uploads\/2022\/10\/logo-SIL.jpg 658w\" sizes=\"auto, (max-width: 300px) 85vw, 300px\" \/><\/p>\n<p><span class=\"x3nfvp2 x1j61x8r x1fcty0u xdj266r xhhsvwb xat24cr xgzva0m xxymvpz xlup9mm x1kky2od\"><img loading=\"lazy\" decoding=\"async\" src=\"https:\/\/static.xx.fbcdn.net\/images\/emoji.php\/v9\/t72\/1\/16\/1f538.png\" alt=\"&#x1f538;\" width=\"16\" height=\"16\" \/><\/span>\u00a0la chanson engag\u00e9e, la chanson v\u00e9n\u00e8re, la chanson qui gueule (&#8230;) des chansons, du monde entier, toutes \u00e9poques, et le contexte historico-politique dans lequel elles ont \u00e9t\u00e9 \u00e9crites. Une th\u00e9matique par mois, soit deux \u00e9missions d&rsquo;affil\u00e9es sur le m\u00eame sujet.<\/p>\n<p><span class=\"x3nfvp2 x1j61x8r x1fcty0u xdj266r xhhsvwb xat24cr xgzva0m xxymvpz xlup9mm x1kky2od\"><img loading=\"lazy\" decoding=\"async\" src=\"https:\/\/static.xx.fbcdn.net\/images\/emoji.php\/v9\/t72\/1\/16\/1f538.png\" alt=\"&#x1f538;\" width=\"16\" height=\"16\" \/><\/span>les 1er et 3eme mardis du mois \u00e0 20h, en live<\/p>\n<p><span class=\"x3nfvp2 x1j61x8r x1fcty0u xdj266r xhhsvwb xat24cr xgzva0m xxymvpz xlup9mm x1kky2od\"><img loading=\"lazy\" decoding=\"async\" src=\"https:\/\/static.xx.fbcdn.net\/images\/emoji.php\/v9\/t72\/1\/16\/1f538.png\" alt=\"&#x1f538;\" width=\"16\" height=\"16\" \/><\/span>Animatrice : sokette<\/p>\n<p><span class=\"x3nfvp2 x1j61x8r x1fcty0u xdj266r xhhsvwb xat24cr xgzva0m xxymvpz xlup9mm x1kky2od\"><img loading=\"lazy\" decoding=\"async\" src=\"https:\/\/static.xx.fbcdn.net\/images\/emoji.php\/v9\/t72\/1\/16\/1f538.png\" alt=\"&#x1f538;\" width=\"16\" height=\"16\" \/><\/span> Mon \u00e9mission est n\u00e9e de l&rsquo;envie de combiner mon go\u00fbt pour la chanson \u00e0 mes comp\u00e9tences de guide touristique. Je chante depuis quelques temps, en m&rsquo;accompagnant \u00e0 la guitare de la chanson contestataire \u00e9tasunienne, chilienne et Argentine. Et j&rsquo;aime bien l&rsquo;histoire. Je trouvais chouette de partager avec les auditeurs des chansons et leurs histoires.<\/p>\n<p><span class=\"x3nfvp2 x1j61x8r x1fcty0u xdj266r xhhsvwb xat24cr xgzva0m xxymvpz xlup9mm x1kky2od\"><img loading=\"lazy\" decoding=\"async\" src=\"https:\/\/static.xx.fbcdn.net\/images\/emoji.php\/v9\/t72\/1\/16\/1f538.png\" alt=\"&#x1f538;\" width=\"16\" height=\"16\" \/><\/span>Liens<\/p>\n<p>Podcasts :<\/p>\n<p><a href=\"https:\/\/podcast-radiobeton.com\/say-it-loud\">https:\/\/podcast-radiobeton.com\/say-it-loud<\/a><\/p>\n<p><span role=\"gridcell\"><a class=\"x1i10hfl xjbqb8w x6umtig x1b1mbwd xaqea5y xav7gou x9f619 x1ypdohk xt0psk2 xe8uvvx xdj266r x11i5rnm xat24cr x1mh8g0r xexx8yu x4uap5 x18d9i69 xkhd6sd x16tdsg8 xggy1nq x1a2a7pz xt0b8zv x1bvjpef x1heor9g\" tabindex=\"-1\" role=\"link\" href=\"https:\/\/l.facebook.com\/l.php?u=https%3A%2F%2Fwww.mixcloud.com%2FSoketteSurBeton%2F%3Ffbclid%3DIwAR1NOd2Bn8v9vU5K6x7TfaiHSXksgWwqfD6T80EaUKnGdsCO4GYMkDfzaUQ&amp;h=AT3duaE3TQmdEMK1kewUXOaIMAIUThvEd3_ezscKYvyIczLsYxE5ENPZJ-fb9hqJ0O0Mzp3FUYiorhI2npBsfA7_VaPBFx_B8bVr9XWw0mZ7xKtj_U-M51Oo7nR2EYNZTyA\" target=\"_blank\" rel=\"nofollow noopener noreferrer\">mixcloud<\/a><\/span><\/p>\n<p>Instagram : <span role=\"gridcell\"><a class=\"x1i10hfl xjbqb8w x6umtig x1b1mbwd xaqea5y xav7gou x9f619 x1ypdohk xt0psk2 xe8uvvx xdj266r x11i5rnm xat24cr x1mh8g0r xexx8yu x4uap5 x18d9i69 xkhd6sd x16tdsg8 xggy1nq x1a2a7pz xt0b8zv x1bvjpef x1heor9g\" tabindex=\"-1\" role=\"link\" href=\"https:\/\/l.facebook.com\/l.php?u=https%3A%2F%2Fwww.instagram.com%2Fsay.it.loud.sokette%2F%3Fhl%3Dfr%26fbclid%3DIwAR2CRRWs1WicxJsQAbQgV8djTW31ypPreQEjZg4X2P5a-2y70fuYDEOTrbo&amp;h=AT3duaE3TQmdEMK1kewUXOaIMAIUThvEd3_ezscKYvyIczLsYxE5ENPZJ-fb9hqJ0O0Mzp3FUYiorhI2npBsfA7_VaPBFx_B8bVr9XWw0mZ7xKtj_U-M51Oo7nR2EYNZTyA\" target=\"_blank\" rel=\"nofollow noopener noreferrer\">say.it.loud.sokette<\/a><\/span><\/p>\n<p>Facebook : <span role=\"gridcell\"><a class=\"x1i10hfl xjbqb8w x6umtig x1b1mbwd xaqea5y xav7gou x9f619 x1ypdohk xt0psk2 xe8uvvx xdj266r x11i5rnm xat24cr x1mh8g0r xexx8yu x4uap5 x18d9i69 xkhd6sd x16tdsg8 xggy1nq x1a2a7pz xt0b8zv x1bvjpef x1heor9g\" tabindex=\"-1\" role=\"link\" href=\"https:\/\/www.facebook.com\/SokettesurBeton\">SokettesurBeton<\/a><\/span><\/p>\n<p>Contact : sokettesurbeton@gmail.com<\/p>\n<p><img loading=\"lazy\" decoding=\"async\" class=\"wp-image-110563 size-medium aligncenter\" src=\"https:\/\/www.radiobeton.com\/www\/wp-content\/uploads\/2022\/10\/Say-It-Loud_image-couverture-1200x470-1-300x118.jpg\" alt=\"\" width=\"300\" height=\"118\" srcset=\"https:\/\/www.radiobeton.com\/www\/wp-content\/uploads\/2022\/10\/Say-It-Loud_image-couverture-1200x470-1-300x118.jpg 300w, https:\/\/www.radiobeton.com\/www\/wp-content\/uploads\/2022\/10\/Say-It-Loud_image-couverture-1200x470-1-1024x401.jpg 1024w, https:\/\/www.radiobeton.com\/www\/wp-content\/uploads\/2022\/10\/Say-It-Loud_image-couverture-1200x470-1-768x301.jpg 768w, https:\/\/www.radiobeton.com\/www\/wp-content\/uploads\/2022\/10\/Say-It-Loud_image-couverture-1200x470-1.jpg 1200w\" sizes=\"auto, (max-width: 300px) 85vw, 300px\" \/><\/p>\n","protected":false},"excerpt":{"rendered":"<p>\u00a0la chanson engag\u00e9e, la chanson v\u00e9n\u00e8re, la chanson qui gueule (&#8230;) des chansons, du monde entier, toutes \u00e9poques, et le contexte historico-politique dans lequel elles ont \u00e9t\u00e9 \u00e9crites. Une th\u00e9matique par mois, soit deux \u00e9missions d&rsquo;affil\u00e9es sur le m\u00eame sujet. les 1er et 3eme mardis du mois \u00e0 20h, en live Animatrice : sokette Mon &hellip; <a href=\"https:\/\/www.radiobeton.com\/www\/la-radio\/say-it-loud\/\" class=\"more-link\">Continuer la lecture<span class=\"screen-reader-text\"> de &laquo;&nbsp;SAY IT LOUD&nbsp;&raquo;<\/span><\/a><\/p>\n","protected":false},"author":28,"featured_media":0,"parent":21603,"menu_order":0,"comment_status":"closed","ping_status":"closed","template":"","meta":{"footnotes":""},"class_list":["post-110560","page","type-page","status-publish","hentry"],"_links":{"self":[{"href":"https:\/\/www.radiobeton.com\/www\/wp-json\/wp\/v2\/pages\/110560","targetHints":{"allow":["GET"]}}],"collection":[{"href":"https:\/\/www.radiobeton.com\/www\/wp-json\/wp\/v2\/pages"}],"about":[{"href":"https:\/\/www.radiobeton.com\/www\/wp-json\/wp\/v2\/types\/page"}],"author":[{"embeddable":true,"href":"https:\/\/www.radiobeton.com\/www\/wp-json\/wp\/v2\/users\/28"}],"replies":[{"embeddable":true,"href":"https:\/\/www.radiobeton.com\/www\/wp-json\/wp\/v2\/comments?post=110560"}],"version-history":[{"count":3,"href":"https:\/\/www.radiobeton.com\/www\/wp-json\/wp\/v2\/pages\/110560\/revisions"}],"predecessor-version":[{"id":116531,"href":"https:\/\/www.radiobeton.com\/www\/wp-json\/wp\/v2\/pages\/110560\/revisions\/116531"}],"up":[{"embeddable":true,"href":"https:\/\/www.radiobeton.com\/www\/wp-json\/wp\/v2\/pages\/21603"}],"wp:attachment":[{"href":"https:\/\/www.radiobeton.com\/www\/wp-json\/wp\/v2\/media?parent=110560"}],"curies":[{"name":"wp","href":"https:\/\/api.w.org\/{rel}","templated":true}]}}