{"id":110574,"date":"2022-10-24T00:45:25","date_gmt":"2022-10-23T22:45:25","guid":{"rendered":"https:\/\/www.radiobeton.com\/www\/?page_id=110574"},"modified":"2022-10-30T23:53:16","modified_gmt":"2022-10-30T22:53:16","slug":"throne-of-thanatos","status":"publish","type":"page","link":"https:\/\/www.radiobeton.com\/www\/la-radio\/throne-of-thanatos\/","title":{"rendered":"THRONE OF THANATOS"},"content":{"rendered":"<p>\u00a0<\/p>\n<p><img loading=\"lazy\" decoding=\"async\" class=\"size-medium wp-image-110575 aligncenter\" src=\"https:\/\/www.radiobeton.com\/www\/wp-content\/uploads\/2022\/10\/Throne-Of-Thanatos-300x276.jpg\" alt=\"\" width=\"300\" height=\"276\" srcset=\"https:\/\/www.radiobeton.com\/www\/wp-content\/uploads\/2022\/10\/Throne-Of-Thanatos-300x276.jpg 300w, https:\/\/www.radiobeton.com\/www\/wp-content\/uploads\/2022\/10\/Throne-Of-Thanatos-1024x943.jpg 1024w, https:\/\/www.radiobeton.com\/www\/wp-content\/uploads\/2022\/10\/Throne-Of-Thanatos-768x707.jpg 768w, https:\/\/www.radiobeton.com\/www\/wp-content\/uploads\/2022\/10\/Throne-Of-Thanatos-1200x1105.jpg 1200w, https:\/\/www.radiobeton.com\/www\/wp-content\/uploads\/2022\/10\/Throne-Of-Thanatos.jpg 1287w\" sizes=\"auto, (max-width: 300px) 85vw, 300px\" \/><\/p>\n<div class=\"x11i5rnm xat24cr x1mh8g0r x1vvkbs xtlvy1s x126k92a\">\n<div dir=\"auto\"><span class=\"x3nfvp2 x1j61x8r x1fcty0u xdj266r xhhsvwb xat24cr xgzva0m xxymvpz xlup9mm x1kky2od\"><img loading=\"lazy\" decoding=\"async\" src=\"https:\/\/static.xx.fbcdn.net\/images\/emoji.php\/v9\/t72\/1\/16\/1f538.png\" alt=\"&#x1f538;&#xfe0f;\" width=\"16\" height=\"16\" \/><\/span>Culture m\u00e9tal sous toutes ses formes<\/div>\n<div dir=\"auto\"><span class=\"x3nfvp2 x1j61x8r x1fcty0u xdj266r xhhsvwb xat24cr xgzva0m xxymvpz xlup9mm x1kky2od\"><img loading=\"lazy\" decoding=\"async\" src=\"https:\/\/static.xx.fbcdn.net\/images\/emoji.php\/v9\/t72\/1\/16\/1f538.png\" alt=\"&#x1f538;&#xfe0f;\" width=\"16\" height=\"16\" \/><\/span>Emission hebdomadaire, en direct le vendredi de 20h \u00e0 21h<\/div>\n<div dir=\"auto\">rediffus\u00e9e le mercredi de 11h \u00e0 12h<\/div>\n<p dir=\"auto\"><span class=\"x3nfvp2 x1j61x8r x1fcty0u xdj266r xhhsvwb xat24cr xgzva0m xxymvpz xlup9mm x1kky2od\"><img loading=\"lazy\" decoding=\"async\" src=\"https:\/\/static.xx.fbcdn.net\/images\/emoji.php\/v9\/t72\/1\/16\/1f538.png\" alt=\"&#x1f538;&#xfe0f;\" width=\"16\" height=\"16\" \/><\/span>Animateurices : Simon, Corentin, Narjess et Antoine<\/p>\n<\/div>\n<div class=\"x11i5rnm xat24cr x1mh8g0r x1vvkbs xtlvy1s x126k92a\">\n<div dir=\"auto\"><span class=\"x3nfvp2 x1j61x8r x1fcty0u xdj266r xhhsvwb xat24cr xgzva0m xxymvpz xlup9mm x1kky2od\"><img loading=\"lazy\" decoding=\"async\" src=\"https:\/\/static.xx.fbcdn.net\/images\/emoji.php\/v9\/t72\/1\/16\/1f538.png\" alt=\"&#x1f538;&#xfe0f;\" width=\"16\" height=\"16\" \/><\/span>Ces passionn\u00e9\u2022e\u2022s de musique m\u00e9tal ont d\u00e9but\u00e9s l&rsquo;\u00e9mission sur B\u00e9ton en 2008. Organisateurices de concerts, chroniqueur\u2022euse\u2022s, photographes, &#8230; le projet s&rsquo;est d\u00e9velopp\u00e9 au cours des ann\u00e9es avec aussi des interviews et des reports de festivals, soir\u00e9es concerts. L&rsquo;\u00e9quipe s&rsquo;est modifi\u00e9e, mais l&rsquo;envie, la passion et la motivation est toujours la m\u00eame !<\/div>\n<\/div>\n<p dir=\"auto\">\u00a0<\/p>\n<div dir=\"auto\"><span class=\"x3nfvp2 x1j61x8r x1fcty0u xdj266r xhhsvwb xat24cr xgzva0m xxymvpz xlup9mm x1kky2od\"><img loading=\"lazy\" decoding=\"async\" src=\"https:\/\/static.xx.fbcdn.net\/images\/emoji.php\/v9\/t72\/1\/16\/1f538.png\" alt=\"&#x1f538;&#xfe0f;\" width=\"16\" height=\"16\" \/><\/span>Liens<\/div>\n<div dir=\"auto\">\u00a0<\/div>\n<div class=\"x11i5rnm xat24cr x1mh8g0r x1vvkbs xtlvy1s x126k92a\">\n<div dir=\"auto\">Insta : <a class=\"x1i10hfl xjbqb8w x6umtig x1b1mbwd xaqea5y xav7gou x9f619 x1ypdohk xt0psk2 xe8uvvx xdj266r x11i5rnm xat24cr x1mh8g0r xexx8yu x4uap5 x18d9i69 xkhd6sd x16tdsg8 x1hl2dhg xggy1nq x1a2a7pz xt0b8zv x1fey0fg\" tabindex=\"0\" role=\"link\" href=\"https:\/\/l.facebook.com\/l.php?u=https%3A%2F%2Fwww.instagram.com%2F_u%2Ffinnlord_cc%3Ffbclid%3DIwAR17Eoz9QG38DcWIo998BS6scPtZSsCQNDWOb-JnfG1VWvyF-qHdJ4FvzhY&amp;h=AT1Xbkkau5xJJxrj4xS-5b64rTuvEjCHezz8YyIkajEU2NLk9k7eDFVzMq1RrAOde631F2Bl8WBdtoPymH2XZjikyRNpCg1uWinFmVmTQnYrQU2hous2WHVDWbybE9Ki_A&amp;__tn__=-UK-R&amp;c[0]=AT3orBjfKwSPL4kU3SJdCyLk_Zt8TwSwbgz5Xg42g62-KT2YvEIrqn_ddi-tCa8oFY9eETlqude9O4an3Mck59nuGJUx8kHRDtDVjY7emokd-KVIbwyzYIm0Hyrdp4EqngHw2VdaBf09nmVNbaChnrkJiKcy_Q\" target=\"_blank\" rel=\"nofollow noopener noreferrer\">@finnlord_cc<\/a> (Corentin)<\/div>\n<div dir=\"auto\">FB : <a class=\"x1i10hfl xjbqb8w x6umtig x1b1mbwd xaqea5y xav7gou x9f619 x1ypdohk xt0psk2 xe8uvvx xdj266r x11i5rnm xat24cr x1mh8g0r xexx8yu x4uap5 x18d9i69 xkhd6sd x16tdsg8 x1hl2dhg xggy1nq x1a2a7pz xt0b8zv x1qq9wsj xo1l8bm\" tabindex=\"0\" role=\"link\" href=\"https:\/\/www.facebook.com\/ThroneOfThanatos?__cft__[0]=AZUXxhC3m1_qj2Rwp5mLJrT2g3jUy6iJN4Lus37udZ65Y961QMrS8Q2REOP2zE9r0nscU2GP4dDAcDM5mjJRxHm-NzJuuUomQ9_5Ieg_NtXSaKeRvWyA6qW0j4RuUKvwBok&amp;__tn__=-]K-R\"><span class=\"xt0psk2\">Throne Of Thanatos<\/span><\/a><\/div>\n<p dir=\"auto\">Mail : throneofthanatos@gmail.com<\/p>\n<p dir=\"auto\">Podcasts :<\/p>\n<\/div>\n\n\n<figure class=\"wp-block-embed-mixcloud wp-block-embed is-type-rich is-provider-mixcloud wp-embed-aspect-9-16 wp-has-aspect-ratio\"><div class=\"wp-block-embed__wrapper\">\n<iframe loading=\"lazy\" title=\"Throne Of Thanatos\" width=\"200\" height=\"250\" src=\"https:\/\/www.mixcloud.com\/widget\/follow\/?u=https%3A%2F%2Fwww.mixcloud.com%2FThroneOfThanatos%2F\" frameborder=\"0\"><\/iframe>\n<\/div><\/figure>\n","protected":false},"excerpt":{"rendered":"<p>\u00a0 Culture m\u00e9tal sous toutes ses formes Emission hebdomadaire, en direct le vendredi de 20h \u00e0 21h rediffus\u00e9e le mercredi de 11h \u00e0 12h Animateurices : Simon, Corentin, Narjess et Antoine Ces passionn\u00e9\u2022e\u2022s de musique m\u00e9tal ont d\u00e9but\u00e9s l&rsquo;\u00e9mission sur B\u00e9ton en 2008. Organisateurices de concerts, chroniqueur\u2022euse\u2022s, photographes, &#8230; le projet s&rsquo;est d\u00e9velopp\u00e9 au cours &hellip; <a href=\"https:\/\/www.radiobeton.com\/www\/la-radio\/throne-of-thanatos\/\" class=\"more-link\">Continuer la lecture<span class=\"screen-reader-text\"> de &laquo;&nbsp;THRONE OF THANATOS&nbsp;&raquo;<\/span><\/a><\/p>\n","protected":false},"author":28,"featured_media":0,"parent":21603,"menu_order":0,"comment_status":"closed","ping_status":"closed","template":"","meta":{"footnotes":""},"class_list":["post-110574","page","type-page","status-publish","hentry"],"_links":{"self":[{"href":"https:\/\/www.radiobeton.com\/www\/wp-json\/wp\/v2\/pages\/110574","targetHints":{"allow":["GET"]}}],"collection":[{"href":"https:\/\/www.radiobeton.com\/www\/wp-json\/wp\/v2\/pages"}],"about":[{"href":"https:\/\/www.radiobeton.com\/www\/wp-json\/wp\/v2\/types\/page"}],"author":[{"embeddable":true,"href":"https:\/\/www.radiobeton.com\/www\/wp-json\/wp\/v2\/users\/28"}],"replies":[{"embeddable":true,"href":"https:\/\/www.radiobeton.com\/www\/wp-json\/wp\/v2\/comments?post=110574"}],"version-history":[{"count":5,"href":"https:\/\/www.radiobeton.com\/www\/wp-json\/wp\/v2\/pages\/110574\/revisions"}],"predecessor-version":[{"id":110855,"href":"https:\/\/www.radiobeton.com\/www\/wp-json\/wp\/v2\/pages\/110574\/revisions\/110855"}],"up":[{"embeddable":true,"href":"https:\/\/www.radiobeton.com\/www\/wp-json\/wp\/v2\/pages\/21603"}],"wp:attachment":[{"href":"https:\/\/www.radiobeton.com\/www\/wp-json\/wp\/v2\/media?parent=110574"}],"curies":[{"name":"wp","href":"https:\/\/api.w.org\/{rel}","templated":true}]}}