{"id":110581,"date":"2022-10-24T00:49:21","date_gmt":"2022-10-23T22:49:21","guid":{"rendered":"https:\/\/www.radiobeton.com\/www\/?page_id=110581"},"modified":"2022-10-30T23:53:32","modified_gmt":"2022-10-30T22:53:32","slug":"touche-pas-a-mon-son","status":"publish","type":"page","link":"https:\/\/www.radiobeton.com\/www\/la-radio\/touche-pas-a-mon-son\/","title":{"rendered":"TOUCHE PAS A MON SON"},"content":{"rendered":"<p><img loading=\"lazy\" decoding=\"async\" class=\"size-medium wp-image-110582 aligncenter\" src=\"https:\/\/www.radiobeton.com\/www\/wp-content\/uploads\/2022\/10\/TPMS-300x300.jpg\" alt=\"\" width=\"300\" height=\"300\" srcset=\"https:\/\/www.radiobeton.com\/www\/wp-content\/uploads\/2022\/10\/TPMS-300x300.jpg 300w, https:\/\/www.radiobeton.com\/www\/wp-content\/uploads\/2022\/10\/TPMS-150x150.jpg 150w, https:\/\/www.radiobeton.com\/www\/wp-content\/uploads\/2022\/10\/TPMS.jpg 540w\" sizes=\"auto, (max-width: 300px) 85vw, 300px\" \/><\/p>\n<div class=\"x11i5rnm xat24cr x1mh8g0r x1vvkbs xtlvy1s x126k92a\">\n<div dir=\"auto\"><span class=\"x3nfvp2 x1j61x8r x1fcty0u xdj266r xhhsvwb xat24cr xgzva0m xxymvpz xlup9mm x1kky2od\"><img loading=\"lazy\" decoding=\"async\" src=\"https:\/\/static.xx.fbcdn.net\/images\/emoji.php\/v9\/t72\/1\/16\/1f538.png\" alt=\"&#x1f538;\" width=\"16\" height=\"16\" \/><\/span> Nouveaut\u00e9s commerciales, hip-hop, rap, etc&#8230;<\/div>\n<div dir=\"auto\"><span class=\"x3nfvp2 x1j61x8r x1fcty0u xdj266r xhhsvwb xat24cr xgzva0m xxymvpz xlup9mm x1kky2od\"><img loading=\"lazy\" decoding=\"async\" src=\"https:\/\/static.xx.fbcdn.net\/images\/emoji.php\/v9\/t72\/1\/16\/1f538.png\" alt=\"&#x1f538;\" width=\"16\" height=\"16\" \/><\/span>Tous les dimanches en direct, de 14 h \u00e0 15 h<\/div>\n<p dir=\"auto\"><span class=\"x3nfvp2 x1j61x8r x1fcty0u xdj266r xhhsvwb xat24cr xgzva0m xxymvpz xlup9mm x1kky2od\"><img loading=\"lazy\" decoding=\"async\" src=\"https:\/\/static.xx.fbcdn.net\/images\/emoji.php\/v9\/t72\/1\/16\/1f538.png\" alt=\"&#x1f538;\" width=\"16\" height=\"16\" \/><\/span> Animateurices : Salima &amp; Fiktoo<\/p>\n<\/div>\n<div class=\"x11i5rnm xat24cr x1mh8g0r x1vvkbs xtlvy1s x126k92a\">\n<p dir=\"auto\"><span class=\"x3nfvp2 x1j61x8r x1fcty0u xdj266r xhhsvwb xat24cr xgzva0m xxymvpz xlup9mm x1kky2od\"><img loading=\"lazy\" decoding=\"async\" src=\"https:\/\/static.xx.fbcdn.net\/images\/emoji.php\/v9\/t72\/1\/16\/1f538.png\" alt=\"&#x1f538;\" width=\"16\" height=\"16\" \/><\/span> L\u2019\u00e9mission TPMS a \u00e9t\u00e9 cr\u00e9\u00e9e avec Salima et Fiktoo (artiste rappeur) en duo afin d&rsquo;attirer la nouvelle g\u00e9n\u00e9ration et publier ce qu\u2019ils aiment \u00e9couter. Mais aussi pour faire d\u00e9couvrir \u00e0 mon entourage ext\u00e9rieur l\u2019\u00e9mission, ainsi que Radio B\u00e9ton qui, depuis des ann\u00e9es, m\u00e9rite d\u2019\u00eatre connue dans toute la France.<\/p>\n<\/div>\n<div class=\"x11i5rnm xat24cr x1mh8g0r x1vvkbs xtlvy1s x126k92a\">\n<p dir=\"auto\"><span class=\"x3nfvp2 x1j61x8r x1fcty0u xdj266r xhhsvwb xat24cr xgzva0m xxymvpz xlup9mm x1kky2od\"><img loading=\"lazy\" decoding=\"async\" src=\"https:\/\/static.xx.fbcdn.net\/images\/emoji.php\/v9\/t72\/1\/16\/1f538.png\" alt=\"&#x1f538;\" width=\"16\" height=\"16\" \/><\/span> Liens<\/p>\n<div dir=\"auto\">Facebook :\u00a0<a class=\"x1i10hfl xjbqb8w x6umtig x1b1mbwd xaqea5y xav7gou x9f619 x1ypdohk xt0psk2 xe8uvvx xdj266r x11i5rnm xat24cr x1mh8g0r xexx8yu x4uap5 x18d9i69 xkhd6sd x16tdsg8 x1hl2dhg xggy1nq x1a2a7pz xt0b8zv x1qq9wsj xo1l8bm\" tabindex=\"0\" role=\"link\" href=\"https:\/\/www.facebook.com\/salimanawelfmtv?__cft__[0]=AZU-vfdWA-Qm0WSyPkJtaMHMN_teCV3IWbLKI9J6APwixcVU2v07_3YN2UouLvkay0Oq3qSKH-EoyEhCENiFi4AB-x-eNT6IQBzerJ_0YLxD14RfVcEA3__IU6yIXPktmL4&amp;__tn__=-]K-R\"><span class=\"xt0psk2\">Salima Radio B\u00e9ton<\/span><\/a><\/div>\n<div dir=\"auto\">Instagram\/TikTok.Twitter : @SalimaNawelFmTv ; @fiktoo_la_psykatrie<\/div>\n<\/div>\n","protected":false},"excerpt":{"rendered":"<p>Nouveaut\u00e9s commerciales, hip-hop, rap, etc&#8230; Tous les dimanches en direct, de 14 h \u00e0 15 h Animateurices : Salima &amp; Fiktoo L\u2019\u00e9mission TPMS a \u00e9t\u00e9 cr\u00e9\u00e9e avec Salima et Fiktoo (artiste rappeur) en duo afin d&rsquo;attirer la nouvelle g\u00e9n\u00e9ration et publier ce qu\u2019ils aiment \u00e9couter. Mais aussi pour faire d\u00e9couvrir \u00e0 mon entourage ext\u00e9rieur l\u2019\u00e9mission, &hellip; <a href=\"https:\/\/www.radiobeton.com\/www\/la-radio\/touche-pas-a-mon-son\/\" class=\"more-link\">Continuer la lecture<span class=\"screen-reader-text\"> de &laquo;&nbsp;TOUCHE PAS A MON SON&nbsp;&raquo;<\/span><\/a><\/p>\n","protected":false},"author":28,"featured_media":0,"parent":21603,"menu_order":0,"comment_status":"closed","ping_status":"closed","template":"","meta":{"footnotes":""},"class_list":["post-110581","page","type-page","status-publish","hentry"],"_links":{"self":[{"href":"https:\/\/www.radiobeton.com\/www\/wp-json\/wp\/v2\/pages\/110581","targetHints":{"allow":["GET"]}}],"collection":[{"href":"https:\/\/www.radiobeton.com\/www\/wp-json\/wp\/v2\/pages"}],"about":[{"href":"https:\/\/www.radiobeton.com\/www\/wp-json\/wp\/v2\/types\/page"}],"author":[{"embeddable":true,"href":"https:\/\/www.radiobeton.com\/www\/wp-json\/wp\/v2\/users\/28"}],"replies":[{"embeddable":true,"href":"https:\/\/www.radiobeton.com\/www\/wp-json\/wp\/v2\/comments?post=110581"}],"version-history":[{"count":3,"href":"https:\/\/www.radiobeton.com\/www\/wp-json\/wp\/v2\/pages\/110581\/revisions"}],"predecessor-version":[{"id":110904,"href":"https:\/\/www.radiobeton.com\/www\/wp-json\/wp\/v2\/pages\/110581\/revisions\/110904"}],"up":[{"embeddable":true,"href":"https:\/\/www.radiobeton.com\/www\/wp-json\/wp\/v2\/pages\/21603"}],"wp:attachment":[{"href":"https:\/\/www.radiobeton.com\/www\/wp-json\/wp\/v2\/media?parent=110581"}],"curies":[{"name":"wp","href":"https:\/\/api.w.org\/{rel}","templated":true}]}}