{"id":110585,"date":"2022-10-24T00:54:15","date_gmt":"2022-10-23T22:54:15","guid":{"rendered":"https:\/\/www.radiobeton.com\/www\/?page_id=110585"},"modified":"2024-09-05T11:49:57","modified_gmt":"2024-09-05T09:49:57","slug":"vue-du-phare","status":"publish","type":"page","link":"https:\/\/www.radiobeton.com\/www\/la-radio\/vue-du-phare\/","title":{"rendered":"VUE DU PHARE"},"content":{"rendered":"<p><img loading=\"lazy\" decoding=\"async\" class=\"size-medium wp-image-110586 aligncenter\" src=\"https:\/\/www.radiobeton.com\/www\/wp-content\/uploads\/2022\/10\/Vue-du-Phare-300x300.jpg\" alt=\"\" width=\"300\" height=\"300\" srcset=\"https:\/\/www.radiobeton.com\/www\/wp-content\/uploads\/2022\/10\/Vue-du-Phare-300x300.jpg 300w, https:\/\/www.radiobeton.com\/www\/wp-content\/uploads\/2022\/10\/Vue-du-Phare-1024x1024.jpg 1024w, https:\/\/www.radiobeton.com\/www\/wp-content\/uploads\/2022\/10\/Vue-du-Phare-150x150.jpg 150w, https:\/\/www.radiobeton.com\/www\/wp-content\/uploads\/2022\/10\/Vue-du-Phare-768x768.jpg 768w, https:\/\/www.radiobeton.com\/www\/wp-content\/uploads\/2022\/10\/Vue-du-Phare.jpg 1080w\" sizes=\"auto, (max-width: 300px) 85vw, 300px\" \/><\/p>\n<div class=\"x11i5rnm xat24cr x1mh8g0r x1vvkbs xtlvy1s x126k92a\">\n<div dir=\"auto\"><span class=\"x3nfvp2 x1j61x8r x1fcty0u xdj266r xhhsvwb xat24cr xgzva0m xxymvpz xlup9mm x1kky2od\"><img loading=\"lazy\" decoding=\"async\" src=\"https:\/\/static.xx.fbcdn.net\/images\/emoji.php\/v9\/t72\/1\/16\/1f538.png\" alt=\"&#x1f538;\" width=\"16\" height=\"16\" \/><\/span>C\u2019est l\u2019\u00e9mission de jazz, mais pas que ! Les yeux et les oreilles grands ouverts, vous y retrouverez du swing &amp; du funk, des classiques &amp; des modernes et du be-bop &amp; de l\u2019\u00e9lectro.<\/div>\n<div dir=\"auto\"><span class=\"x3nfvp2 x1j61x8r x1fcty0u xdj266r xhhsvwb xat24cr xgzva0m xxymvpz xlup9mm x1kky2od\"><img loading=\"lazy\" decoding=\"async\" src=\"https:\/\/static.xx.fbcdn.net\/images\/emoji.php\/v9\/t72\/1\/16\/1f538.png\" alt=\"&#x1f538;\" width=\"16\" height=\"16\" \/><\/span>Le Jeudi 15h-16h<\/div>\n<p dir=\"auto\"><span class=\"x3nfvp2 x1j61x8r x1fcty0u xdj266r xhhsvwb xat24cr xgzva0m xxymvpz xlup9mm x1kky2od\"><img loading=\"lazy\" decoding=\"async\" src=\"https:\/\/static.xx.fbcdn.net\/images\/emoji.php\/v9\/t72\/1\/16\/1f538.png\" alt=\"&#x1f538;\" width=\"16\" height=\"16\" \/><\/span>Animateur : Laurent<\/p>\n<\/div>\n<div class=\"x11i5rnm xat24cr x1mh8g0r x1vvkbs xtlvy1s x126k92a\">\n<p dir=\"auto\"><span class=\"x3nfvp2 x1j61x8r x1fcty0u xdj266r xhhsvwb xat24cr xgzva0m xxymvpz xlup9mm x1kky2od\"><img loading=\"lazy\" decoding=\"async\" src=\"https:\/\/static.xx.fbcdn.net\/images\/emoji.php\/v9\/t72\/1\/16\/1f538.png\" alt=\"&#x1f538;\" width=\"16\" height=\"16\" \/><\/span>Depuis plus de 15 ans, Vue du Phare c\u2019est le jazz sur Radio B\u00e9ton 93.6, en partenariat avec le <a class=\"x1i10hfl xjbqb8w x6umtig x1b1mbwd xaqea5y xav7gou x9f619 x1ypdohk xt0psk2 xe8uvvx xdj266r x11i5rnm xat24cr x1mh8g0r xexx8yu x4uap5 x18d9i69 xkhd6sd x16tdsg8 x1hl2dhg xggy1nq x1a2a7pz xt0b8zv x1fey0fg\" tabindex=\"0\" role=\"link\" href=\"https:\/\/www.instagram.com\/_u\/petit_faucheux?fbclid=IwAR3cCOAo_2s7mQcOr2FQqNKMewrOkge7DhvVuNHTj0RRvkeiR-MaFOIdZfo\" target=\"_blank\" rel=\"nofollow noopener noreferrer\">@petit_faucheux<\/a> et <a class=\"x1i10hfl xjbqb8w x6umtig x1b1mbwd xaqea5y xav7gou x9f619 x1ypdohk xt0psk2 xe8uvvx xdj266r x11i5rnm xat24cr x1mh8g0r xexx8yu x4uap5 x18d9i69 xkhd6sd x16tdsg8 x1hl2dhg xggy1nq x1a2a7pz xt0b8zv x1fey0fg\" tabindex=\"0\" role=\"link\" href=\"https:\/\/www.instagram.com\/_u\/jazzatours?fbclid=IwAR2CRRWs1WicxJsQAbQgV8djTW31ypPreQEjZg4X2P5a-2y70fuYDEOTrbo\" target=\"_blank\" rel=\"nofollow noopener noreferrer\">@jazzatours<\/a> . Pas de sectarisme, mais une \u00e9mission ouverte \u00e0 tous les courants de la musique improvis\u00e9e, et \u00e0 tous les acteurs locaux qui font vivre cette musique. Entre un passage en revue des sorties discographiques, les coups de coeurs, les invit\u00e9s &#8211; musiciens ou programmateurs &#8211; les concerts tourangeaux et r\u00e9gionaux et les festivals, l\u2019\u00e9mission est le carrefour de la musique instrumentale et improvis\u00e9e, riche de toutes ses influences, du swing au funk, du jazz acoustique au jazz \u00e9lectrique et m\u00eame de plus en plus \u00e9lectronique. Les live de l\u2019\u00e9mission se prom\u00e8nent au gr\u00e9 de mes obligations professionnelles\u2026 mais je vous retrouve souvent en d\u00e9but de semaine pour vous laisser le temps d\u2019aller r\u00e9server vos concerts de fin de semaine. En esp\u00e9rant vous retrouver bient\u00f4t, vous pouvez aller consulter les playlists des \u00e9missions pass\u00e9es sur le site de la radio &#8211; elles sont r\u00e9guli\u00e8rement mises \u00e0 jour, le plus souvent juste apr\u00e8s l\u2019\u00e9mission.<\/p>\n<\/div>\n<div class=\"x11i5rnm xat24cr x1mh8g0r x1vvkbs xtlvy1s x126k92a\">\n<div dir=\"auto\"><span class=\"x3nfvp2 x1j61x8r x1fcty0u xdj266r xhhsvwb xat24cr xgzva0m xxymvpz xlup9mm x1kky2od\"><img loading=\"lazy\" decoding=\"async\" src=\"https:\/\/static.xx.fbcdn.net\/images\/emoji.php\/v9\/t72\/1\/16\/1f538.png\" alt=\"&#x1f538;\" width=\"16\" height=\"16\" \/><\/span>Liens<\/div>\n<\/div>\n<div class=\"x11i5rnm xat24cr x1mh8g0r x1vvkbs xtlvy1s x126k92a\">\n<div dir=\"auto\"><a href=\"https:\/\/www.facebook.com\/profile.php?id=100063610205536&amp;__cft__[0]=AZUDAovWAx2BwxzZRmpwn6jmY2_vekDXkkEcspqgKxJFJIsqHgo6j2HFk00H74U7U_kzzdhFR2WCuFaCQm2fHv00mL1JLYVhvyflByma5PvBhzBOrCyaP9ZiycSqcigoDW0&amp;__tn__=-]K-R\">Page Facebook<\/a><\/div>\n<\/div>\n<div class=\"x11i5rnm xat24cr x1mh8g0r x1vvkbs xtlvy1s x126k92a\">\n<p dir=\"auto\">Playlists: <a class=\"x1i10hfl xjbqb8w x6umtig x1b1mbwd xaqea5y xav7gou x9f619 x1ypdohk xt0psk2 xe8uvvx xdj266r x11i5rnm xat24cr x1mh8g0r xexx8yu x4uap5 x18d9i69 xkhd6sd x16tdsg8 x1hl2dhg xggy1nq x1a2a7pz xt0b8zv x1fey0fg\" tabindex=\"0\" role=\"link\" href=\"https:\/\/www.radiobeton.com\/www\/categories\/la-radio\/les-emissions-specialisees\/vue-du-phare\/?fbclid=IwAR1NmziQ2XXAfCCT2Z3_cd3VBg6XKjHaKNnfTuayVULLRhRwgmXUKfrfbBE\" target=\"_blank\" rel=\"nofollow noopener noreferrer\">https:\/\/www.radiobeton.com\/&#8230;\/les&#8230;\/vue-du-phare\/<\/a><\/p>\n<\/div>\n","protected":false},"excerpt":{"rendered":"<p>C\u2019est l\u2019\u00e9mission de jazz, mais pas que ! Les yeux et les oreilles grands ouverts, vous y retrouverez du swing &amp; du funk, des classiques &amp; des modernes et du be-bop &amp; de l\u2019\u00e9lectro. Le Jeudi 15h-16h Animateur : Laurent Depuis plus de 15 ans, Vue du Phare c\u2019est le jazz sur Radio B\u00e9ton 93.6, &hellip; <a href=\"https:\/\/www.radiobeton.com\/www\/la-radio\/vue-du-phare\/\" class=\"more-link\">Continuer la lecture<span class=\"screen-reader-text\"> de &laquo;&nbsp;VUE DU PHARE&nbsp;&raquo;<\/span><\/a><\/p>\n","protected":false},"author":28,"featured_media":0,"parent":21603,"menu_order":0,"comment_status":"closed","ping_status":"closed","template":"","meta":{"footnotes":""},"class_list":["post-110585","page","type-page","status-publish","hentry"],"_links":{"self":[{"href":"https:\/\/www.radiobeton.com\/www\/wp-json\/wp\/v2\/pages\/110585","targetHints":{"allow":["GET"]}}],"collection":[{"href":"https:\/\/www.radiobeton.com\/www\/wp-json\/wp\/v2\/pages"}],"about":[{"href":"https:\/\/www.radiobeton.com\/www\/wp-json\/wp\/v2\/types\/page"}],"author":[{"embeddable":true,"href":"https:\/\/www.radiobeton.com\/www\/wp-json\/wp\/v2\/users\/28"}],"replies":[{"embeddable":true,"href":"https:\/\/www.radiobeton.com\/www\/wp-json\/wp\/v2\/comments?post=110585"}],"version-history":[{"count":4,"href":"https:\/\/www.radiobeton.com\/www\/wp-json\/wp\/v2\/pages\/110585\/revisions"}],"predecessor-version":[{"id":125933,"href":"https:\/\/www.radiobeton.com\/www\/wp-json\/wp\/v2\/pages\/110585\/revisions\/125933"}],"up":[{"embeddable":true,"href":"https:\/\/www.radiobeton.com\/www\/wp-json\/wp\/v2\/pages\/21603"}],"wp:attachment":[{"href":"https:\/\/www.radiobeton.com\/www\/wp-json\/wp\/v2\/media?parent=110585"}],"curies":[{"name":"wp","href":"https:\/\/api.w.org\/{rel}","templated":true}]}}