{"id":110705,"date":"2022-10-25T00:13:24","date_gmt":"2022-10-24T22:13:24","guid":{"rendered":"https:\/\/www.radiobeton.com\/www\/?page_id=110705"},"modified":"2023-06-12T19:51:25","modified_gmt":"2023-06-12T17:51:25","slug":"la-cour-des-miracles","status":"publish","type":"page","link":"https:\/\/www.radiobeton.com\/www\/la-radio\/la-cour-des-miracles\/","title":{"rendered":"LA COUR DES MIRACLES"},"content":{"rendered":"<p><img loading=\"lazy\" decoding=\"async\" class=\"size-medium wp-image-110706 aligncenter\" src=\"https:\/\/www.radiobeton.com\/www\/wp-content\/uploads\/2022\/10\/La-Cour-des-Miracles-300x300.png\" alt=\"\" width=\"300\" height=\"300\" srcset=\"https:\/\/www.radiobeton.com\/www\/wp-content\/uploads\/2022\/10\/La-Cour-des-Miracles-300x300.png 300w, https:\/\/www.radiobeton.com\/www\/wp-content\/uploads\/2022\/10\/La-Cour-des-Miracles-1024x1024.png 1024w, https:\/\/www.radiobeton.com\/www\/wp-content\/uploads\/2022\/10\/La-Cour-des-Miracles-150x150.png 150w, https:\/\/www.radiobeton.com\/www\/wp-content\/uploads\/2022\/10\/La-Cour-des-Miracles-768x768.png 768w, https:\/\/www.radiobeton.com\/www\/wp-content\/uploads\/2022\/10\/La-Cour-des-Miracles.png 1079w\" sizes=\"auto, (max-width: 300px) 85vw, 300px\" \/><\/p>\n<div class=\"x11i5rnm xat24cr x1mh8g0r x1vvkbs xtlvy1s x126k92a\">\n<div dir=\"auto\"><span class=\"x3nfvp2 x1j61x8r x1fcty0u xdj266r xhhsvwb xat24cr xgzva0m xxymvpz xlup9mm x1kky2od\"><span class=\"x3nfvp2 x1j61x8r x1fcty0u xdj266r xhhsvwb xat24cr xgzva0m xxymvpz xlup9mm x1kky2od\"><img loading=\"lazy\" decoding=\"async\" src=\"https:\/\/static.xx.fbcdn.net\/images\/emoji.php\/v9\/t72\/1\/16\/1f538.png\" alt=\"&#x1f538;\" width=\"16\" height=\"16\" \/><\/span>Musiques \u00e9lectroniques<\/span><\/div>\n<div dir=\"auto\"><span class=\"x3nfvp2 x1j61x8r x1fcty0u xdj266r xhhsvwb xat24cr xgzva0m xxymvpz xlup9mm x1kky2od\"><img loading=\"lazy\" decoding=\"async\" src=\"https:\/\/static.xx.fbcdn.net\/images\/emoji.php\/v9\/t72\/1\/16\/1f538.png\" alt=\"&#x1f538;\" width=\"16\" height=\"16\" \/><span data-sheets-value=\"{&quot;1&quot;:2,&quot;2&quot;:&quot;23h-00h en quinzaine&quot;}\" data-sheets-userformat=\"{&quot;2&quot;:13309,&quot;3&quot;:{&quot;1&quot;:0},&quot;5&quot;:{&quot;1&quot;:[{&quot;1&quot;:2,&quot;2&quot;:0,&quot;5&quot;:{&quot;1&quot;:2,&quot;2&quot;:4031942}},{&quot;1&quot;:0,&quot;2&quot;:0,&quot;3&quot;:3},{&quot;1&quot;:1,&quot;2&quot;:0,&quot;4&quot;:1}]},&quot;6&quot;:{&quot;1&quot;:[{&quot;1&quot;:2,&quot;2&quot;:0,&quot;5&quot;:{&quot;1&quot;:2,&quot;2&quot;:4031942}},{&quot;1&quot;:0,&quot;2&quot;:0,&quot;3&quot;:3},{&quot;1&quot;:1,&quot;2&quot;:0,&quot;4&quot;:1}]},&quot;7&quot;:{&quot;1&quot;:[{&quot;1&quot;:2,&quot;2&quot;:0,&quot;5&quot;:{&quot;1&quot;:2,&quot;2&quot;:4031942}},{&quot;1&quot;:0,&quot;2&quot;:0,&quot;3&quot;:3},{&quot;1&quot;:1,&quot;2&quot;:0,&quot;4&quot;:1}]},&quot;8&quot;:{&quot;1&quot;:[{&quot;1&quot;:2,&quot;2&quot;:0,&quot;5&quot;:{&quot;1&quot;:2,&quot;2&quot;:4031942}},{&quot;1&quot;:0,&quot;2&quot;:0,&quot;3&quot;:3},{&quot;1&quot;:1,&quot;2&quot;:0,&quot;4&quot;:1}]},&quot;9&quot;:0,&quot;10&quot;:1,&quot;11&quot;:4,&quot;12&quot;:0,&quot;15&quot;:&quot;Montserrat&quot;,&quot;16&quot;:11}\">23h-00h en quinzaine<\/span><\/span><\/div>\n<p dir=\"auto\"><span class=\"x3nfvp2 x1j61x8r x1fcty0u xdj266r xhhsvwb xat24cr xgzva0m xxymvpz xlup9mm x1kky2od\"><img loading=\"lazy\" decoding=\"async\" src=\"https:\/\/static.xx.fbcdn.net\/images\/emoji.php\/v9\/t72\/1\/16\/1f538.png\" alt=\"&#x1f538;\" width=\"16\" height=\"16\" \/><\/span>Animateurices : pas r\u00e9ellement d&rsquo;animateur puisqu&rsquo;il s&rsquo;agit d&rsquo;une carte blanche \u00e0 un-e DJ diff\u00e9rent-e \u00e0 chaque \u00e9mission sous forme de DJ set d&rsquo;une heure.<\/p>\n<\/div>\n<div class=\"x11i5rnm xat24cr x1mh8g0r x1vvkbs xtlvy1s x126k92a\">\n<p dir=\"auto\"><span class=\"x3nfvp2 x1j61x8r x1fcty0u xdj266r xhhsvwb xat24cr xgzva0m xxymvpz xlup9mm x1kky2od\"><img loading=\"lazy\" decoding=\"async\" src=\"https:\/\/static.xx.fbcdn.net\/images\/emoji.php\/v9\/t72\/1\/16\/1f538.png\" alt=\"&#x1f538;\" width=\"16\" height=\"16\" \/><\/span>\u00a0LCDM Podcast est le pendant radiophonique du nouveau collectif tourangeau de musiques \u00e9lectroniques LA COUR DES MIRACLES, un collectif d&rsquo;organisation d&rsquo;\u00e9v\u00e9nements, de soir\u00e9es ou un micro-label entre autres r\u00e9jouissances&#8230; Le moteur de ce projet est l&rsquo;envie d&rsquo;offrir des cartes blanches \u00e0 nos DJs r\u00e9sidents mais \u00e9galement \u00e0 des artistes qu&rsquo;on aime pendant une heure, sous forme de s\u00e9lection mix\u00e9e avec une programmation qui change \u00e0 chaque num\u00e9ro.<\/p>\n<\/div>\n<div class=\"x11i5rnm xat24cr x1mh8g0r x1vvkbs xtlvy1s x126k92a\" data-wp-editing=\"1\">\n<p dir=\"auto\"><span class=\"x3nfvp2 x1j61x8r x1fcty0u xdj266r xhhsvwb xat24cr xgzva0m xxymvpz xlup9mm x1kky2od\"><img loading=\"lazy\" decoding=\"async\" src=\"https:\/\/static.xx.fbcdn.net\/images\/emoji.php\/v9\/t72\/1\/16\/1f538.png\" alt=\"&#x1f538;\" width=\"16\" height=\"16\" \/><\/span>Liens<br \/>\n<a href=\"https:\/\/www.facebook.com\/lacourdesmiraclescollectif?__cft__[0]=AZUkjnuCKlln65MdwJHbhHM6pGw5EjavZSFuHLelfEDFCzrK3LawrXalkryVz7Atum91AvkdhtWcS85XEdvmkK5Pc7ZLRuAEAoWmRa326ocuaNDYoMET3XpYaAqS6N5t17U&amp;__tn__=-]K-R\">Page Facebook<\/a><br \/>\n<a class=\"x1i10hfl xjbqb8w x6umtig x1b1mbwd xaqea5y xav7gou x9f619 x1ypdohk xt0psk2 xe8uvvx xdj266r x11i5rnm xat24cr x1mh8g0r xexx8yu x4uap5 x18d9i69 xkhd6sd x16tdsg8 x1hl2dhg xggy1nq x1a2a7pz xt0b8zv x1fey0fg\" tabindex=\"0\" role=\"link\" href=\"https:\/\/www.instagram.com\/lcdmcollectif\/?hl=fr&amp;fbclid=IwAR00spIm_UYbHMS3k7ZEZN61EwqP8JwK47LoApCK2AFBwsDdA3c8KCPWVh0\" target=\"_blank\" rel=\"nofollow noopener noreferrer\">instagram<\/a><\/p>\n<div dir=\"auto\"><\/div>\n<div dir=\"auto\"><\/div>\n<\/div>\n<p>https:\/\/soundcloud.com\/lacourdesmiracles?utm_source=clipboard&#038;utm_medium=text&#038;utm_campaign=social_sharing<\/p>\n","protected":false},"excerpt":{"rendered":"<p>Musiques \u00e9lectroniques 23h-00h en quinzaine Animateurices : pas r\u00e9ellement d&rsquo;animateur puisqu&rsquo;il s&rsquo;agit d&rsquo;une carte blanche \u00e0 un-e DJ diff\u00e9rent-e \u00e0 chaque \u00e9mission sous forme de DJ set d&rsquo;une heure. \u00a0LCDM Podcast est le pendant radiophonique du nouveau collectif tourangeau de musiques \u00e9lectroniques LA COUR DES MIRACLES, un collectif d&rsquo;organisation d&rsquo;\u00e9v\u00e9nements, de soir\u00e9es ou un micro-label &hellip; <a href=\"https:\/\/www.radiobeton.com\/www\/la-radio\/la-cour-des-miracles\/\" class=\"more-link\">Continuer la lecture<span class=\"screen-reader-text\"> de &laquo;&nbsp;LA COUR DES MIRACLES&nbsp;&raquo;<\/span><\/a><\/p>\n","protected":false},"author":28,"featured_media":0,"parent":21603,"menu_order":0,"comment_status":"closed","ping_status":"closed","template":"","meta":{"footnotes":""},"class_list":["post-110705","page","type-page","status-publish","hentry"],"_links":{"self":[{"href":"https:\/\/www.radiobeton.com\/www\/wp-json\/wp\/v2\/pages\/110705","targetHints":{"allow":["GET"]}}],"collection":[{"href":"https:\/\/www.radiobeton.com\/www\/wp-json\/wp\/v2\/pages"}],"about":[{"href":"https:\/\/www.radiobeton.com\/www\/wp-json\/wp\/v2\/types\/page"}],"author":[{"embeddable":true,"href":"https:\/\/www.radiobeton.com\/www\/wp-json\/wp\/v2\/users\/28"}],"replies":[{"embeddable":true,"href":"https:\/\/www.radiobeton.com\/www\/wp-json\/wp\/v2\/comments?post=110705"}],"version-history":[{"count":6,"href":"https:\/\/www.radiobeton.com\/www\/wp-json\/wp\/v2\/pages\/110705\/revisions"}],"predecessor-version":[{"id":116515,"href":"https:\/\/www.radiobeton.com\/www\/wp-json\/wp\/v2\/pages\/110705\/revisions\/116515"}],"up":[{"embeddable":true,"href":"https:\/\/www.radiobeton.com\/www\/wp-json\/wp\/v2\/pages\/21603"}],"wp:attachment":[{"href":"https:\/\/www.radiobeton.com\/www\/wp-json\/wp\/v2\/media?parent=110705"}],"curies":[{"name":"wp","href":"https:\/\/api.w.org\/{rel}","templated":true}]}}