{"id":110774,"date":"2022-10-26T20:36:13","date_gmt":"2022-10-26T18:36:13","guid":{"rendered":"https:\/\/www.radiobeton.com\/www\/?page_id=110774"},"modified":"2022-12-28T12:31:18","modified_gmt":"2022-12-28T11:31:18","slug":"s-a-f-e","status":"publish","type":"page","link":"https:\/\/www.radiobeton.com\/www\/la-radio\/s-a-f-e\/","title":{"rendered":"S.A.F.E"},"content":{"rendered":"<p><img loading=\"lazy\" decoding=\"async\" class=\"size-medium wp-image-110776 aligncenter\" src=\"https:\/\/www.radiobeton.com\/www\/wp-content\/uploads\/2022\/10\/312309486_1142058753073569_1154106181006393275_n-300x250.jpg\" alt=\"\" width=\"300\" height=\"250\" srcset=\"https:\/\/www.radiobeton.com\/www\/wp-content\/uploads\/2022\/10\/312309486_1142058753073569_1154106181006393275_n-300x250.jpg 300w, https:\/\/www.radiobeton.com\/www\/wp-content\/uploads\/2022\/10\/312309486_1142058753073569_1154106181006393275_n-1024x853.jpg 1024w, https:\/\/www.radiobeton.com\/www\/wp-content\/uploads\/2022\/10\/312309486_1142058753073569_1154106181006393275_n-768x640.jpg 768w, https:\/\/www.radiobeton.com\/www\/wp-content\/uploads\/2022\/10\/312309486_1142058753073569_1154106181006393275_n-1536x1280.jpg 1536w, https:\/\/www.radiobeton.com\/www\/wp-content\/uploads\/2022\/10\/312309486_1142058753073569_1154106181006393275_n-1200x1000.jpg 1200w, https:\/\/www.radiobeton.com\/www\/wp-content\/uploads\/2022\/10\/312309486_1142058753073569_1154106181006393275_n.jpg 2048w\" sizes=\"auto, (max-width: 300px) 85vw, 300px\" \/><\/p>\n<p style=\"text-align: center;\">SAFE [Soul Afrobeat Funk Etc]<\/p>\n<p><span class=\"x3nfvp2 x1j61x8r x1fcty0u xdj266r xhhsvwb xat24cr xgzva0m xxymvpz xlup9mm x1kky2od\"><img loading=\"lazy\" decoding=\"async\" src=\"https:\/\/static.xx.fbcdn.net\/images\/emoji.php\/v9\/t72\/1\/16\/1f538.png\" alt=\"&#x1f538;\" width=\"16\" height=\"16\" \/><\/span>Tout ce qui gravite autour de la Soul, de l\u2019Afrobeat, de la Funk et ceci du monde entier et de toute p\u00e9riode. Une bonne dose de nouveaut\u00e9 et de raret\u00e9s, une pinc\u00e9e de classique.<\/p>\n<p><span class=\"x3nfvp2 x1j61x8r x1fcty0u xdj266r xhhsvwb xat24cr xgzva0m xxymvpz xlup9mm x1kky2od\"><img loading=\"lazy\" decoding=\"async\" src=\"https:\/\/static.xx.fbcdn.net\/images\/emoji.php\/v9\/t72\/1\/16\/1f538.png\" alt=\"&#x1f538;\" width=\"16\" height=\"16\" \/><\/span>mercredis de 21h \u00e0 22h<\/p>\n<p><span class=\"x3nfvp2 x1j61x8r x1fcty0u xdj266r xhhsvwb xat24cr xgzva0m xxymvpz xlup9mm x1kky2od\"><img loading=\"lazy\" decoding=\"async\" src=\"https:\/\/static.xx.fbcdn.net\/images\/emoji.php\/v9\/t72\/1\/16\/1f538.png\" alt=\"&#x1f538;\" width=\"16\" height=\"16\" \/><\/span>Animateurs : Andry R \/ Selecta Yaya<\/p>\n<p><span class=\"x3nfvp2 x1j61x8r x1fcty0u xdj266r xhhsvwb xat24cr xgzva0m xxymvpz xlup9mm x1kky2od\"><img loading=\"lazy\" decoding=\"async\" src=\"https:\/\/static.xx.fbcdn.net\/images\/emoji.php\/v9\/t72\/1\/16\/1f538.png\" alt=\"&#x1f538;\" width=\"16\" height=\"16\" \/><\/span>Je fr\u00e9quente Radio B\u00e9ton depuis octobre 1995. Ma premi\u00e8re \u00e9mission a a eu le lieu mercredi 7 F\u00e9vrier 1996 sur le m\u00eame cr\u00e9neau 21h-22h et c\u2019\u00e9tait exclusivement Hip Hop. Ensuite jusqu\u2019en 2008, j\u2019ai coanim\u00e9 une \u00e9mission Hip Hop intitul\u00e9e <em>BSide Airlines<\/em> avec Dj Nicholson. En 2015, apr\u00e8s avoir fait une \u00e9mission sp\u00e9ciale \u00ab Sample dans les musiques Hip Hop \u00bb, j\u2019ai eu comme une r\u00e9v\u00e9lation. Le Hip Hop \u00e9tant la petite s\u0153ur des musiques Soul Funk ; l\u2019Afrobeat de F\u00eala Anikulapo-Kuti \u00e9tant une cousine, je voulais une \u00e9mission mettant en avant la famille des musiques dites noires. Andry<\/p>\n<p><span class=\"x3nfvp2 x1j61x8r x1fcty0u xdj266r xhhsvwb xat24cr xgzva0m xxymvpz xlup9mm x1kky2od\"><img loading=\"lazy\" decoding=\"async\" src=\"https:\/\/static.xx.fbcdn.net\/images\/emoji.php\/v9\/t72\/1\/16\/1f538.png\" alt=\"&#x1f538;\" width=\"16\" height=\"16\" \/><\/span>Lien<\/p>\n<p>Instagram : andry.h_rjmr<\/p>\n<p><img loading=\"lazy\" decoding=\"async\" class=\"size-medium wp-image-110775 aligncenter\" src=\"https:\/\/www.radiobeton.com\/www\/wp-content\/uploads\/2022\/10\/309227652_428512189241959_7612139861544011340_n-300x108.jpg\" alt=\"\" width=\"300\" height=\"108\" srcset=\"https:\/\/www.radiobeton.com\/www\/wp-content\/uploads\/2022\/10\/309227652_428512189241959_7612139861544011340_n-300x108.jpg 300w, https:\/\/www.radiobeton.com\/www\/wp-content\/uploads\/2022\/10\/309227652_428512189241959_7612139861544011340_n-1024x368.jpg 1024w, https:\/\/www.radiobeton.com\/www\/wp-content\/uploads\/2022\/10\/309227652_428512189241959_7612139861544011340_n-768x276.jpg 768w, https:\/\/www.radiobeton.com\/www\/wp-content\/uploads\/2022\/10\/309227652_428512189241959_7612139861544011340_n-1536x552.jpg 1536w, https:\/\/www.radiobeton.com\/www\/wp-content\/uploads\/2022\/10\/309227652_428512189241959_7612139861544011340_n-1200x431.jpg 1200w, https:\/\/www.radiobeton.com\/www\/wp-content\/uploads\/2022\/10\/309227652_428512189241959_7612139861544011340_n.jpg 1644w\" sizes=\"auto, (max-width: 300px) 85vw, 300px\" \/><\/p>\n","protected":false},"excerpt":{"rendered":"<p>SAFE [Soul Afrobeat Funk Etc] Tout ce qui gravite autour de la Soul, de l\u2019Afrobeat, de la Funk et ceci du monde entier et de toute p\u00e9riode. Une bonne dose de nouveaut\u00e9 et de raret\u00e9s, une pinc\u00e9e de classique. mercredis de 21h \u00e0 22h Animateurs : Andry R \/ Selecta Yaya Je fr\u00e9quente Radio B\u00e9ton &hellip; <a href=\"https:\/\/www.radiobeton.com\/www\/la-radio\/s-a-f-e\/\" class=\"more-link\">Continuer la lecture<span class=\"screen-reader-text\"> de &laquo;&nbsp;S.A.F.E&nbsp;&raquo;<\/span><\/a><\/p>\n","protected":false},"author":28,"featured_media":0,"parent":21603,"menu_order":0,"comment_status":"closed","ping_status":"closed","template":"","meta":{"footnotes":""},"class_list":["post-110774","page","type-page","status-publish","hentry"],"_links":{"self":[{"href":"https:\/\/www.radiobeton.com\/www\/wp-json\/wp\/v2\/pages\/110774","targetHints":{"allow":["GET"]}}],"collection":[{"href":"https:\/\/www.radiobeton.com\/www\/wp-json\/wp\/v2\/pages"}],"about":[{"href":"https:\/\/www.radiobeton.com\/www\/wp-json\/wp\/v2\/types\/page"}],"author":[{"embeddable":true,"href":"https:\/\/www.radiobeton.com\/www\/wp-json\/wp\/v2\/users\/28"}],"replies":[{"embeddable":true,"href":"https:\/\/www.radiobeton.com\/www\/wp-json\/wp\/v2\/comments?post=110774"}],"version-history":[{"count":4,"href":"https:\/\/www.radiobeton.com\/www\/wp-json\/wp\/v2\/pages\/110774\/revisions"}],"predecessor-version":[{"id":112460,"href":"https:\/\/www.radiobeton.com\/www\/wp-json\/wp\/v2\/pages\/110774\/revisions\/112460"}],"up":[{"embeddable":true,"href":"https:\/\/www.radiobeton.com\/www\/wp-json\/wp\/v2\/pages\/21603"}],"wp:attachment":[{"href":"https:\/\/www.radiobeton.com\/www\/wp-json\/wp\/v2\/media?parent=110774"}],"curies":[{"name":"wp","href":"https:\/\/api.w.org\/{rel}","templated":true}]}}