{"id":110788,"date":"2022-10-26T21:04:35","date_gmt":"2022-10-26T19:04:35","guid":{"rendered":"https:\/\/www.radiobeton.com\/www\/?page_id=110788"},"modified":"2023-02-28T12:06:13","modified_gmt":"2023-02-28T11:06:13","slug":"polemix-la-voix-off","status":"publish","type":"page","link":"https:\/\/www.radiobeton.com\/www\/la-radio\/polemix-la-voix-off\/","title":{"rendered":"POLEMIX &#038; LA VOIX OFF"},"content":{"rendered":"<p><img loading=\"lazy\" decoding=\"async\" class=\" wp-image-70688 aligncenter\" src=\"https:\/\/www.radiobeton.com\/www\/wp-content\/uploads\/2018\/09\/polemix-voix-off-300x98.png\" alt=\"\" width=\"299\" height=\"98\" srcset=\"https:\/\/www.radiobeton.com\/www\/wp-content\/uploads\/2018\/09\/polemix-voix-off-300x98.png 300w, https:\/\/www.radiobeton.com\/www\/wp-content\/uploads\/2018\/09\/polemix-voix-off.png 766w\" sizes=\"auto, (max-width: 299px) 85vw, 299px\" \/><\/p>\n<p><span class=\"x3nfvp2 x1j61x8r x1fcty0u xdj266r xhhsvwb xat24cr xgzva0m xxymvpz xlup9mm x1kky2od\"><img loading=\"lazy\" decoding=\"async\" src=\"https:\/\/static.xx.fbcdn.net\/images\/emoji.php\/v9\/t72\/1\/16\/1f538.png\" alt=\"&#x1f538;\" width=\"16\" height=\"16\" \/><\/span>\u00ab\u00a0Ce n&rsquo;est qu&rsquo;un combat ! &#8230; Continuons le d\u00e9but !\u00a0\u00bb<\/p>\n<p><strong><span class=\"x3nfvp2 x1j61x8r x1fcty0u xdj266r xhhsvwb xat24cr xgzva0m xxymvpz xlup9mm x1kky2od\"><img loading=\"lazy\" decoding=\"async\" src=\"https:\/\/static.xx.fbcdn.net\/images\/emoji.php\/v9\/t72\/1\/16\/1f538.png\" alt=\"&#x1f538;\" width=\"16\" height=\"16\" \/><\/span><\/strong>tous les jeudis de 19h \u00e0 20h<\/p>\n<p><span class=\"x3nfvp2 x1j61x8r x1fcty0u xdj266r xhhsvwb xat24cr xgzva0m xxymvpz xlup9mm x1kky2od\"><img loading=\"lazy\" decoding=\"async\" src=\"https:\/\/static.xx.fbcdn.net\/images\/emoji.php\/v9\/t72\/1\/16\/1f538.png\" alt=\"&#x1f538;\" width=\"16\" height=\"16\" \/><\/span>Animateur : Jib\u00e9d\u00e9<\/p>\n<p><img loading=\"lazy\" decoding=\"async\" class=\"wp-image-87918 aligncenter\" src=\"https:\/\/www.radiobeton.com\/www\/wp-content\/uploads\/2020\/03\/polemix-300x300.jpg\" alt=\"\" width=\"128\" height=\"128\" srcset=\"https:\/\/www.radiobeton.com\/www\/wp-content\/uploads\/2020\/03\/polemix-300x300.jpg 300w, https:\/\/www.radiobeton.com\/www\/wp-content\/uploads\/2020\/03\/polemix-150x150.jpg 150w, https:\/\/www.radiobeton.com\/www\/wp-content\/uploads\/2020\/03\/polemix.jpg 470w\" sizes=\"auto, (max-width: 128px) 85vw, 128px\" \/><\/p>\n<div>\n<div class=\"x11i5rnm xat24cr x1mh8g0r x1vvkbs xtlvy1s x126k92a\">\n<div dir=\"auto\"><\/div>\n<\/div>\n<div class=\"x11i5rnm xat24cr x1mh8g0r x1vvkbs xtlvy1s x126k92a\">\n<div dir=\"auto\"><span class=\"x3nfvp2 x1j61x8r x1fcty0u xdj266r xhhsvwb xat24cr xgzva0m xxymvpz xlup9mm x1kky2od\"><img loading=\"lazy\" decoding=\"async\" src=\"https:\/\/static.xx.fbcdn.net\/images\/emoji.php\/v9\/t72\/1\/16\/1f538.png\" alt=\"&#x1f538;\" width=\"16\" height=\"16\" \/><\/span>C\u2019est en 1995 que le concept \u00e9merge, sur les ondes. Premier champ de bataille, la reprise par Jacques Chirac, des essais nucl\u00e9aires dans l\u2019atoll de Mururoa. \u00c0 chaque explosion, une \u00e9mission. Et puis, Guillaume rejoint Jib\u00e9d\u00e9 sur les ondes de Radio B\u00e9ton en 2002, quand Jean-Marie Lepen passe le premier tour des \u00e9lections pr\u00e9sidentielles.<\/div>\n<div dir=\"auto\">La Voix Off et Pol\u00e9mix remixaient l\u2019actualit\u00e9 \u00e0 base de beats \u00e9lectro pour en faire des mix dr\u00f4les et irrespectueux. Un exercice militant consistant \u00e0 d\u00e9tourner les discours politiques pour en faire des interludes musicaux hautement subversifs !<\/div>\n<div dir=\"auto\">\u00ab\u00a0Nous sommes une entreprise de d\u00e9rision politique. On recycle les petites phrases qui font l\u2019actu, on fait de la contestation joyeuse et th\u00e9rapeutique \u00ab\u00a0.<\/div>\n<div dir=\"auto\">P&amp;LVO est pass\u00e9 par France Inter, Nova, liberation.fr &#8230;..<\/div>\n<div dir=\"auto\">Dor\u00e9navant, l&rsquo;\u00e9mission offre une lecture de l\u2019Histoire et de l\u2019actualit\u00e9 parfois bien \u00e9loign\u00e9e des propagandes officielles\u2026 Une \u00e9mission souvent en reportage de couverture de luttes politiques, sociales et d\u00e9sormais \u00e9cologiques.<\/div>\n<div dir=\"auto\">P&amp;LVO est depuis 20 ans contre la casse des retraites et autres services publics. (H\u00f4pital, SNCF, \u00e9cole, inspecteurs des finances, du travail, etc&#8230;). Et depuis mars 2022, investie dans la lutte contre les m\u00e9ga-bassines.<\/div>\n<p dir=\"auto\">De plus, depuis 2003, chaque ann\u00e9e pour Aucard de Tours, P&amp;LVO propose des s\u00e9ries qui parlent de Radio B\u00e9ton, \u00e9missions \u00e9galement diffus\u00e9es chez nos radios partenaires.<\/p>\n<\/div>\n<\/div>\n<div><\/div>\n<div><span class=\"x3nfvp2 x1j61x8r x1fcty0u xdj266r xhhsvwb xat24cr xgzva0m xxymvpz xlup9mm x1kky2od\"><img loading=\"lazy\" decoding=\"async\" src=\"https:\/\/static.xx.fbcdn.net\/images\/emoji.php\/v9\/t72\/1\/16\/1f538.png\" alt=\"&#x1f538;\" width=\"16\" height=\"16\" \/><\/span>Liens<\/div>\n<div><\/div>\n<div><a href=\"https:\/\/www.facebook.com\/Polemix.et.la.Voix.Off\">Facebook<\/a><\/div>\n<div>\n<div class=\"x11i5rnm xat24cr x1mh8g0r x1vvkbs xtlvy1s x126k92a\">\n<div dir=\"auto\">Podcasts : <a class=\"x1i10hfl xjbqb8w x6umtig x1b1mbwd xaqea5y xav7gou x9f619 x1ypdohk xt0psk2 xe8uvvx xdj266r x11i5rnm xat24cr x1mh8g0r xexx8yu x4uap5 x18d9i69 xkhd6sd x16tdsg8 x1hl2dhg xggy1nq x1a2a7pz xt0b8zv x1fey0fg\" tabindex=\"0\" role=\"link\" href=\"https:\/\/l.facebook.com\/l.php?u=https%3A%2F%2Fpolemixetlavoixoff.com%2F%3Ffbclid%3DIwAR1lW3C66_oJyahpT1KH9950mvWrcKceXnUOIfjs9EDr5WW9kR6IzkGY3JE&amp;h=AT08SDHbYE7Kg1kOIkH1Xkot5VnJ5-gy-BUOiZ1ncuYk3TsL7OgoIy4hgVJyEw2RGXGqiDw55TaUI2ZXJhPgVgovEhxAqQdveXJ74mDD3BNMznUMQB_Bu9mDgpU0FzM67w&amp;__tn__=-UK-R&amp;c[0]=AT1aGYhHAmHblCnTz6eC9bvAt6UMs7T0tJ5Ol2zFHah-I7Hedwr5iqOfxpBLBDo1wNrgOV9-FZmFfsJZkeacIqwmX0waaJ-9WwBQ6O_bVFGYH8fgJvf3uwS-CgILO1JIy86cDLo35kz1b5PZddNtGazUsPom6p0IGOkhCVa1QQcwXJA2H_r4cpBVrX4tJvr3YrSeeLt5YIE4nXgKcpuQDKTnn5UddqaJ-K6xtg\" target=\"_blank\" rel=\"nofollow noopener\">https:\/\/polemixetlavoixoff.com\/<\/a><\/div>\n<\/div>\n<\/div>\n<p>Contact : polemixetlavoixoff@gmail.com<\/p>\n<div><\/div>\n<div><img loading=\"lazy\" decoding=\"async\" class=\" wp-image-110789 aligncenter\" src=\"https:\/\/www.radiobeton.com\/www\/wp-content\/uploads\/2022\/10\/polemix-300x240.jpg\" alt=\"\" width=\"209\" height=\"167\" srcset=\"https:\/\/www.radiobeton.com\/www\/wp-content\/uploads\/2022\/10\/polemix-300x240.jpg 300w, https:\/\/www.radiobeton.com\/www\/wp-content\/uploads\/2022\/10\/polemix.jpg 611w\" sizes=\"auto, (max-width: 209px) 85vw, 209px\" \/><\/div>\n","protected":false},"excerpt":{"rendered":"<p>\u00ab\u00a0Ce n&rsquo;est qu&rsquo;un combat ! &#8230; Continuons le d\u00e9but !\u00a0\u00bb tous les jeudis de 19h \u00e0 20h Animateur : Jib\u00e9d\u00e9 C\u2019est en 1995 que le concept \u00e9merge, sur les ondes. Premier champ de bataille, la reprise par Jacques Chirac, des essais nucl\u00e9aires dans l\u2019atoll de Mururoa. \u00c0 chaque explosion, une \u00e9mission. Et puis, Guillaume rejoint &hellip; <a href=\"https:\/\/www.radiobeton.com\/www\/la-radio\/polemix-la-voix-off\/\" class=\"more-link\">Continuer la lecture<span class=\"screen-reader-text\"> de &laquo;&nbsp;POLEMIX &#038; LA VOIX OFF&nbsp;&raquo;<\/span><\/a><\/p>\n","protected":false},"author":28,"featured_media":0,"parent":21603,"menu_order":0,"comment_status":"closed","ping_status":"closed","template":"","meta":{"footnotes":""},"class_list":["post-110788","page","type-page","status-publish","hentry"],"_links":{"self":[{"href":"https:\/\/www.radiobeton.com\/www\/wp-json\/wp\/v2\/pages\/110788","targetHints":{"allow":["GET"]}}],"collection":[{"href":"https:\/\/www.radiobeton.com\/www\/wp-json\/wp\/v2\/pages"}],"about":[{"href":"https:\/\/www.radiobeton.com\/www\/wp-json\/wp\/v2\/types\/page"}],"author":[{"embeddable":true,"href":"https:\/\/www.radiobeton.com\/www\/wp-json\/wp\/v2\/users\/28"}],"replies":[{"embeddable":true,"href":"https:\/\/www.radiobeton.com\/www\/wp-json\/wp\/v2\/comments?post=110788"}],"version-history":[{"count":3,"href":"https:\/\/www.radiobeton.com\/www\/wp-json\/wp\/v2\/pages\/110788\/revisions"}],"predecessor-version":[{"id":114183,"href":"https:\/\/www.radiobeton.com\/www\/wp-json\/wp\/v2\/pages\/110788\/revisions\/114183"}],"up":[{"embeddable":true,"href":"https:\/\/www.radiobeton.com\/www\/wp-json\/wp\/v2\/pages\/21603"}],"wp:attachment":[{"href":"https:\/\/www.radiobeton.com\/www\/wp-json\/wp\/v2\/media?parent=110788"}],"curies":[{"name":"wp","href":"https:\/\/api.w.org\/{rel}","templated":true}]}}