{"id":110796,"date":"2022-10-26T21:17:17","date_gmt":"2022-10-26T19:17:17","guid":{"rendered":"https:\/\/www.radiobeton.com\/www\/?page_id=110796"},"modified":"2023-05-25T00:14:22","modified_gmt":"2023-05-24T22:14:22","slug":"inna-mi-box","status":"publish","type":"page","link":"https:\/\/www.radiobeton.com\/www\/la-radio\/inna-mi-box\/","title":{"rendered":"INNA MI BOX"},"content":{"rendered":"<div dir=\"auto\"><\/div>\n<div dir=\"auto\"><img loading=\"lazy\" decoding=\"async\" class=\"size-medium wp-image-110981 aligncenter\" src=\"https:\/\/www.radiobeton.com\/www\/wp-content\/uploads\/2022\/10\/20221030_000201-300x225.jpg\" alt=\"\" width=\"300\" height=\"225\" srcset=\"https:\/\/www.radiobeton.com\/www\/wp-content\/uploads\/2022\/10\/20221030_000201-300x225.jpg 300w, https:\/\/www.radiobeton.com\/www\/wp-content\/uploads\/2022\/10\/20221030_000201-1024x768.jpg 1024w, https:\/\/www.radiobeton.com\/www\/wp-content\/uploads\/2022\/10\/20221030_000201-768x576.jpg 768w, https:\/\/www.radiobeton.com\/www\/wp-content\/uploads\/2022\/10\/20221030_000201-1536x1152.jpg 1536w, https:\/\/www.radiobeton.com\/www\/wp-content\/uploads\/2022\/10\/20221030_000201-2048x1536.jpg 2048w, https:\/\/www.radiobeton.com\/www\/wp-content\/uploads\/2022\/10\/20221030_000201-1200x900.jpg 1200w\" sizes=\"auto, (max-width: 300px) 85vw, 300px\" \/><\/div>\n<div dir=\"auto\"><\/div>\n<div dir=\"auto\">\n<div dir=\"auto\"><span style=\"font-family: arial, sans-serif;\"><span class=\"x3nfvp2 x1j61x8r x1fcty0u xdj266r xhhsvwb xat24cr xgzva0m xxymvpz xlup9mm x1kky2od\"><img loading=\"lazy\" decoding=\"async\" src=\"https:\/\/static.xx.fbcdn.net\/images\/emoji.php\/v9\/t72\/1\/16\/1f538.png\" alt=\"&#x1f538;\" width=\"16\" height=\"16\" \/><\/span>Inna Mi Box, c&rsquo;est un\u00a0voyage\u00a0de Kingston \u00e0 New-York, avec des escales.<\/span><\/div>\n<div dir=\"auto\">Vous serez transport\u00e9s au son cr\u00e9pitant de vinyles retra\u00e7ant des histoires sociales et musicales riches\u00a0: du Rocksteady au Rub-A-Dub, du Roots au Dancehall en passant par du Rap Boom Bap des ann\u00e9es 90\u2019.<\/div>\n<div dir=\"auto\">Les bons sons sans \u00e9tiquette les plus actuels et le Dub prendront aussi toutes leurs places, \u00e0 coup de grosses basses et de skanks\u00a0qui claquent\u00a0!<\/div>\n<\/div>\n<div dir=\"auto\"><\/div>\n<div dir=\"auto\"><\/div>\n<div dir=\"auto\"><span class=\"x3nfvp2 x1j61x8r x1fcty0u xdj266r xhhsvwb xat24cr xgzva0m xxymvpz xlup9mm x1kky2od\"><img loading=\"lazy\" decoding=\"async\" src=\"https:\/\/static.xx.fbcdn.net\/images\/emoji.php\/v9\/t72\/1\/16\/1f538.png\" alt=\"&#x1f538;\" width=\"16\" height=\"16\" \/><\/span>Tous les jeudis de 22h \u00e0 23h<\/div>\n<div dir=\"auto\"><\/div>\n<p><span class=\"x3nfvp2 x1j61x8r x1fcty0u xdj266r xhhsvwb xat24cr xgzva0m xxymvpz xlup9mm x1kky2od\"><img loading=\"lazy\" decoding=\"async\" src=\"https:\/\/static.xx.fbcdn.net\/images\/emoji.php\/v9\/t72\/1\/16\/1f538.png\" alt=\"&#x1f538;\" width=\"16\" height=\"16\" \/>Animateur : Mista Doom<\/span><\/p>\n<div dir=\"auto\"><\/div>\n<div dir=\"auto\"><span style=\"font-family: arial, sans-serif;\"><span class=\"x3nfvp2 x1j61x8r x1fcty0u xdj266r xhhsvwb xat24cr xgzva0m xxymvpz xlup9mm x1kky2od\"><img loading=\"lazy\" decoding=\"async\" src=\"https:\/\/static.xx.fbcdn.net\/images\/emoji.php\/v9\/t72\/1\/16\/1f538.png\" alt=\"&#x1f538;\" width=\"16\" height=\"16\" \/> <\/span><\/span>Passionn\u00e9 de reggae music et de hip-hop, je suis collectionneur de 45 tours Jama\u00efcains de rap US depuis 25 ans et suis pr\u00e9sent sur Radio B\u00e9ton depuis 2007, dans l&rsquo;\u00e9mission <em>Smalla Sound<\/em>.<\/div>\n<p dir=\"auto\">Je red\u00e9colle cette ann\u00e9e (2022) sur un nouveau cr\u00e9neau en proposant un format un peu plus personnel.<\/p>\n<p><span class=\"x3nfvp2 x1j61x8r x1fcty0u xdj266r xhhsvwb xat24cr xgzva0m xxymvpz xlup9mm x1kky2od\"><img loading=\"lazy\" decoding=\"async\" src=\"https:\/\/static.xx.fbcdn.net\/images\/emoji.php\/v9\/t72\/1\/16\/1f538.png\" alt=\"&#x1f538;\" width=\"16\" height=\"16\" \/> Liens<\/span><\/p>\n<p><span class=\"x3nfvp2 x1j61x8r x1fcty0u xdj266r xhhsvwb xat24cr xgzva0m xxymvpz xlup9mm x1kky2od\">Podcasts :\u00a0<a href=\"https:\/\/podcast-radiobeton.com\/inna-mi-box\">https:\/\/podcast-radiobeton.com\/inna-mi-box<\/a><\/span><\/p>\n<p>Contact : <a href=\"mailto:innamibox.beton@gmail.com\">innamibox.beton@gmail.com<\/a><\/p>\n","protected":false},"excerpt":{"rendered":"<p>Inna Mi Box, c&rsquo;est un\u00a0voyage\u00a0de Kingston \u00e0 New-York, avec des escales. Vous serez transport\u00e9s au son cr\u00e9pitant de vinyles retra\u00e7ant des histoires sociales et musicales riches\u00a0: du Rocksteady au Rub-A-Dub, du Roots au Dancehall en passant par du Rap Boom Bap des ann\u00e9es 90\u2019. Les bons sons sans \u00e9tiquette les plus actuels et le Dub &hellip; <a href=\"https:\/\/www.radiobeton.com\/www\/la-radio\/inna-mi-box\/\" class=\"more-link\">Continuer la lecture<span class=\"screen-reader-text\"> de &laquo;&nbsp;INNA MI BOX&nbsp;&raquo;<\/span><\/a><\/p>\n","protected":false},"author":28,"featured_media":0,"parent":21603,"menu_order":0,"comment_status":"closed","ping_status":"closed","template":"","meta":{"footnotes":""},"class_list":["post-110796","page","type-page","status-publish","hentry"],"_links":{"self":[{"href":"https:\/\/www.radiobeton.com\/www\/wp-json\/wp\/v2\/pages\/110796","targetHints":{"allow":["GET"]}}],"collection":[{"href":"https:\/\/www.radiobeton.com\/www\/wp-json\/wp\/v2\/pages"}],"about":[{"href":"https:\/\/www.radiobeton.com\/www\/wp-json\/wp\/v2\/types\/page"}],"author":[{"embeddable":true,"href":"https:\/\/www.radiobeton.com\/www\/wp-json\/wp\/v2\/users\/28"}],"replies":[{"embeddable":true,"href":"https:\/\/www.radiobeton.com\/www\/wp-json\/wp\/v2\/comments?post=110796"}],"version-history":[{"count":3,"href":"https:\/\/www.radiobeton.com\/www\/wp-json\/wp\/v2\/pages\/110796\/revisions"}],"predecessor-version":[{"id":116255,"href":"https:\/\/www.radiobeton.com\/www\/wp-json\/wp\/v2\/pages\/110796\/revisions\/116255"}],"up":[{"embeddable":true,"href":"https:\/\/www.radiobeton.com\/www\/wp-json\/wp\/v2\/pages\/21603"}],"wp:attachment":[{"href":"https:\/\/www.radiobeton.com\/www\/wp-json\/wp\/v2\/media?parent=110796"}],"curies":[{"name":"wp","href":"https:\/\/api.w.org\/{rel}","templated":true}]}}