{"id":110857,"date":"2022-10-27T22:22:22","date_gmt":"2022-10-27T20:22:22","guid":{"rendered":"https:\/\/www.radiobeton.com\/www\/?page_id=110857"},"modified":"2022-10-30T23:44:37","modified_gmt":"2022-10-30T22:44:37","slug":"la-derniere-dimension","status":"publish","type":"page","link":"https:\/\/www.radiobeton.com\/www\/la-radio\/la-derniere-dimension\/","title":{"rendered":"LA DERNIERE DIMENSION"},"content":{"rendered":"<p>&nbsp;<\/p>\n<p><img loading=\"lazy\" decoding=\"async\" class=\"size-medium wp-image-110858 aligncenter\" src=\"https:\/\/www.radiobeton.com\/www\/wp-content\/uploads\/2022\/10\/LaDerniereDim-300x300.jpg\" alt=\"\" width=\"300\" height=\"300\" srcset=\"https:\/\/www.radiobeton.com\/www\/wp-content\/uploads\/2022\/10\/LaDerniereDim-300x300.jpg 300w, https:\/\/www.radiobeton.com\/www\/wp-content\/uploads\/2022\/10\/LaDerniereDim-1024x1024.jpg 1024w, https:\/\/www.radiobeton.com\/www\/wp-content\/uploads\/2022\/10\/LaDerniereDim-150x150.jpg 150w, https:\/\/www.radiobeton.com\/www\/wp-content\/uploads\/2022\/10\/LaDerniereDim-768x768.jpg 768w, https:\/\/www.radiobeton.com\/www\/wp-content\/uploads\/2022\/10\/LaDerniereDim-1536x1536.jpg 1536w, https:\/\/www.radiobeton.com\/www\/wp-content\/uploads\/2022\/10\/LaDerniereDim-2048x2048.jpg 2048w, https:\/\/www.radiobeton.com\/www\/wp-content\/uploads\/2022\/10\/LaDerniereDim-1200x1200.jpg 1200w\" sizes=\"auto, (max-width: 300px) 85vw, 300px\" \/><\/p>\n<p><span class=\"x3nfvp2 x1j61x8r x1fcty0u xdj266r xhhsvwb xat24cr xgzva0m xxymvpz xlup9mm x1kky2od\"><img loading=\"lazy\" decoding=\"async\" src=\"https:\/\/static.xx.fbcdn.net\/images\/emoji.php\/v9\/t72\/1\/16\/1f538.png\" alt=\"&#x1f538;\" width=\"16\" height=\"16\" \/><span data-sheets-value=\"{&quot;1&quot;:2,&quot;2&quot;:&quot;Mix Hip Hop Live -  Hip-Hop \/ Soul \/ Funk \/ Original Breakbeats \/ Samples \/ Rare Grooves&quot;}\" data-sheets-userformat=\"{&quot;2&quot;:13309,&quot;3&quot;:{&quot;1&quot;:0},&quot;5&quot;:{&quot;1&quot;:[{&quot;1&quot;:2,&quot;2&quot;:0,&quot;5&quot;:{&quot;1&quot;:2,&quot;2&quot;:4031942}},{&quot;1&quot;:0,&quot;2&quot;:0,&quot;3&quot;:3},{&quot;1&quot;:1,&quot;2&quot;:0,&quot;4&quot;:1}]},&quot;6&quot;:{&quot;1&quot;:[{&quot;1&quot;:2,&quot;2&quot;:0,&quot;5&quot;:{&quot;1&quot;:2,&quot;2&quot;:4031942}},{&quot;1&quot;:0,&quot;2&quot;:0,&quot;3&quot;:3},{&quot;1&quot;:1,&quot;2&quot;:0,&quot;4&quot;:1}]},&quot;7&quot;:{&quot;1&quot;:[{&quot;1&quot;:2,&quot;2&quot;:0,&quot;5&quot;:{&quot;1&quot;:2,&quot;2&quot;:4031942}},{&quot;1&quot;:0,&quot;2&quot;:0,&quot;3&quot;:3},{&quot;1&quot;:1,&quot;2&quot;:0,&quot;4&quot;:1}]},&quot;8&quot;:{&quot;1&quot;:[{&quot;1&quot;:2,&quot;2&quot;:0,&quot;5&quot;:{&quot;1&quot;:2,&quot;2&quot;:4031942}},{&quot;1&quot;:0,&quot;2&quot;:0,&quot;3&quot;:3},{&quot;1&quot;:1,&quot;2&quot;:0,&quot;4&quot;:1}]},&quot;9&quot;:0,&quot;10&quot;:1,&quot;11&quot;:4,&quot;12&quot;:0,&quot;15&quot;:&quot;Montserrat&quot;,&quot;16&quot;:11}\">Mix Hip Hop Live &#8211; Hip-Hop \/ Soul \/ Funk \/ Original Breakbeats \/ Samples \/ Rare Grooves<\/span><\/span><\/p>\n<p><span class=\"x3nfvp2 x1j61x8r x1fcty0u xdj266r xhhsvwb xat24cr xgzva0m xxymvpz xlup9mm x1kky2od\"><img loading=\"lazy\" decoding=\"async\" src=\"https:\/\/static.xx.fbcdn.net\/images\/emoji.php\/v9\/t72\/1\/16\/1f538.png\" alt=\"&#x1f538;\" width=\"16\" height=\"16\" \/><span data-sheets-value=\"{&quot;1&quot;:2,&quot;2&quot;:&quot;Vendredi 21h-22h&quot;}\" data-sheets-userformat=\"{&quot;2&quot;:14883,&quot;3&quot;:{&quot;1&quot;:0},&quot;4&quot;:{&quot;1&quot;:2,&quot;2&quot;:16777215},&quot;8&quot;:{&quot;1&quot;:[{&quot;1&quot;:2,&quot;2&quot;:0,&quot;5&quot;:{&quot;1&quot;:2,&quot;2&quot;:7184107}},{&quot;1&quot;:0,&quot;2&quot;:0,&quot;3&quot;:3},{&quot;1&quot;:1,&quot;2&quot;:0,&quot;4&quot;:1}]},&quot;12&quot;:0,&quot;14&quot;:{&quot;1&quot;:3,&quot;3&quot;:1},&quot;15&quot;:&quot;Montserrat&quot;,&quot;16&quot;:11}\">Vendredi 21h-22h<\/span><\/span><\/p>\n<p><span class=\"x3nfvp2 x1j61x8r x1fcty0u xdj266r xhhsvwb xat24cr xgzva0m xxymvpz xlup9mm x1kky2od\"><img loading=\"lazy\" decoding=\"async\" src=\"https:\/\/static.xx.fbcdn.net\/images\/emoji.php\/v9\/t72\/1\/16\/1f538.png\" alt=\"&#x1f538;\" width=\"16\" height=\"16\" \/>Animateur : <span data-sheets-value=\"{&quot;1&quot;:2,&quot;2&quot;:&quot;D.J. FANKYBITZ&quot;}\" data-sheets-userformat=\"{&quot;2&quot;:13309,&quot;3&quot;:{&quot;1&quot;:0},&quot;5&quot;:{&quot;1&quot;:[{&quot;1&quot;:2,&quot;2&quot;:0,&quot;5&quot;:{&quot;1&quot;:2,&quot;2&quot;:4031942}},{&quot;1&quot;:0,&quot;2&quot;:0,&quot;3&quot;:3},{&quot;1&quot;:1,&quot;2&quot;:0,&quot;4&quot;:1}]},&quot;6&quot;:{&quot;1&quot;:[{&quot;1&quot;:2,&quot;2&quot;:0,&quot;5&quot;:{&quot;1&quot;:2,&quot;2&quot;:4031942}},{&quot;1&quot;:0,&quot;2&quot;:0,&quot;3&quot;:3},{&quot;1&quot;:1,&quot;2&quot;:0,&quot;4&quot;:1}]},&quot;7&quot;:{&quot;1&quot;:[{&quot;1&quot;:2,&quot;2&quot;:0,&quot;5&quot;:{&quot;1&quot;:2,&quot;2&quot;:4031942}},{&quot;1&quot;:0,&quot;2&quot;:0,&quot;3&quot;:3},{&quot;1&quot;:1,&quot;2&quot;:0,&quot;4&quot;:1}]},&quot;8&quot;:{&quot;1&quot;:[{&quot;1&quot;:2,&quot;2&quot;:0,&quot;5&quot;:{&quot;1&quot;:2,&quot;2&quot;:4031942}},{&quot;1&quot;:0,&quot;2&quot;:0,&quot;3&quot;:3},{&quot;1&quot;:1,&quot;2&quot;:0,&quot;4&quot;:1}]},&quot;9&quot;:0,&quot;10&quot;:1,&quot;11&quot;:4,&quot;12&quot;:0,&quot;15&quot;:&quot;Montserrat&quot;,&quot;16&quot;:11}\">D.J. FANKYBITZ<\/span><\/span><\/p>\n<p><img loading=\"lazy\" decoding=\"async\" class=\" wp-image-110859 aligncenter\" src=\"https:\/\/www.radiobeton.com\/www\/wp-content\/uploads\/2022\/10\/la-derniere-dimension-300x300.jpeg\" alt=\"\" width=\"182\" height=\"182\" srcset=\"https:\/\/www.radiobeton.com\/www\/wp-content\/uploads\/2022\/10\/la-derniere-dimension-300x300.jpeg 300w, https:\/\/www.radiobeton.com\/www\/wp-content\/uploads\/2022\/10\/la-derniere-dimension-150x150.jpeg 150w, https:\/\/www.radiobeton.com\/www\/wp-content\/uploads\/2022\/10\/la-derniere-dimension.jpeg 415w\" sizes=\"auto, (max-width: 182px) 85vw, 182px\" \/><\/p>\n<p><span class=\"x3nfvp2 x1j61x8r x1fcty0u xdj266r xhhsvwb xat24cr xgzva0m xxymvpz xlup9mm x1kky2od\"><img loading=\"lazy\" decoding=\"async\" src=\"https:\/\/static.xx.fbcdn.net\/images\/emoji.php\/v9\/t72\/1\/16\/1f538.png\" alt=\"&#x1f538;\" width=\"16\" height=\"16\" \/><span data-sheets-value=\"{&quot;1&quot;:2,&quot;2&quot;:&quot;depuis 1992, \u00e9mission cr\u00e9\u00e9e par Freddy Jay et Taksi puis reprise par mes soins \u00e0 partir de 2005, jusqu'en 2015.\\nC'est en \u00e9coutant La Derni\u00e8re Dimension sur mon Boombox que je me suis passionn\u00e9 pour le Hip-Hop. J'enregistrais toutes les \u00e9missions sur des cassettes pour me les passer en boucle dans mon autoradio.Puis j'ai eu la chance de rencontrer Freddy Jay, le cr\u00e9ateur de l'\u00e9mission. D\u00e8s que je le pouvais je venais dans les studios de B\u00e9ton admirer son talent derri\u00e8re les platines. Lorsqu'il d\u00e9m\u00e9nagea \u00e0 Paris en 2005 il me passa le flambeau et ce fut \u00e0 mon tour d'animer la Derni\u00e8re Dim'.J'ai du arr\u00eater en 2015 pour des raisons personnelles. Puis au Printemps 2022  j'ai crois\u00e9 Ludo de B\u00e9ton chez mon ami DJ. Unverse qui tient la boutique Passe Passe Store. Je lui ai dit que j'avais toujours r\u00eav\u00e9 de pouvoir diffuser l'\u00e9mission depuis chez moi,au milieu de mes vinyles et de mes platines. Il m'a dit que c'\u00e9tait d\u00e9sormais possible ! Du coup La derni\u00e8re Dim' fait son retour sur le 93.6 fin 2022 avec un cr\u00e9neau d'1H00 au lieu de 2H00, ce qui est parfait pour la philosophie \\&quot;mixtape d'autoradio\\&quot; de l'\u00e9mission. \\r\\nMa motivation est intacte : faire perdurer cette \u00e9mission qui m'a fait acheter mes platines et d\u00e9couvrir tant de musiques. L'auditeur en kiffe que j'\u00e9tais est d\u00e9sormais l'animateur en charge de faire vibrer l'audience d'aujourd'hui.&quot;}\" data-sheets-userformat=\"{&quot;2&quot;:13057,&quot;3&quot;:{&quot;1&quot;:0},&quot;11&quot;:4,&quot;12&quot;:0,&quot;15&quot;:&quot;Montserrat&quot;,&quot;16&quot;:11}\">\u00e9mission cr\u00e9\u00e9 par Freddy Jay et Taksi en 1992, puis reprise par mes soins \u00e0 partir de 2005, jusqu&rsquo;en 2015.<br \/>\nC&rsquo;est en \u00e9coutant La Derni\u00e8re Dimension sur mon Boombox que je me suis passionn\u00e9 pour le Hip-Hop. J&rsquo;enregistrais toutes les \u00e9missions sur des cassettes pour me les passer en boucle dans mon autoradio. Puis j&rsquo;ai eu la chance de rencontrer Freddy Jay, le cr\u00e9ateur de l&rsquo;\u00e9mission. D\u00e8s que je le pouvais je venais dans les studios de B\u00e9ton admirer son talent derri\u00e8re les platines. Lorsqu&rsquo;il d\u00e9m\u00e9nagea \u00e0 Paris en 2005 il me passa le flambeau et ce fut \u00e0 mon tour d&rsquo;animer la Derni\u00e8re Dim&rsquo;. J&rsquo;ai d\u00fb arr\u00eater en 2015 pour des raisons personnelles. Puis au Printemps 2022 j&rsquo;ai crois\u00e9 Ludo de B\u00e9ton chez mon ami DJ. Unverse qui tient la boutique Passe Passe Store. Je lui ai dit que j&rsquo;avais toujours r\u00eav\u00e9 de pouvoir diffuser l&rsquo;\u00e9mission depuis chez moi, au milieu de mes vinyles et de mes platines. Il m&rsquo;a dit que c&rsquo;\u00e9tait d\u00e9sormais possible ! Du coup La derni\u00e8re Dim&rsquo; fait son retour sur le 93.6 fin 2022 avec un cr\u00e9neau d&rsquo;1H00 au lieu de 2H00, ce qui est parfait pour la philosophie \u00ab\u00a0mixtape d&rsquo;autoradio\u00a0\u00bb de l&rsquo;\u00e9mission.<br \/>\nMa motivation est intacte : faire perdurer cette \u00e9mission qui m&rsquo;a fait acheter mes platines et d\u00e9couvrir tant de musiques. L&rsquo;auditeur en kiffe que j&rsquo;\u00e9tais est d\u00e9sormais l&rsquo;animateur en charge de faire vibrer l&rsquo;audience d&rsquo;aujourd&rsquo;hui.<\/span><\/span><\/p>\n<p><span class=\"x3nfvp2 x1j61x8r x1fcty0u xdj266r xhhsvwb xat24cr xgzva0m xxymvpz xlup9mm x1kky2od\"><img loading=\"lazy\" decoding=\"async\" src=\"https:\/\/static.xx.fbcdn.net\/images\/emoji.php\/v9\/t72\/1\/16\/1f538.png\" alt=\"&#x1f538;\" width=\"16\" height=\"16\" \/>Liens<\/span><\/p>\n<p><a href=\"https:\/\/www.facebook.com\/profile.php?id=100063966908091\">Page Facebook<\/a><\/p>\n<p>Instagram : @d.j.fankybitz<\/p>\n<p>Contact : <span data-sheets-value=\"{&quot;1&quot;:2,&quot;2&quot;:&quot;djfan.ldd@gmail.com&quot;}\" data-sheets-userformat=\"{&quot;2&quot;:14915,&quot;3&quot;:{&quot;1&quot;:0},&quot;4&quot;:{&quot;1&quot;:2,&quot;2&quot;:16777215},&quot;9&quot;:0,&quot;12&quot;:0,&quot;14&quot;:{&quot;1&quot;:2,&quot;2&quot;:0},&quot;15&quot;:&quot;Montserrat&quot;,&quot;16&quot;:11}\">djfan.ldd@gmail.com<\/span><\/p>\n","protected":false},"excerpt":{"rendered":"<p>&nbsp; Mix Hip Hop Live &#8211; Hip-Hop \/ Soul \/ Funk \/ Original Breakbeats \/ Samples \/ Rare Grooves Vendredi 21h-22h Animateur : D.J. FANKYBITZ \u00e9mission cr\u00e9\u00e9 par Freddy Jay et Taksi en 1992, puis reprise par mes soins \u00e0 partir de 2005, jusqu&rsquo;en 2015. C&rsquo;est en \u00e9coutant La Derni\u00e8re Dimension sur mon Boombox que &hellip; <a href=\"https:\/\/www.radiobeton.com\/www\/la-radio\/la-derniere-dimension\/\" class=\"more-link\">Continuer la lecture<span class=\"screen-reader-text\"> de &laquo;&nbsp;LA DERNIERE DIMENSION&nbsp;&raquo;<\/span><\/a><\/p>\n","protected":false},"author":28,"featured_media":0,"parent":21603,"menu_order":0,"comment_status":"closed","ping_status":"closed","template":"","meta":{"footnotes":""},"class_list":["post-110857","page","type-page","status-publish","hentry"],"_links":{"self":[{"href":"https:\/\/www.radiobeton.com\/www\/wp-json\/wp\/v2\/pages\/110857","targetHints":{"allow":["GET"]}}],"collection":[{"href":"https:\/\/www.radiobeton.com\/www\/wp-json\/wp\/v2\/pages"}],"about":[{"href":"https:\/\/www.radiobeton.com\/www\/wp-json\/wp\/v2\/types\/page"}],"author":[{"embeddable":true,"href":"https:\/\/www.radiobeton.com\/www\/wp-json\/wp\/v2\/users\/28"}],"replies":[{"embeddable":true,"href":"https:\/\/www.radiobeton.com\/www\/wp-json\/wp\/v2\/comments?post=110857"}],"version-history":[{"count":1,"href":"https:\/\/www.radiobeton.com\/www\/wp-json\/wp\/v2\/pages\/110857\/revisions"}],"predecessor-version":[{"id":110860,"href":"https:\/\/www.radiobeton.com\/www\/wp-json\/wp\/v2\/pages\/110857\/revisions\/110860"}],"up":[{"embeddable":true,"href":"https:\/\/www.radiobeton.com\/www\/wp-json\/wp\/v2\/pages\/21603"}],"wp:attachment":[{"href":"https:\/\/www.radiobeton.com\/www\/wp-json\/wp\/v2\/media?parent=110857"}],"curies":[{"name":"wp","href":"https:\/\/api.w.org\/{rel}","templated":true}]}}