{"id":110882,"date":"2022-10-27T23:13:22","date_gmt":"2022-10-27T21:13:22","guid":{"rendered":"https:\/\/www.radiobeton.com\/www\/?page_id=110882"},"modified":"2023-02-28T12:14:42","modified_gmt":"2023-02-28T11:14:42","slug":"des-o-et-debats","status":"publish","type":"page","link":"https:\/\/www.radiobeton.com\/www\/la-radio\/des-o-et-debats\/","title":{"rendered":"DES \u00d4 ET DEBATS"},"content":{"rendered":"<p><img loading=\"lazy\" decoding=\"async\" class=\"wp-image-114185 size-medium aligncenter\" src=\"https:\/\/www.radiobeton.com\/www\/wp-content\/uploads\/2023\/02\/doed-300-300x300.jpg\" alt=\"\" width=\"300\" height=\"300\" srcset=\"https:\/\/www.radiobeton.com\/www\/wp-content\/uploads\/2023\/02\/doed-300.jpg 300w, https:\/\/www.radiobeton.com\/www\/wp-content\/uploads\/2023\/02\/doed-300-150x150.jpg 150w\" sizes=\"auto, (max-width: 300px) 85vw, 300px\" \/><\/p>\n<div class=\"x11i5rnm xat24cr x1mh8g0r x1vvkbs xtlvy1s x126k92a\">\n<p dir=\"auto\"><span class=\"x3nfvp2 x1j61x8r x1fcty0u xdj266r xhhsvwb xat24cr xgzva0m xxymvpz xlup9mm x1kky2od\"><img loading=\"lazy\" decoding=\"async\" src=\"https:\/\/static.xx.fbcdn.net\/images\/emoji.php\/v9\/t72\/1\/16\/1f538.png\" alt=\"&#x1f538;\" width=\"16\" height=\"16\" \/><\/span>Interviews politico-sociales pas chiantes<\/p>\n<p dir=\"auto\"><span class=\"x3nfvp2 x1j61x8r x1fcty0u xdj266r xhhsvwb xat24cr xgzva0m xxymvpz xlup9mm x1kky2od\"><img loading=\"lazy\" decoding=\"async\" src=\"https:\/\/static.xx.fbcdn.net\/images\/emoji.php\/v9\/t72\/1\/16\/1f538.png\" alt=\"&#x1f538;\" width=\"16\" height=\"16\" \/><\/span> le samedi de 12 \u00e0 13h et le mardi de 18h \u00e0 19h (en partage avec Des poches sous les yeux)<\/p>\n<p dir=\"auto\"><span class=\"x3nfvp2 x1j61x8r x1fcty0u xdj266r xhhsvwb xat24cr xgzva0m xxymvpz xlup9mm x1kky2od\"><img loading=\"lazy\" decoding=\"async\" src=\"https:\/\/static.xx.fbcdn.net\/images\/emoji.php\/v9\/t72\/1\/16\/1f538.png\" alt=\"&#x1f538;\" width=\"16\" height=\"16\" \/><\/span> Animateurices : Fran\u00e7ois Ferrisse, Fran\u00e7ois Lafourcade, Pascal Robert, Patrick Richard, V\u00e9ronique Perroudon.<\/p>\n<\/div>\n<div class=\"x11i5rnm xat24cr x1mh8g0r x1vvkbs xtlvy1s x126k92a\">\n<p dir=\"auto\"><span class=\"x3nfvp2 x1j61x8r x1fcty0u xdj266r xhhsvwb xat24cr xgzva0m xxymvpz xlup9mm x1kky2od\"><img loading=\"lazy\" decoding=\"async\" src=\"https:\/\/static.xx.fbcdn.net\/images\/emoji.php\/v9\/t72\/1\/16\/1f538.png\" alt=\"&#x1f538;\" width=\"16\" height=\"16\" \/><\/span>L&rsquo;\u00e9mission est n\u00e9e en 2002, peu apr\u00e8s le choc des \u00e9lections pr\u00e9sidentielles, avec pour objectif de faire d\u00e9battre autour de sujets politiques, sociaux ou culturels. Dans un monde m\u00e9diatique o\u00f9 les sujets sont souvent trait\u00e9s en quelques minutes, des \u00d4 et d\u00e9bats fait le pari qu&rsquo;on peut prendre du temps pour expliquer et \u00e9changer, surtout si on n&rsquo;est pas d&rsquo;accord.<\/p>\n<\/div>\n<div class=\"x11i5rnm xat24cr x1mh8g0r x1vvkbs xtlvy1s x126k92a\">\n<p dir=\"auto\"><span class=\"x3nfvp2 x1j61x8r x1fcty0u xdj266r xhhsvwb xat24cr xgzva0m xxymvpz xlup9mm x1kky2od\"><img loading=\"lazy\" decoding=\"async\" src=\"https:\/\/static.xx.fbcdn.net\/images\/emoji.php\/v9\/t72\/1\/16\/1f538.png\" alt=\"&#x1f538;\" width=\"16\" height=\"16\" \/><\/span> Liens<\/p>\n<\/div>\n<div class=\"x11i5rnm xat24cr x1mh8g0r x1vvkbs xtlvy1s x126k92a\">\n<div dir=\"auto\">Facebook : <a class=\"x1i10hfl xjbqb8w x6umtig x1b1mbwd xaqea5y xav7gou x9f619 x1ypdohk xt0psk2 xe8uvvx xdj266r x11i5rnm xat24cr x1mh8g0r xexx8yu x4uap5 x18d9i69 xkhd6sd x16tdsg8 x1hl2dhg xggy1nq x1a2a7pz xt0b8zv x1qq9wsj xo1l8bm\" tabindex=\"0\" role=\"link\" href=\"https:\/\/www.facebook.com\/desoetdebat?__cft__[0]=AZUZ1-hw-Tg8UCqOo_mqTm4bNayOuRVg-ZLAYhjzHBTeEH0DGw6Hl5Il8bHZbj-LROSAGIpdM29WXSg3yW9Zq9dgvZCDRe5MaNxU_xOwjBt6-TWoygWbMEJY4E16GbsWH2IqLmal7_U3DO_IA-QDWYzC3TIQsPz4p1NssihU1RlkiaGjCCfF25bBxMEfCDluzYbtugKr0-9zHesvSs23qCdz&amp;__tn__=-]K-R\"><span class=\"xt0psk2\">facebook.com\/desoetdebat\/<\/span><\/a><\/div>\n<\/div>\n<div class=\"x11i5rnm xat24cr x1mh8g0r x1vvkbs xtlvy1s x126k92a\">\n<div dir=\"auto\">Podcasts :<\/div>\n<\/div>\n<div class=\"x11i5rnm xat24cr x1mh8g0r x1vvkbs xtlvy1s x126k92a\">\n<div dir=\"auto\"><a class=\"x1i10hfl xjbqb8w x6umtig x1b1mbwd xaqea5y xav7gou x9f619 x1ypdohk xt0psk2 xe8uvvx xdj266r x11i5rnm xat24cr x1mh8g0r xexx8yu x4uap5 x18d9i69 xkhd6sd x16tdsg8 x1hl2dhg xggy1nq x1a2a7pz xt0b8zv x1fey0fg\" tabindex=\"0\" role=\"link\" href=\"http:\/\/desoetdebats.blogspot.fr\/?fbclid=IwAR2SYNtea9G0vzUC4kz-rvUqK_ifj5r2OcGSqLUzh6ht1-mwiseTZ6Q1O5o\" target=\"_blank\" rel=\"nofollow noopener\">http:\/\/desoetdebats.blogspot.fr\/<\/a><\/div>\n<\/div>\n<p class=\"x11i5rnm xat24cr x1mh8g0r x1vvkbs xtlvy1s x126k92a\"><a class=\"x1i10hfl xjbqb8w x6umtig x1b1mbwd xaqea5y xav7gou x9f619 x1ypdohk xt0psk2 xe8uvvx xdj266r x11i5rnm xat24cr x1mh8g0r xexx8yu x4uap5 x18d9i69 xkhd6sd x16tdsg8 x1hl2dhg xggy1nq x1a2a7pz xt0b8zv x1fey0fg\" tabindex=\"0\" role=\"link\" href=\"https:\/\/podcast-radiobeton.com\/des-o-et-debats?fbclid=IwAR2vqjntVbhz3CMKSVSKFWMAG0pt3-57Id1SDtfo-0f2LPYWDZFOSlyu6i8\" target=\"_blank\" rel=\"nofollow noopener\">https:\/\/podcast-radiobeton.com\/des-o-et-debats<\/a><\/p>\n<p><img loading=\"lazy\" decoding=\"async\" class=\"size-full wp-image-70802 aligncenter\" src=\"https:\/\/www.radiobeton.com\/www\/wp-content\/uploads\/2018\/10\/desodebats.jpg\" alt=\"\" width=\"224\" height=\"67\" \/><\/p>\n","protected":false},"excerpt":{"rendered":"<p>Interviews politico-sociales pas chiantes le samedi de 12 \u00e0 13h et le mardi de 18h \u00e0 19h (en partage avec Des poches sous les yeux) Animateurices : Fran\u00e7ois Ferrisse, Fran\u00e7ois Lafourcade, Pascal Robert, Patrick Richard, V\u00e9ronique Perroudon. L&rsquo;\u00e9mission est n\u00e9e en 2002, peu apr\u00e8s le choc des \u00e9lections pr\u00e9sidentielles, avec pour objectif de faire d\u00e9battre &hellip; <a href=\"https:\/\/www.radiobeton.com\/www\/la-radio\/des-o-et-debats\/\" class=\"more-link\">Continuer la lecture<span class=\"screen-reader-text\"> de &laquo;&nbsp;DES \u00d4 ET DEBATS&nbsp;&raquo;<\/span><\/a><\/p>\n","protected":false},"author":28,"featured_media":0,"parent":21603,"menu_order":0,"comment_status":"closed","ping_status":"closed","template":"","meta":{"footnotes":""},"class_list":["post-110882","page","type-page","status-publish","hentry"],"_links":{"self":[{"href":"https:\/\/www.radiobeton.com\/www\/wp-json\/wp\/v2\/pages\/110882","targetHints":{"allow":["GET"]}}],"collection":[{"href":"https:\/\/www.radiobeton.com\/www\/wp-json\/wp\/v2\/pages"}],"about":[{"href":"https:\/\/www.radiobeton.com\/www\/wp-json\/wp\/v2\/types\/page"}],"author":[{"embeddable":true,"href":"https:\/\/www.radiobeton.com\/www\/wp-json\/wp\/v2\/users\/28"}],"replies":[{"embeddable":true,"href":"https:\/\/www.radiobeton.com\/www\/wp-json\/wp\/v2\/comments?post=110882"}],"version-history":[{"count":3,"href":"https:\/\/www.radiobeton.com\/www\/wp-json\/wp\/v2\/pages\/110882\/revisions"}],"predecessor-version":[{"id":114186,"href":"https:\/\/www.radiobeton.com\/www\/wp-json\/wp\/v2\/pages\/110882\/revisions\/114186"}],"up":[{"embeddable":true,"href":"https:\/\/www.radiobeton.com\/www\/wp-json\/wp\/v2\/pages\/21603"}],"wp:attachment":[{"href":"https:\/\/www.radiobeton.com\/www\/wp-json\/wp\/v2\/media?parent=110882"}],"curies":[{"name":"wp","href":"https:\/\/api.w.org\/{rel}","templated":true}]}}