{"id":110893,"date":"2022-10-27T23:35:14","date_gmt":"2022-10-27T21:35:14","guid":{"rendered":"https:\/\/www.radiobeton.com\/www\/?page_id=110893"},"modified":"2022-11-01T20:28:03","modified_gmt":"2022-11-01T19:28:03","slug":"la-face-b-2","status":"publish","type":"page","link":"https:\/\/www.radiobeton.com\/www\/la-radio\/la-face-b-2\/","title":{"rendered":"LA FACE B"},"content":{"rendered":"<p>&nbsp;<\/p>\n<p><img loading=\"lazy\" decoding=\"async\" class=\"size-medium wp-image-72063 aligncenter\" src=\"https:\/\/www.radiobeton.com\/www\/wp-content\/uploads\/2018\/10\/lafaceb-300x282.jpg\" alt=\"\" width=\"300\" height=\"282\" srcset=\"https:\/\/www.radiobeton.com\/www\/wp-content\/uploads\/2018\/10\/lafaceb-300x282.jpg 300w, https:\/\/www.radiobeton.com\/www\/wp-content\/uploads\/2018\/10\/lafaceb.jpg 439w\" sizes=\"auto, (max-width: 300px) 85vw, 300px\" \/><\/p>\n<div class=\"x11i5rnm xat24cr x1mh8g0r x1vvkbs xtlvy1s x126k92a\">\n<div dir=\"auto\"><span class=\"x3nfvp2 x1j61x8r x1fcty0u xdj266r xhhsvwb xat24cr xgzva0m xxymvpz xlup9mm x1kky2od\"><img loading=\"lazy\" decoding=\"async\" src=\"https:\/\/static.xx.fbcdn.net\/images\/emoji.php\/v9\/t72\/1\/16\/1f538.png\" alt=\"&#x1f538;\" width=\"16\" height=\"16\"><\/span>Hip Hop et \u00ab\u00a0black music\u00a0\u00bb<\/div>\n<div dir=\"auto\"><span class=\"x3nfvp2 x1j61x8r x1fcty0u xdj266r xhhsvwb xat24cr xgzva0m xxymvpz xlup9mm x1kky2od\"><img loading=\"lazy\" decoding=\"async\" src=\"https:\/\/static.xx.fbcdn.net\/images\/emoji.php\/v9\/t72\/1\/16\/1f538.png\" alt=\"&#x1f538;\" width=\"16\" height=\"16\"><\/span>Le samedi de 17H00 \u00e0 18H30 (19h voire 20h certain jours) en LIVE<\/div>\n<p dir=\"auto\"><span class=\"x3nfvp2 x1j61x8r x1fcty0u xdj266r xhhsvwb xat24cr xgzva0m xxymvpz xlup9mm x1kky2od\"><img loading=\"lazy\" decoding=\"async\" src=\"https:\/\/static.xx.fbcdn.net\/images\/emoji.php\/v9\/t72\/1\/16\/1f538.png\" alt=\"&#x1f538;\" width=\"16\" height=\"16\"><\/span>Animateurs : Selecta Rod et Julien<\/p>\n<\/div>\n<div class=\"x11i5rnm xat24cr x1mh8g0r x1vvkbs xtlvy1s x126k92a\">\n<p dir=\"auto\"><span class=\"x3nfvp2 x1j61x8r x1fcty0u xdj266r xhhsvwb xat24cr xgzva0m xxymvpz xlup9mm x1kky2od\"><img loading=\"lazy\" decoding=\"async\" src=\"https:\/\/static.xx.fbcdn.net\/images\/emoji.php\/v9\/t72\/1\/16\/1f538.png\" alt=\"&#x1f538;\" width=\"16\" height=\"16\"><\/span>Pr\u00e9sente depuis plus de 20 ans sur les ondes de radio b\u00e9ton, l&rsquo;\u00e9mission a pour but de faire d\u00e9couvrir la musique urbaine (locale et internationale) aux auditeurs en diffusant des nouveaut\u00e9es et des morceaux old school &#8230; Nous recevons aussi des invit\u00e9s (environs une trentaine par saison) pour nous pr\u00e9senter leurs projets (artistes locaux mais aussi de la France enti\u00e8re).<\/p>\n<\/div>\n<div class=\"x11i5rnm xat24cr x1mh8g0r x1vvkbs xtlvy1s x126k92a\">\n<div dir=\"auto\"><span class=\"x3nfvp2 x1j61x8r x1fcty0u xdj266r xhhsvwb xat24cr xgzva0m xxymvpz xlup9mm x1kky2od\"><img loading=\"lazy\" decoding=\"async\" src=\"https:\/\/static.xx.fbcdn.net\/images\/emoji.php\/v9\/t72\/1\/16\/1f538.png\" alt=\"&#x1f538;\" width=\"16\" height=\"16\"><\/span>Lien<\/div>\n<div dir=\"auto\"><\/div>\n<\/div>\n<div class=\"x11i5rnm xat24cr x1mh8g0r x1vvkbs xtlvy1s x126k92a\">\n<div dir=\"auto\"><a href=\"https:\/\/www.facebook.com\/profile.php?id=100062978963011&amp;__cft__[0]=AZVScuqGdDBUZhEUlBUm5IRU1nkED3eKOkKuDZO1LW86pT-mEuj1Pj7BIK7-pG_Kp8cc-inmzNOlx7q8UikliqGH9wku625YvypT3b6vne8Ed-A0fJVo2B2lZgYdBcOM9gY&amp;__tn__=-]K-R\">Page Facebook<\/a><\/div>\n<\/div>\n<p>&nbsp;<\/p>\n","protected":false},"excerpt":{"rendered":"<p>&nbsp; Hip Hop et \u00ab\u00a0black music\u00a0\u00bb Le samedi de 17H00 \u00e0 18H30 (19h voire 20h certain jours) en LIVE Animateurs : Selecta Rod et Julien Pr\u00e9sente depuis plus de 20 ans sur les ondes de radio b\u00e9ton, l&rsquo;\u00e9mission a pour but de faire d\u00e9couvrir la musique urbaine (locale et internationale) aux auditeurs en diffusant des &hellip; <a href=\"https:\/\/www.radiobeton.com\/www\/la-radio\/la-face-b-2\/\" class=\"more-link\">Continuer la lecture<span class=\"screen-reader-text\"> de &laquo;&nbsp;LA FACE B&nbsp;&raquo;<\/span><\/a><\/p>\n","protected":false},"author":28,"featured_media":0,"parent":21603,"menu_order":0,"comment_status":"closed","ping_status":"closed","template":"","meta":{"footnotes":""},"class_list":["post-110893","page","type-page","status-publish","hentry"],"_links":{"self":[{"href":"https:\/\/www.radiobeton.com\/www\/wp-json\/wp\/v2\/pages\/110893","targetHints":{"allow":["GET"]}}],"collection":[{"href":"https:\/\/www.radiobeton.com\/www\/wp-json\/wp\/v2\/pages"}],"about":[{"href":"https:\/\/www.radiobeton.com\/www\/wp-json\/wp\/v2\/types\/page"}],"author":[{"embeddable":true,"href":"https:\/\/www.radiobeton.com\/www\/wp-json\/wp\/v2\/users\/28"}],"replies":[{"embeddable":true,"href":"https:\/\/www.radiobeton.com\/www\/wp-json\/wp\/v2\/comments?post=110893"}],"version-history":[{"count":2,"href":"https:\/\/www.radiobeton.com\/www\/wp-json\/wp\/v2\/pages\/110893\/revisions"}],"predecessor-version":[{"id":110895,"href":"https:\/\/www.radiobeton.com\/www\/wp-json\/wp\/v2\/pages\/110893\/revisions\/110895"}],"up":[{"embeddable":true,"href":"https:\/\/www.radiobeton.com\/www\/wp-json\/wp\/v2\/pages\/21603"}],"wp:attachment":[{"href":"https:\/\/www.radiobeton.com\/www\/wp-json\/wp\/v2\/media?parent=110893"}],"curies":[{"name":"wp","href":"https:\/\/api.w.org\/{rel}","templated":true}]}}