{"id":110897,"date":"2022-10-27T23:43:50","date_gmt":"2022-10-27T21:43:50","guid":{"rendered":"https:\/\/www.radiobeton.com\/www\/?page_id=110897"},"modified":"2022-10-30T23:53:01","modified_gmt":"2022-10-30T22:53:01","slug":"tankya-du-son","status":"publish","type":"page","link":"https:\/\/www.radiobeton.com\/www\/la-radio\/tankya-du-son\/","title":{"rendered":"TANKYA DU SON"},"content":{"rendered":"<p>&nbsp;<\/p>\n<p><img loading=\"lazy\" decoding=\"async\" class=\"size-medium wp-image-71345 aligncenter\" src=\"https:\/\/www.radiobeton.com\/www\/wp-content\/uploads\/2018\/10\/tankyaduson-300x246.jpg\" alt=\"\" width=\"300\" height=\"246\" srcset=\"https:\/\/www.radiobeton.com\/www\/wp-content\/uploads\/2018\/10\/tankyaduson-300x246.jpg 300w, https:\/\/www.radiobeton.com\/www\/wp-content\/uploads\/2018\/10\/tankyaduson.jpg 600w\" sizes=\"auto, (max-width: 300px) 85vw, 300px\" \/><\/p>\n<p><span data-sheets-value=\"{&quot;1&quot;:2,&quot;2&quot;:&quot;Tant qu\u2019y a du son, y\u2019a de la danse. Entre Europe, Afrique et Am\u00e9riques, l\u2019\u00e9mission Tankya du Son vous propose de voyager aux quatre coins du globe \u00e0 la recherche de perles musicales qui vous donneront envie de danser et parfois de refl\u00e9chir. &#x1f609; De l\u2019afrobeat au hip hop en passant par le rhythm and blues ou le reggae, notre ma\u00eetre mot c\u2019est le partage.&quot;}\" data-sheets-userformat=\"{&quot;2&quot;:13309,&quot;3&quot;:{&quot;1&quot;:0},&quot;5&quot;:{&quot;1&quot;:[{&quot;1&quot;:2,&quot;2&quot;:0,&quot;5&quot;:{&quot;1&quot;:2,&quot;2&quot;:4031942}},{&quot;1&quot;:0,&quot;2&quot;:0,&quot;3&quot;:3},{&quot;1&quot;:1,&quot;2&quot;:0,&quot;4&quot;:1}]},&quot;6&quot;:{&quot;1&quot;:[{&quot;1&quot;:2,&quot;2&quot;:0,&quot;5&quot;:{&quot;1&quot;:2,&quot;2&quot;:4031942}},{&quot;1&quot;:0,&quot;2&quot;:0,&quot;3&quot;:3},{&quot;1&quot;:1,&quot;2&quot;:0,&quot;4&quot;:1}]},&quot;7&quot;:{&quot;1&quot;:[{&quot;1&quot;:2,&quot;2&quot;:0,&quot;5&quot;:{&quot;1&quot;:2,&quot;2&quot;:4031942}},{&quot;1&quot;:0,&quot;2&quot;:0,&quot;3&quot;:3},{&quot;1&quot;:1,&quot;2&quot;:0,&quot;4&quot;:1}]},&quot;8&quot;:{&quot;1&quot;:[{&quot;1&quot;:2,&quot;2&quot;:0,&quot;5&quot;:{&quot;1&quot;:2,&quot;2&quot;:4031942}},{&quot;1&quot;:0,&quot;2&quot;:0,&quot;3&quot;:3},{&quot;1&quot;:1,&quot;2&quot;:0,&quot;4&quot;:1}]},&quot;9&quot;:0,&quot;10&quot;:1,&quot;11&quot;:4,&quot;12&quot;:0,&quot;15&quot;:&quot;Montserrat&quot;,&quot;16&quot;:11}\"><span class=\"x3nfvp2 x1j61x8r x1fcty0u xdj266r xhhsvwb xat24cr xgzva0m xxymvpz xlup9mm x1kky2od\"><img loading=\"lazy\" decoding=\"async\" src=\"https:\/\/static.xx.fbcdn.net\/images\/emoji.php\/v9\/t72\/1\/16\/1f538.png\" alt=\"&#x1f538;\" width=\"16\" height=\"16\" \/><\/span>Tant qu\u2019y a du son, y\u2019a de la danse. Entre Europe, Afrique et Am\u00e9riques, l\u2019\u00e9mission <em>Tankya du Son<\/em> vous propose de voyager aux quatre coins du globe \u00e0 la recherche de perles musicales qui vous donneront envie de danser et parfois de r\u00e9fl\u00e9chir. &#x1f609; De l\u2019afrobeat au hip hop en passant par le rhythm and blues ou le reggae, notre ma\u00eetre mot c\u2019est le partage.<\/span><\/p>\n<p><span data-sheets-value=\"{&quot;1&quot;:2,&quot;2&quot;:&quot;1er et 3e samedi de 19h \u00e0 20h by Taksi \/ 2e et 4e samedi : 18h30-20h by Andry et son fils&quot;}\" data-sheets-userformat=\"{&quot;2&quot;:15107,&quot;3&quot;:{&quot;1&quot;:0},&quot;4&quot;:{&quot;1&quot;:2,&quot;2&quot;:16777215},&quot;11&quot;:4,&quot;12&quot;:0,&quot;14&quot;:{&quot;1&quot;:2,&quot;2&quot;:1710618},&quot;15&quot;:&quot;Montserrat&quot;,&quot;16&quot;:11}\"><span class=\"x3nfvp2 x1j61x8r x1fcty0u xdj266r xhhsvwb xat24cr xgzva0m xxymvpz xlup9mm x1kky2od\"><img loading=\"lazy\" decoding=\"async\" src=\"https:\/\/static.xx.fbcdn.net\/images\/emoji.php\/v9\/t72\/1\/16\/1f538.png\" alt=\"&#x1f538;\" width=\"16\" height=\"16\" \/><\/span>1er et 3e samedi : de 19h \u00e0 20h by Taksi<\/span><\/p>\n<p><span data-sheets-value=\"{&quot;1&quot;:2,&quot;2&quot;:&quot;1er et 3e samedi de 19h \u00e0 20h by Taksi \/ 2e et 4e samedi : 18h30-20h by Andry et son fils&quot;}\" data-sheets-userformat=\"{&quot;2&quot;:15107,&quot;3&quot;:{&quot;1&quot;:0},&quot;4&quot;:{&quot;1&quot;:2,&quot;2&quot;:16777215},&quot;11&quot;:4,&quot;12&quot;:0,&quot;14&quot;:{&quot;1&quot;:2,&quot;2&quot;:1710618},&quot;15&quot;:&quot;Montserrat&quot;,&quot;16&quot;:11}\"> <span class=\"x3nfvp2 x1j61x8r x1fcty0u xdj266r xhhsvwb xat24cr xgzva0m xxymvpz xlup9mm x1kky2od\"><img loading=\"lazy\" decoding=\"async\" src=\"https:\/\/static.xx.fbcdn.net\/images\/emoji.php\/v9\/t72\/1\/16\/1f538.png\" alt=\"&#x1f538;\" width=\"16\" height=\"16\" \/><\/span><\/span><span data-sheets-value=\"{&quot;1&quot;:2,&quot;2&quot;:&quot;1er et 3e samedi de 19h \u00e0 20h by Taksi \/ 2e et 4e samedi : 18h30-20h by Andry et son fils&quot;}\" data-sheets-userformat=\"{&quot;2&quot;:15107,&quot;3&quot;:{&quot;1&quot;:0},&quot;4&quot;:{&quot;1&quot;:2,&quot;2&quot;:16777215},&quot;11&quot;:4,&quot;12&quot;:0,&quot;14&quot;:{&quot;1&quot;:2,&quot;2&quot;:1710618},&quot;15&quot;:&quot;Montserrat&quot;,&quot;16&quot;:11}\">2e et 4e samedi : 18h30-20h by Andry et son fils <\/span>Issaiah<\/p>\n<p><span class=\"x3nfvp2 x1j61x8r x1fcty0u xdj266r xhhsvwb xat24cr xgzva0m xxymvpz xlup9mm x1kky2od\"><img loading=\"lazy\" decoding=\"async\" src=\"https:\/\/static.xx.fbcdn.net\/images\/emoji.php\/v9\/t72\/1\/16\/1f538.png\" alt=\"&#x1f538;\" width=\"16\" height=\"16\" \/><\/span>Lien<\/p>\n<p><a href=\"https:\/\/www.facebook.com\/Tankya-du-Son-182331008538260\/\">Page Facebook<\/a><\/p>\n","protected":false},"excerpt":{"rendered":"<p>&nbsp; Tant qu\u2019y a du son, y\u2019a de la danse. Entre Europe, Afrique et Am\u00e9riques, l\u2019\u00e9mission Tankya du Son vous propose de voyager aux quatre coins du globe \u00e0 la recherche de perles musicales qui vous donneront envie de danser et parfois de r\u00e9fl\u00e9chir. &#x1f609; De l\u2019afrobeat au hip hop en passant par le rhythm &hellip; <a href=\"https:\/\/www.radiobeton.com\/www\/la-radio\/tankya-du-son\/\" class=\"more-link\">Continuer la lecture<span class=\"screen-reader-text\"> de &laquo;&nbsp;TANKYA DU SON&nbsp;&raquo;<\/span><\/a><\/p>\n","protected":false},"author":28,"featured_media":0,"parent":21603,"menu_order":0,"comment_status":"closed","ping_status":"closed","template":"","meta":{"footnotes":""},"class_list":["post-110897","page","type-page","status-publish","hentry"],"_links":{"self":[{"href":"https:\/\/www.radiobeton.com\/www\/wp-json\/wp\/v2\/pages\/110897","targetHints":{"allow":["GET"]}}],"collection":[{"href":"https:\/\/www.radiobeton.com\/www\/wp-json\/wp\/v2\/pages"}],"about":[{"href":"https:\/\/www.radiobeton.com\/www\/wp-json\/wp\/v2\/types\/page"}],"author":[{"embeddable":true,"href":"https:\/\/www.radiobeton.com\/www\/wp-json\/wp\/v2\/users\/28"}],"replies":[{"embeddable":true,"href":"https:\/\/www.radiobeton.com\/www\/wp-json\/wp\/v2\/comments?post=110897"}],"version-history":[{"count":3,"href":"https:\/\/www.radiobeton.com\/www\/wp-json\/wp\/v2\/pages\/110897\/revisions"}],"predecessor-version":[{"id":110900,"href":"https:\/\/www.radiobeton.com\/www\/wp-json\/wp\/v2\/pages\/110897\/revisions\/110900"}],"up":[{"embeddable":true,"href":"https:\/\/www.radiobeton.com\/www\/wp-json\/wp\/v2\/pages\/21603"}],"wp:attachment":[{"href":"https:\/\/www.radiobeton.com\/www\/wp-json\/wp\/v2\/media?parent=110897"}],"curies":[{"name":"wp","href":"https:\/\/api.w.org\/{rel}","templated":true}]}}