{"id":110912,"date":"2022-10-28T00:06:42","date_gmt":"2022-10-27T22:06:42","guid":{"rendered":"https:\/\/www.radiobeton.com\/www\/?page_id=110912"},"modified":"2023-02-28T12:20:08","modified_gmt":"2023-02-28T11:20:08","slug":"electrons-libres","status":"publish","type":"page","link":"https:\/\/www.radiobeton.com\/www\/la-radio\/electrons-libres\/","title":{"rendered":"ELECTRONS LIBRES"},"content":{"rendered":"<p><img loading=\"lazy\" decoding=\"async\" class=\"size-medium wp-image-110913 aligncenter\" src=\"https:\/\/www.radiobeton.com\/www\/wp-content\/uploads\/2022\/10\/electrons-libres-300x246.jpg\" alt=\"\" width=\"300\" height=\"246\" srcset=\"https:\/\/www.radiobeton.com\/www\/wp-content\/uploads\/2022\/10\/electrons-libres-300x246.jpg 300w, https:\/\/www.radiobeton.com\/www\/wp-content\/uploads\/2022\/10\/electrons-libres-768x630.jpg 768w, https:\/\/www.radiobeton.com\/www\/wp-content\/uploads\/2022\/10\/electrons-libres.jpg 800w\" sizes=\"auto, (max-width: 300px) 85vw, 300px\" \/><\/p>\n<div class=\"x11i5rnm xat24cr x1mh8g0r x1vvkbs xtlvy1s x126k92a\">\n<p dir=\"auto\"><span class=\"x3nfvp2 x1j61x8r x1fcty0u xdj266r xhhsvwb xat24cr xgzva0m xxymvpz xlup9mm x1kky2od\"><img loading=\"lazy\" decoding=\"async\" src=\"https:\/\/static.xx.fbcdn.net\/images\/emoji.php\/v9\/t72\/1\/16\/1f538.png\" alt=\"&#x1f538;\" width=\"16\" height=\"16\" \/><\/span> le rendez-vous des musiques \u00e9lectroniques prend place pour votre nuit<\/p>\n<p dir=\"auto\"><span class=\"x3nfvp2 x1j61x8r x1fcty0u xdj266r xhhsvwb xat24cr xgzva0m xxymvpz xlup9mm x1kky2od\"><img loading=\"lazy\" decoding=\"async\" src=\"https:\/\/static.xx.fbcdn.net\/images\/emoji.php\/v9\/t72\/1\/16\/1f538.png\" alt=\"&#x1f538;\" width=\"16\" height=\"16\" \/><\/span>Le dimanche 23h-01h<\/p>\n<p dir=\"auto\"><span class=\"x3nfvp2 x1j61x8r x1fcty0u xdj266r xhhsvwb xat24cr xgzva0m xxymvpz xlup9mm x1kky2od\"><img loading=\"lazy\" decoding=\"async\" src=\"https:\/\/static.xx.fbcdn.net\/images\/emoji.php\/v9\/t72\/1\/16\/1f538.png\" alt=\"&#x1f538;\" width=\"16\" height=\"16\" \/><\/span>Animateur : BSN<\/p>\n<\/div>\n<div class=\"x11i5rnm xat24cr x1mh8g0r x1vvkbs xtlvy1s x126k92a\">\n<p dir=\"auto\"><span class=\"x3nfvp2 x1j61x8r x1fcty0u xdj266r xhhsvwb xat24cr xgzva0m xxymvpz xlup9mm x1kky2od\"><img loading=\"lazy\" decoding=\"async\" src=\"https:\/\/static.xx.fbcdn.net\/images\/emoji.php\/v9\/t72\/1\/16\/1f538.png\" alt=\"&#x1f538;\" width=\"16\" height=\"16\" \/><\/span>M\u00e9lange entre Ambient \/ Noise \/ Experimental \/ Techno \/ Drone \/ Minimal \/ Contemporary Music&#8230; Le r\u00f4le de l&rsquo;\u00e9mission est de ne pas caresser dans le bon sens du poil mais au contraire, de rendre votre \u00e9tat plus physique, et au plus pr\u00e8s de la nature m\u00eame des sons et de la cr\u00e9ation.<\/p>\n<\/div>\n<div class=\"x11i5rnm xat24cr x1mh8g0r x1vvkbs xtlvy1s x126k92a\">\n<p dir=\"auto\"><span class=\"x3nfvp2 x1j61x8r x1fcty0u xdj266r xhhsvwb xat24cr xgzva0m xxymvpz xlup9mm x1kky2od\"><img loading=\"lazy\" decoding=\"async\" src=\"https:\/\/static.xx.fbcdn.net\/images\/emoji.php\/v9\/t72\/1\/16\/1f538.png\" alt=\"&#x1f538;\" width=\"16\" height=\"16\" \/><\/span> Liens<\/p>\n<\/div>\n<div class=\"x11i5rnm xat24cr x1mh8g0r x1vvkbs xtlvy1s x126k92a\">\n<div dir=\"auto\">Facebook : <a class=\"x1i10hfl xjbqb8w x6umtig x1b1mbwd xaqea5y xav7gou x9f619 x1ypdohk xt0psk2 xe8uvvx xdj266r x11i5rnm xat24cr x1mh8g0r xexx8yu x4uap5 x18d9i69 xkhd6sd x16tdsg8 x1hl2dhg xggy1nq x1a2a7pz xt0b8zv x1qq9wsj xo1l8bm\" tabindex=\"0\" role=\"link\" href=\"https:\/\/www.facebook.com\/bsnelpodcast?__cft__[0]=AZXluP_p3atmaMuvlAhbAcUPipQ5b_Tt18KcvtYykyz29xjV6eGGLJPrxPiakJHOphjbYMm4d1oa8z1Vx_RywJCEv21sPnFMUYfTyfEzo6g17rwxwTfxIc7oGdAlZ0pwhIrSMhdNwmhBEK6SkhGeZcbn5ww6iaIFSWZSWw_2b0AFT7tflpKoq1k-CwxFIpwuq39euZ51ZpuwZUOKPO10luLs&amp;__tn__=-]K-R\"><span class=\"xt0psk2\">Electrons Libres \/ BSN Podcast<\/span><\/a><\/div>\n<\/div>\n<div class=\"x11i5rnm xat24cr x1mh8g0r x1vvkbs xtlvy1s x126k92a\">\n<div dir=\"auto\">Podcasts : <a class=\"x1i10hfl xjbqb8w x6umtig x1b1mbwd xaqea5y xav7gou x9f619 x1ypdohk xt0psk2 xe8uvvx xdj266r x11i5rnm xat24cr x1mh8g0r xexx8yu x4uap5 x18d9i69 xkhd6sd x16tdsg8 x1hl2dhg xggy1nq x1a2a7pz xt0b8zv x1fey0fg\" tabindex=\"0\" role=\"link\" href=\"https:\/\/hearthis.at\/electronslibres\/?fbclid=IwAR2OFwONz1TpjvWGVkJTYspCrF3l5Blp_Fn003N_2E8l4dEY5OlMlJjUN3s\" target=\"_blank\" rel=\"nofollow noopener\">https:\/\/hearthis.at\/electronslibres\/<\/a><\/div>\n<\/div>\n","protected":false},"excerpt":{"rendered":"<p>le rendez-vous des musiques \u00e9lectroniques prend place pour votre nuit Le dimanche 23h-01h Animateur : BSN M\u00e9lange entre Ambient \/ Noise \/ Experimental \/ Techno \/ Drone \/ Minimal \/ Contemporary Music&#8230; Le r\u00f4le de l&rsquo;\u00e9mission est de ne pas caresser dans le bon sens du poil mais au contraire, de rendre votre \u00e9tat plus &hellip; <a href=\"https:\/\/www.radiobeton.com\/www\/la-radio\/electrons-libres\/\" class=\"more-link\">Continuer la lecture<span class=\"screen-reader-text\"> de &laquo;&nbsp;ELECTRONS LIBRES&nbsp;&raquo;<\/span><\/a><\/p>\n","protected":false},"author":28,"featured_media":0,"parent":21603,"menu_order":0,"comment_status":"closed","ping_status":"closed","template":"","meta":{"footnotes":""},"class_list":["post-110912","page","type-page","status-publish","hentry"],"_links":{"self":[{"href":"https:\/\/www.radiobeton.com\/www\/wp-json\/wp\/v2\/pages\/110912","targetHints":{"allow":["GET"]}}],"collection":[{"href":"https:\/\/www.radiobeton.com\/www\/wp-json\/wp\/v2\/pages"}],"about":[{"href":"https:\/\/www.radiobeton.com\/www\/wp-json\/wp\/v2\/types\/page"}],"author":[{"embeddable":true,"href":"https:\/\/www.radiobeton.com\/www\/wp-json\/wp\/v2\/users\/28"}],"replies":[{"embeddable":true,"href":"https:\/\/www.radiobeton.com\/www\/wp-json\/wp\/v2\/comments?post=110912"}],"version-history":[{"count":3,"href":"https:\/\/www.radiobeton.com\/www\/wp-json\/wp\/v2\/pages\/110912\/revisions"}],"predecessor-version":[{"id":114191,"href":"https:\/\/www.radiobeton.com\/www\/wp-json\/wp\/v2\/pages\/110912\/revisions\/114191"}],"up":[{"embeddable":true,"href":"https:\/\/www.radiobeton.com\/www\/wp-json\/wp\/v2\/pages\/21603"}],"wp:attachment":[{"href":"https:\/\/www.radiobeton.com\/www\/wp-json\/wp\/v2\/media?parent=110912"}],"curies":[{"name":"wp","href":"https:\/\/api.w.org\/{rel}","templated":true}]}}