{"id":126650,"date":"2024-10-04T16:08:50","date_gmt":"2024-10-04T14:08:50","guid":{"rendered":"https:\/\/www.radiobeton.com\/www\/?page_id=126650"},"modified":"2024-10-04T16:08:50","modified_gmt":"2024-10-04T14:08:50","slug":"archives-demissions-et-de-chroniques","status":"publish","type":"page","link":"https:\/\/www.radiobeton.com\/www\/archives-demissions-et-de-chroniques\/","title":{"rendered":"Archives d&rsquo;\u00e9missions et de chroniques"},"content":{"rendered":"<div id=\"pl-126650\"  class=\"panel-layout\" ><div id=\"pg-126650-0\"  class=\"panel-grid panel-no-style\" ><div id=\"pgc-126650-0-0\"  class=\"panel-grid-cell\" ><div id=\"panel-126650-0-0-0\" class=\"widget_text so-panel widget widget_custom_html panel-first-child panel-last-child widgetopts-SO\" data-index=\"0\" ><h3 class=\"widget-title\">Made in B\u00e9ton<\/h3><div class=\"textwidget custom-html-widget\"><div id=\"pl-110281\"  class=\"panel-layout\" ><div id=\"pg-110281-0\"  class=\"panel-grid panel-no-style\" ><div id=\"pgc-110281-0-0\"  class=\"panel-grid-cell\"  data-weight=\"1\" ><div id=\"panel-110281-0-0-0\" class=\"so-panel widget widget_text panel-first-child panel-last-child widgetopts-SO\" data-index=\"0\" data-style=\"{&quot;background_image_attachment&quot;:false,&quot;background_display&quot;:&quot;tile&quot;,&quot;background_image_size&quot;:&quot;full&quot;,&quot;border_thickness&quot;:&quot;1px&quot;}\" >\t\t\t<div class=\"textwidget\"><p><strong><img decoding=\"async\" loading=\"lazy\" class=\" wp-image-110130 aligncenter\" src=\"https:\/\/i0.wp.com\/www.radiobeton.com\/www\/wp-content\/uploads\/2022\/10\/Radio-Beton-Affiche05-30-42-imprimiee-Artie-Copie.jpg?resize=333%2C235&#038;ssl=1\" alt=\"\" width=\"333\" height=\"235\" data-recalc-dims=\"1\" \/><\/strong><\/p>\n<p><strong><div class=\"table-responsive\"><table  style=\"width:100%; \"  class=\"easy-table easy-table-cuscosky \" >\n<tbody>\n<tr><td  style=\"text-align:left\" ><\/strong><\/td>\n<\/tr>\n\n<tr><td  style=\"text-align:left\" ><a href=\"https:\/\/www.radiobeton.com\/www\/categories\/la-radio\/le-lundispensable\/\">Le Lundispensable<\/a><\/td>\n<td  style=\"text-align:left\" >Pr\u00e9sentation d&rsquo;albums indispensables \u00e0 avoir dans sa discoth\u00e8que !<\/td>\n<\/tr>\n\n<tr><td  style=\"text-align:left\" ><a href=\"https:\/\/www.radiobeton.com\/www\/categories\/la-radio\/les-emissions-specialisees\/heavy-details\/\">Heavy Details<\/a><\/td>\n<td  style=\"text-align:left\" >Informations croustillantes sur le Heavy Metal pr\u00e9sent\u00e9 par Didi Black<\/td>\n<\/tr>\n\n<tr><td  style=\"text-align:left\" ><a href=\"http:\/\/www.radiobeton.com\/www\/programmes\/interviews\/\">L&rsquo;interview<\/a><\/td>\n<td  style=\"text-align:left\" >les mardis, mercredis et jeudis \u00e0 13h<\/td>\n<\/tr>\n\n<tr><td  style=\"text-align:left\" ><a href=\"https:\/\/www.radiobeton.com\/www\/archives-demissions-et-de-chroniques-made-in-beton\/les-anciennes-emissions\/\">Les anciennes \u00e9missions<\/a><\/td>\n<td  style=\"text-align:left\" > Pr\u00e9sentations des \u00e9missions pass\u00e9es sur la grille B\u00e9ton<\/td>\n<\/tr>\n<\/tbody><\/table><\/div><\/p>\n<\/div>\n\t\t<\/div><\/div><\/div><\/div>\n\n<style type=\"text\/css\" class=\"panels-style\" data-panels-style-for-post=\"110281\">@import url(https:\/\/www.radiobeton.com\/www\/wp-content\/plugins\/siteorigin-panels\/css\/front-flex.min.css); #pgc-110281-0-0 { width:100%;width:calc(100% - ( 0 * 30px ) ) } #pg-110281-0 , #pl-110281 .so-panel { margin-bottom:30px } #pl-110281 .so-panel:last-of-type { margin-bottom:0px } @media (max-width:780px){ #pg-110281-0.panel-no-style, #pg-110281-0.panel-has-style > .panel-row-style, #pg-110281-0 { -webkit-flex-direction:column;-ms-flex-direction:column;flex-direction:column } #pg-110281-0 > .panel-grid-cell , #pg-110281-0 > .panel-row-style > .panel-grid-cell { width:100%;margin-right:0 } #pl-110281 .panel-grid-cell { padding:0 } #pl-110281 .panel-grid .panel-grid-cell-empty { display:none } #pl-110281 .panel-grid .panel-grid-cell-mobile-last { margin-bottom:0px }  } <\/style><\/div><\/div><\/div><\/div><\/div>","protected":false},"excerpt":{"rendered":"<p>Made in B\u00e9ton Le Lundispensable Pr\u00e9sentation d&rsquo;albums indispensables \u00e0 avoir dans sa discoth\u00e8que ! Heavy Details Informations croustillantes sur le Heavy Metal pr\u00e9sent\u00e9 par Didi Black L&rsquo;interview les mardis, mercredis et jeudis \u00e0 13h Les anciennes \u00e9missions Pr\u00e9sentations des \u00e9missions pass\u00e9es sur la grille B\u00e9ton<\/p>\n","protected":false},"author":55,"featured_media":0,"parent":0,"menu_order":0,"comment_status":"closed","ping_status":"closed","template":"","meta":{"footnotes":""},"class_list":["post-126650","page","type-page","status-publish","hentry"],"_links":{"self":[{"href":"https:\/\/www.radiobeton.com\/www\/wp-json\/wp\/v2\/pages\/126650","targetHints":{"allow":["GET"]}}],"collection":[{"href":"https:\/\/www.radiobeton.com\/www\/wp-json\/wp\/v2\/pages"}],"about":[{"href":"https:\/\/www.radiobeton.com\/www\/wp-json\/wp\/v2\/types\/page"}],"author":[{"embeddable":true,"href":"https:\/\/www.radiobeton.com\/www\/wp-json\/wp\/v2\/users\/55"}],"replies":[{"embeddable":true,"href":"https:\/\/www.radiobeton.com\/www\/wp-json\/wp\/v2\/comments?post=126650"}],"version-history":[{"count":2,"href":"https:\/\/www.radiobeton.com\/www\/wp-json\/wp\/v2\/pages\/126650\/revisions"}],"predecessor-version":[{"id":126652,"href":"https:\/\/www.radiobeton.com\/www\/wp-json\/wp\/v2\/pages\/126650\/revisions\/126652"}],"wp:attachment":[{"href":"https:\/\/www.radiobeton.com\/www\/wp-json\/wp\/v2\/media?parent=126650"}],"curies":[{"name":"wp","href":"https:\/\/api.w.org\/{rel}","templated":true}]}}