{"id":21474,"date":"2016-09-23T16:48:52","date_gmt":"2016-09-23T14:48:52","guid":{"rendered":"http:\/\/www.radiobeton.com\/wordpress\/?page_id=21474"},"modified":"2024-10-04T16:15:48","modified_gmt":"2024-10-04T14:15:48","slug":"programmes","status":"publish","type":"page","link":"https:\/\/www.radiobeton.com\/www\/","title":{"rendered":""},"content":{"rendered":"<div id=\"pl-21474\"  class=\"panel-layout\" ><div id=\"pg-21474-0\"  class=\"panel-grid panel-no-style\" ><div id=\"pgc-21474-0-0\"  class=\"panel-grid-cell\" ><div id=\"panel-21474-0-0-0\" class=\"so-panel widget widget_sow-post-carousel panel-first-child panel-last-child widgetopts-SO\" data-index=\"0\" ><div\n\t\t\t\n\t\t\tclass=\"so-widget-sow-post-carousel so-widget-sow-post-carousel-base-43ba6433a843-21474\"\n\t\t\t\n\t\t>\t<div\n\t\tclass=\"sow-post-carousel-wrapper sow-post-carousel-theme-base\"\n\t\tstyle=\"overflow: hidden; max-width: 100%; min-height: 150px\"\n\t>\n\t\t<div class=\"sow-carousel-title has-title\">\n\t<h3 class=\"widget-title\">A la une !<\/h3>\t\t<div class=\"sow-carousel-navigation \">\n\t\t\t\t\t\t<a href=\"#\" class=\"sow-carousel-next\" title=\"Suivant\" aria-label=\"Next Posts\" role=\"button\"><\/a>\n\t\t\t\t\t\t<a href=\"#\" class=\"sow-carousel-previous\" title=\"Pr\u00e9c\u00e9dent\" aria-label=\"Previous Posts\" role=\"button\"><\/a>\n\t\t\t\t\t<\/div>\n\t<\/div>\n\n<div class=\"sow-carousel-container \">\n\t\t<div class=\"sow-carousel-wrapper\"\n\t\tdata-dir=\"ltr\"\n\t\tstyle=\"opacity: 0;\"\n\t\tdata-widget=\"post\" data-fetching=\"false\" data-page=\"1\" data-ajax-url=\"https:\/\/www.radiobeton.com\/www\/wp-admin\/admin-ajax.php?_widgets_nonce=61241fd803\" data-item_count=\"6\" data-carousel_settings=\"{&quot;loop&quot;:true,&quot;animation&quot;:&quot;Ease&quot;,&quot;animation_speed&quot;:800,&quot;autoplay&quot;:&quot;off&quot;,&quot;pauseOnHover&quot;:false,&quot;autoplaySpeed&quot;:8000,&quot;item_overflow&quot;:true,&quot;autoplay_continuous_scroll&quot;:false}\" data-responsive=\"{&quot;desktop_slides_to_scroll&quot;:1,&quot;tablet_landscape_breakpoint&quot;:1366,&quot;tablet_landscape_slides_to_scroll&quot;:2,&quot;tablet_portrait_breakpoint&quot;:1025,&quot;tablet_portrait_slides_to_scroll&quot;:2,&quot;mobile_breakpoint&quot;:480,&quot;mobile_slides_to_scroll&quot;:1}\" data-variable_width=\"true\" \t>\n\t\t<div\n\t\t\tclass=\"sow-carousel-items\"\n\t\t\t\t\t>\n\t\t\t\t<div class=\"sow-carousel-item\" tabindex=\"-1\" style=\"float: left;\">\n\t\t<div class=\"sow-carousel-thumbnail\">\n\t\t\t\t\t\t\t<a\n\t\t\t\t\thref=\"https:\/\/www.radiobeton.com\/www\/ag-beton-dimanche-28-juin-a-16h-au-bateau-ivre\/\"\n\t\t\t\t\t\t\t\t\t\tstyle=\"background-image: url( https:\/\/www.radiobeton.com\/www\/wp-content\/uploads\/2024\/08\/cropped-cropped-betonVect-2014-150x150.png )\"\n\t\t\t\t\taria-labelledby=\"sow-carousel-id-136866\"\n\t\t\t\t\ttabindex=\"-1\"\n\t\t\t\t>\n\t\t\t\t\t<span class=\"overlay\"><\/span>\n\t\t\t\t<\/a>\n\t\t\t\t\t<\/div>\n\t\t<h3 class=\"sow-carousel-item-title\">\n\t\t\t<a\n\t\t\t\thref=\"https:\/\/www.radiobeton.com\/www\/ag-beton-dimanche-28-juin-a-16h-au-bateau-ivre\/\"\n\t\t\t\tid=\"sow-carousel-id-136866\"\n\t\t\t\t\t\t\t\ttabindex=\"-1\"\n\t\t\t>\n\n\t\t\t\tAG BETON &#8211; dimanche 28 Juin \u00e0 16H au Bateau Ivre\t\t\t<\/a>\n\t\t<\/h3>\n\t<\/div>\n\t\t<div class=\"sow-carousel-item\" tabindex=\"-1\" style=\"float: left;\">\n\t\t<div class=\"sow-carousel-thumbnail\">\n\t\t\t\t\t\t\t<a\n\t\t\t\t\thref=\"https:\/\/www.radiobeton.com\/www\/top50-avril-2026\/\"\n\t\t\t\t\t\t\t\t\t\tstyle=\"background-image: url( https:\/\/www.radiobeton.com\/www\/wp-content\/uploads\/2025\/12\/220fc9a2d428ed637e5fab36b4b83107-150x150.jpeg )\"\n\t\t\t\t\taria-labelledby=\"sow-carousel-id-136840\"\n\t\t\t\t\ttabindex=\"-1\"\n\t\t\t\t>\n\t\t\t\t\t<span class=\"overlay\"><\/span>\n\t\t\t\t<\/a>\n\t\t\t\t\t<\/div>\n\t\t<h3 class=\"sow-carousel-item-title\">\n\t\t\t<a\n\t\t\t\thref=\"https:\/\/www.radiobeton.com\/www\/top50-avril-2026\/\"\n\t\t\t\tid=\"sow-carousel-id-136840\"\n\t\t\t\t\t\t\t\ttabindex=\"-1\"\n\t\t\t>\n\n\t\t\t\tTOP 50 AVRIL 2026\t\t\t<\/a>\n\t\t<\/h3>\n\t<\/div>\n\t\t<div class=\"sow-carousel-item\" tabindex=\"-1\" style=\"float: left;\">\n\t\t<div class=\"sow-carousel-thumbnail\">\n\t\t\t\t\t\t\t<a\n\t\t\t\t\thref=\"https:\/\/www.radiobeton.com\/www\/top-50-2025\/\"\n\t\t\t\t\t\t\t\t\t\tstyle=\"background-image: url( https:\/\/www.radiobeton.com\/www\/wp-content\/uploads\/2025\/12\/9311940fe2fb3293f8086bdef41660b1-150x150.jpeg )\"\n\t\t\t\t\taria-labelledby=\"sow-carousel-id-134848\"\n\t\t\t\t\ttabindex=\"-1\"\n\t\t\t\t>\n\t\t\t\t\t<span class=\"overlay\"><\/span>\n\t\t\t\t<\/a>\n\t\t\t\t\t<\/div>\n\t\t<h3 class=\"sow-carousel-item-title\">\n\t\t\t<a\n\t\t\t\thref=\"https:\/\/www.radiobeton.com\/www\/top-50-2025\/\"\n\t\t\t\tid=\"sow-carousel-id-134848\"\n\t\t\t\t\t\t\t\ttabindex=\"-1\"\n\t\t\t>\n\n\t\t\t\tTOP 50 2025\t\t\t<\/a>\n\t\t<\/h3>\n\t<\/div>\n\t\t<div class=\"sow-carousel-item\" tabindex=\"-1\" style=\"float: left;\">\n\t\t<div class=\"sow-carousel-thumbnail\">\n\t\t\t\t\t\t\t<a\n\t\t\t\t\thref=\"https:\/\/www.radiobeton.com\/www\/plf-2026-les-radios-associatives-en-danger\/\"\n\t\t\t\t\t\t\t\t\t\tstyle=\"background-image: url( https:\/\/www.radiobeton.com\/www\/wp-content\/uploads\/2025\/10\/1-150x150.png )\"\n\t\t\t\t\taria-labelledby=\"sow-carousel-id-133902\"\n\t\t\t\t\ttabindex=\"-1\"\n\t\t\t\t>\n\t\t\t\t\t<span class=\"overlay\"><\/span>\n\t\t\t\t<\/a>\n\t\t\t\t\t<\/div>\n\t\t<h3 class=\"sow-carousel-item-title\">\n\t\t\t<a\n\t\t\t\thref=\"https:\/\/www.radiobeton.com\/www\/plf-2026-les-radios-associatives-en-danger\/\"\n\t\t\t\tid=\"sow-carousel-id-133902\"\n\t\t\t\t\t\t\t\ttabindex=\"-1\"\n\t\t\t>\n\n\t\t\t\tPLF 2026 : Les radios associatives en danger !\t\t\t<\/a>\n\t\t<\/h3>\n\t<\/div>\n\t\t<div class=\"sow-carousel-item\" tabindex=\"-1\" style=\"float: left;\">\n\t\t<div class=\"sow-carousel-thumbnail\">\n\t\t\t\t\t\t\t<a\n\t\t\t\t\thref=\"https:\/\/www.radiobeton.com\/www\/tours-et-sa-scene-locale-a-st-etienne-chez-radio-dio\/\"\n\t\t\t\t\t\t\t\t\t\tstyle=\"background-image: url( https:\/\/www.radiobeton.com\/www\/wp-content\/uploads\/2023\/01\/sonotone2-150x150.png )\"\n\t\t\t\t\taria-labelledby=\"sow-carousel-id-112597\"\n\t\t\t\t\ttabindex=\"-1\"\n\t\t\t\t>\n\t\t\t\t\t<span class=\"overlay\"><\/span>\n\t\t\t\t<\/a>\n\t\t\t\t\t<\/div>\n\t\t<h3 class=\"sow-carousel-item-title\">\n\t\t\t<a\n\t\t\t\thref=\"https:\/\/www.radiobeton.com\/www\/tours-et-sa-scene-locale-a-st-etienne-chez-radio-dio\/\"\n\t\t\t\tid=\"sow-carousel-id-112597\"\n\t\t\t\t\t\t\t\ttabindex=\"-1\"\n\t\t\t>\n\n\t\t\t\tTOURS et sa sc\u00e8ne locale \u00e0 St Etienne chez Radio Dio\t\t\t<\/a>\n\t\t<\/h3>\n\t<\/div>\n\t\t<div class=\"sow-carousel-item\" tabindex=\"-1\" style=\"float: left;\">\n\t\t<div class=\"sow-carousel-thumbnail\">\n\t\t\t\t\t\t\t<a\n\t\t\t\t\thref=\"https:\/\/www.radiobeton.com\/www\/secrets-dhistoire-radio-beton-since-1986\/\"\n\t\t\t\t\t\t\t\t\t\tstyle=\"background-image: url( https:\/\/www.radiobeton.com\/www\/wp-content\/uploads\/2019\/09\/radio_beton-150x150.png )\"\n\t\t\t\t\taria-labelledby=\"sow-carousel-id-103143\"\n\t\t\t\t\ttabindex=\"-1\"\n\t\t\t\t>\n\t\t\t\t\t<span class=\"overlay\"><\/span>\n\t\t\t\t<\/a>\n\t\t\t\t\t<\/div>\n\t\t<h3 class=\"sow-carousel-item-title\">\n\t\t\t<a\n\t\t\t\thref=\"https:\/\/www.radiobeton.com\/www\/secrets-dhistoire-radio-beton-since-1986\/\"\n\t\t\t\tid=\"sow-carousel-id-103143\"\n\t\t\t\t\t\t\t\ttabindex=\"-1\"\n\t\t\t>\n\n\t\t\t\t[SECRETS D&rsquo;HISTOIRE] Radio B\u00e9ton, since 1986.\t\t\t<\/a>\n\t\t<\/h3>\n\t<\/div>\n\t\t\t<\/div>\n\t\t\t<\/div>\n\n\t<\/div>\n\t\t<input type=\"hidden\" name=\"instance_hash\" value=\"d639d8a1\"\/>\n\t<\/div>\n<\/div><\/div><\/div><\/div><div id=\"pg-21474-1\"  class=\"panel-grid panel-no-style\" ><div id=\"pgc-21474-1-0\"  class=\"panel-grid-cell\" ><div id=\"panel-21474-1-0-0\" class=\"so-panel widget widget_eo_event_list_widget EO_Event_List_Widget panel-first-child widgetopts-SO\" data-index=\"1\" ><h3 class=\"widget-title\">\u00c0 venir sur le 93.6<\/h3>\n\n\t<ul  class=\"eo-events eo-events-widget\" > \n\n\t\t\n\t\t\t\n\t\t\t<li class=\"eo-event-cat-aucard-radio eo-event-cat-carte-blanche eo-event-cat-radio eo-event-future\" >\n\t\t\t\t<a href=\"https:\/\/www.radiobeton.com\/www\/events\/event\/carte-blanche-aucard-passager\/\">[CARTE BLANCHE AUCARD] PASSAGER<\/a> le 7 mai 2026 16:00\t\t\t<\/li>\n\n\t\t\n\t\t\t\n\t\t\t<li class=\"eo-event-cat-radio eo-event-cat-polemix-la-voix-off eo-event-future\" >\n\t\t\t\t<a href=\"https:\/\/www.radiobeton.com\/www\/events\/event\/polemix-carnaval-printemps-bruyant-duplomb-et-ses-poisons-cest-toujours-non\/\">[POLEMIX] Carnaval ! \u2013 Printemps bruyant ! \u2013 Duplomb et ses poisons : C\u2019est toujours non !<\/a> le 7 mai 2026 19:00\t\t\t<\/li>\n\n\t\t\n\t\t\t\n\t\t\t<li class=\"eo-event-cat-dig-dig-diggers eo-event-cat-radio eo-event-future\" >\n\t\t\t\t<a href=\"https:\/\/www.radiobeton.com\/www\/events\/event\/dig-dig-diggers-aino-salto-kau\/\">[DIG DIG DIGGERS] Aino Salto + Kau<\/a> le 8 mai 2026 11:00\t\t\t<\/li>\n\n\t\t\n\t\t\t\n\t\t\t<li class=\"eo-event-cat-radio eo-event-cat-polemix-la-voix-off eo-event-future\" >\n\t\t\t\t<a href=\"https:\/\/www.radiobeton.com\/www\/events\/event\/polemix-carnaval-printemps-bruyant-duplomb-et-ses-poisons-cest-toujours-non-rediffusion\/\">[POLEMIX] Carnaval ! \u2013 Printemps bruyant ! \u2013 Duplomb et ses poisons : C\u2019est toujours non ! (rediffusion)<\/a> le 11 mai 2026 11:00\t\t\t<\/li>\n\n\t\t\n\t\t\t\n\t\t\t<li class=\"eo-event-cat-du-poil-sous-les-bras eo-event-cat-radio eo-event-future\" >\n\t\t\t\t<a href=\"https:\/\/www.radiobeton.com\/www\/events\/event\/du-poil-sous-les-bras-79-lutter-contre-les-inegalites-avec-cecile-duflot\/\">[DU POIL SOUS LES BRAS] #79 &#8211; Lutter contre les in\u00e9galit\u00e9s avec C\u00e9cile Duflot<\/a> le 12 mai 2026 15:00\t\t\t<\/li>\n\n\t\t\n\t\t\t\n\t\t\t<li class=\"eo-event-venue-oxford-pub eo-event-cat-concert eo-event-cat-culturel-et-social eo-event-cat-radio eo-event-cat-quart-dheure-tourangeau eo-event-future\" >\n\t\t\t\t<a href=\"https:\/\/www.radiobeton.com\/www\/events\/event\/qht-ab-me-techno-pop-oxford-pub\/\">[QHT] AB\/ME (Techno Pop) @ Oxford Pub<\/a> le 13 mai 2026 18:10\t\t\t<\/li>\n\n\t\t\n\t\t\t\n\t\t\t<li class=\"eo-event-cat-radio eo-event-cat-saturday-live-fever eo-event-future\" >\n\t\t\t\t<a href=\"https:\/\/www.radiobeton.com\/www\/events\/event\/saturday-live-fever-ondubground-electro-dub-tours\/\">Saturday Live Fever ! Ondubground (Electro Dub, Tours)<\/a> le 15 mai 2026 11:00\t\t\t<\/li>\n\n\t\t\n\t\t\t\n\t\t\t<li class=\"eo-event-cat-interview eo-event-cat-radio eo-event-cat-linterview-de-13h eo-event-future\" >\n\t\t\t\t<a href=\"https:\/\/www.radiobeton.com\/www\/events\/event\/interview-les-rencontres-de-logre-2\/\">[INTERVIEW] Les Rencontres de l\u2019Ogre<\/a> le 19 mai 2026 13:00\t\t\t<\/li>\n\n\t\t\n\t\t\t\n\t\t\t<li class=\"eo-event-cat-aucard-radio eo-event-cat-carte-blanche eo-event-cat-radio eo-event-future\" >\n\t\t\t\t<a href=\"https:\/\/www.radiobeton.com\/www\/events\/event\/carte-blanche-aucard-vetuste\/\">[CARTE BLANCHE AUCARD] VETUSTE<\/a> le 19 mai 2026 16:00\t\t\t<\/li>\n\n\t\t\n\t\t\t\n\t\t\t<li class=\"eo-event-cat-interview eo-event-cat-radio eo-event-cat-linterview-de-13h eo-event-future\" >\n\t\t\t\t<a href=\"https:\/\/www.radiobeton.com\/www\/events\/event\/interview-spectacle-la-binarite-ou-le-typhus\/\">[INTERVIEW] Spectacle \u00ab\u00a0La Binarit\u00e9 ou le Typhus\u00a0\u00bb<\/a> le 20 mai 2026 13:30\t\t\t<\/li>\n\n\t\t\n\t<\/ul>\n\n<\/div>\n\t\t<div id=\"panel-21474-1-0-1\" class=\"so-panel widget widget_recent-posts widget_recent_entries panel-last-child widgetopts-SO\" data-index=\"2\" >\n\t\t<h3 class=\"widget-title\">Derni\u00e8res playlists<\/h3>\n\t\t<ul>\n\t\t\t\t\t\t\t\t\t\t\t<li>\n\t\t\t\t\t<a href=\"https:\/\/www.radiobeton.com\/www\/playlist-du-06-05-26-de-17h-a-18h\/\">Playlist du 06\/05\/26 de 17H \u00e0 18H<\/a>\n\t\t\t\t\t\t\t\t\t\t\t<span class=\"post-date\">6 mai 2026<\/span>\n\t\t\t\t\t\t\t\t\t<\/li>\n\t\t\t\t\t\t\t\t\t\t\t<li>\n\t\t\t\t\t<a href=\"https:\/\/www.radiobeton.com\/www\/cest-dingue-il-vient-de-nous-parler-dune-appli-ou-tu-peux-noter-ta-merde\/\">\u00ab\u00a0c&rsquo;est dingue, il vient de nous parler d&rsquo;une appli o\u00f9 tu peux noter ta merde.\u00a0\u00bb<\/a>\n\t\t\t\t\t\t\t\t\t\t\t<span class=\"post-date\">6 mai 2026<\/span>\n\t\t\t\t\t\t\t\t\t<\/li>\n\t\t\t\t\t\t\t\t\t\t\t<li>\n\t\t\t\t\t<a href=\"https:\/\/www.radiobeton.com\/www\/ag-beton-dimanche-28-juin-a-16h-au-bateau-ivre\/\">AG BETON &#8211; dimanche 28 Juin \u00e0 16H au Bateau Ivre<\/a>\n\t\t\t\t\t\t\t\t\t\t\t<span class=\"post-date\">5 mai 2026<\/span>\n\t\t\t\t\t\t\t\t\t<\/li>\n\t\t\t\t\t\t\t\t\t\t\t<li>\n\t\t\t\t\t<a href=\"https:\/\/www.radiobeton.com\/www\/playlist-du-05-05-26-12h14h\/\">PLAYLIST DU 05\/05\/26 &#8211; 12H>14H<\/a>\n\t\t\t\t\t\t\t\t\t\t\t<span class=\"post-date\">5 mai 2026<\/span>\n\t\t\t\t\t\t\t\t\t<\/li>\n\t\t\t\t\t\t\t\t\t\t\t<li>\n\t\t\t\t\t<a href=\"https:\/\/www.radiobeton.com\/www\/beton-frais-du-04-05-2026\/\">BETON FRAIS du 04\/05\/2026<\/a>\n\t\t\t\t\t\t\t\t\t\t\t<span class=\"post-date\">4 mai 2026<\/span>\n\t\t\t\t\t\t\t\t\t<\/li>\n\t\t\t\t\t\t\t\t\t\t\t<li>\n\t\t\t\t\t<a href=\"https:\/\/www.radiobeton.com\/www\/playlist-de-midinale-du-lundi-4-mai-2026\/\">Playlist de midinale du lundi 4 mai 2026<\/a>\n\t\t\t\t\t\t\t\t\t\t\t<span class=\"post-date\">4 mai 2026<\/span>\n\t\t\t\t\t\t\t\t\t<\/li>\n\t\t\t\t\t\t\t\t\t\t\t<li>\n\t\t\t\t\t<a href=\"https:\/\/www.radiobeton.com\/www\/top50-avril-2026\/\">TOP 50 AVRIL 2026<\/a>\n\t\t\t\t\t\t\t\t\t\t\t<span class=\"post-date\">4 mai 2026<\/span>\n\t\t\t\t\t\t\t\t\t<\/li>\n\t\t\t\t\t\t\t\t\t\t\t<li>\n\t\t\t\t\t<a href=\"https:\/\/www.radiobeton.com\/www\/playlist-de-midinale-du-lundi-20-avril-2026\/\">Playlist de midinale du lundi 20 avril 2026<\/a>\n\t\t\t\t\t\t\t\t\t\t\t<span class=\"post-date\">4 mai 2026<\/span>\n\t\t\t\t\t\t\t\t\t<\/li>\n\t\t\t\t\t\t\t\t\t\t\t<li>\n\t\t\t\t\t<a href=\"https:\/\/www.radiobeton.com\/www\/playlist-du-lundi-4-mai-de-7h-a-10h\/\">Playlist du lundi 4 mai de 7H \u00e0 10H<\/a>\n\t\t\t\t\t\t\t\t\t\t\t<span class=\"post-date\">4 mai 2026<\/span>\n\t\t\t\t\t\t\t\t\t<\/li>\n\t\t\t\t\t\t\t\t\t\t\t<li>\n\t\t\t\t\t<a href=\"https:\/\/www.radiobeton.com\/www\/playlist-du-30-04-26-12h14h\/\">PLAYLIST DU 30\/04\/26 &#8211; 12H>14H<\/a>\n\t\t\t\t\t\t\t\t\t\t\t<span class=\"post-date\">30 avril 2026<\/span>\n\t\t\t\t\t\t\t\t\t<\/li>\n\t\t\t\t\t\t\t\t\t\t\t<li>\n\t\t\t\t\t<a href=\"https:\/\/www.radiobeton.com\/www\/quand-jsuis-alle-voir-al-magnetisueuse-elle-ma-touche-le-genou-elle-ma-dit-toi-tu-devrais-faire-de-la-radio\/\">\u00ab\u00a0Quand j&rsquo;suis all\u00e9 voir la magn\u00e9tisueuse, elle m&rsquo;a touch\u00e9 le genou, elle m&rsquo;a dit: \u00a0\u00bb toi, tu devrais faire de la radio\u00a0\u00bb.<\/a>\n\t\t\t\t\t\t\t\t\t\t\t<span class=\"post-date\">30 avril 2026<\/span>\n\t\t\t\t\t\t\t\t\t<\/li>\n\t\t\t\t\t\t\t\t\t\t\t<li>\n\t\t\t\t\t<a href=\"https:\/\/www.radiobeton.com\/www\/136763-2\/\">(pas de titre)<\/a>\n\t\t\t\t\t\t\t\t\t\t\t<span class=\"post-date\">30 avril 2026<\/span>\n\t\t\t\t\t\t\t\t\t<\/li>\n\t\t\t\t\t\t\t\t\t\t\t<li>\n\t\t\t\t\t<a href=\"https:\/\/www.radiobeton.com\/www\/playlist-du-29-04-26-de-16h-a-18h\/\">Playlist du 29\/04\/26 de 16H \u00e0 18H<\/a>\n\t\t\t\t\t\t\t\t\t\t\t<span class=\"post-date\">29 avril 2026<\/span>\n\t\t\t\t\t\t\t\t\t<\/li>\n\t\t\t\t\t\t\t\t\t\t\t<li>\n\t\t\t\t\t<a href=\"https:\/\/www.radiobeton.com\/www\/vue-du-phare-playlist-du-mercredi-29-avril-2026\/\">[Vue du Phare] Playlist du mercredi 29 avril 2026<\/a>\n\t\t\t\t\t\t\t\t\t\t\t<span class=\"post-date\">29 avril 2026<\/span>\n\t\t\t\t\t\t\t\t\t<\/li>\n\t\t\t\t\t\t\t\t\t\t\t<li>\n\t\t\t\t\t<a href=\"https:\/\/www.radiobeton.com\/www\/playlist-de-la-midinale-du-29-04\/\">Playlist de la Midinale du 29\/04<\/a>\n\t\t\t\t\t\t\t\t\t\t\t<span class=\"post-date\">29 avril 2026<\/span>\n\t\t\t\t\t\t\t\t\t<\/li>\n\t\t\t\t\t\t\t\t\t\t\t<li>\n\t\t\t\t\t<a href=\"https:\/\/www.radiobeton.com\/www\/le-playlist-du-mardi-28-avril-entre-16h-et-18h\/\">Le playlist du mardi 28 avril, entre 16H et 18H<\/a>\n\t\t\t\t\t\t\t\t\t\t\t<span class=\"post-date\">28 avril 2026<\/span>\n\t\t\t\t\t\t\t\t\t<\/li>\n\t\t\t\t\t\t\t\t\t\t\t<li>\n\t\t\t\t\t<a href=\"https:\/\/www.radiobeton.com\/www\/playlist-de-la-midinale-du-28-04-2\/\">Playlist de la Midinale du 28\/04<\/a>\n\t\t\t\t\t\t\t\t\t\t\t<span class=\"post-date\">28 avril 2026<\/span>\n\t\t\t\t\t\t\t\t\t<\/li>\n\t\t\t\t\t\t\t\t\t\t\t<li>\n\t\t\t\t\t<a href=\"https:\/\/www.radiobeton.com\/www\/matinale-mardi-28-avril\/\">Matinale mardi 28 avril &#8211;<\/a>\n\t\t\t\t\t\t\t\t\t\t\t<span class=\"post-date\">28 avril 2026<\/span>\n\t\t\t\t\t\t\t\t\t<\/li>\n\t\t\t\t\t\t\t\t\t\t\t<li>\n\t\t\t\t\t<a href=\"https:\/\/www.radiobeton.com\/www\/le-beton-frais-de-la-semaine-300\/\">Le B\u00e9ton Frais de la semaine !<\/a>\n\t\t\t\t\t\t\t\t\t\t\t<span class=\"post-date\">27 avril 2026<\/span>\n\t\t\t\t\t\t\t\t\t<\/li>\n\t\t\t\t\t\t\t\t\t\t\t<li>\n\t\t\t\t\t<a href=\"https:\/\/www.radiobeton.com\/www\/playlist-de-midinale-du-lundi-27-avril-2026\/\">Playlist de midinale du lundi 27 avril 2026<\/a>\n\t\t\t\t\t\t\t\t\t\t\t<span class=\"post-date\">27 avril 2026<\/span>\n\t\t\t\t\t\t\t\t\t<\/li>\n\t\t\t\t\t<\/ul>\n\n\t\t<\/div><\/div><\/div><\/div>","protected":false},"excerpt":{"rendered":"<p>A la une ! AG BETON &#8211; dimanche 28 Juin \u00e0 16H au Bateau Ivre TOP 50 AVRIL 2026 TOP 50 2025 PLF 2026 : Les radios associatives en danger ! TOURS et sa sc\u00e8ne locale \u00e0 St Etienne chez Radio Dio [SECRETS D&rsquo;HISTOIRE] Radio B\u00e9ton, since 1986. \u00c0 venir sur le 93.6 [CARTE BLANCHE &hellip; <a href=\"https:\/\/www.radiobeton.com\/www\/\" class=\"more-link\">Continuer la lecture<span class=\"screen-reader-text\"> de &laquo;&nbsp;&nbsp;&raquo;<\/span><\/a><\/p>\n","protected":false},"author":4,"featured_media":0,"parent":0,"menu_order":0,"comment_status":"closed","ping_status":"closed","template":"","meta":{"footnotes":""},"class_list":["post-21474","page","type-page","status-publish","hentry"],"_links":{"self":[{"href":"https:\/\/www.radiobeton.com\/www\/wp-json\/wp\/v2\/pages\/21474","targetHints":{"allow":["GET"]}}],"collection":[{"href":"https:\/\/www.radiobeton.com\/www\/wp-json\/wp\/v2\/pages"}],"about":[{"href":"https:\/\/www.radiobeton.com\/www\/wp-json\/wp\/v2\/types\/page"}],"author":[{"embeddable":true,"href":"https:\/\/www.radiobeton.com\/www\/wp-json\/wp\/v2\/users\/4"}],"replies":[{"embeddable":true,"href":"https:\/\/www.radiobeton.com\/www\/wp-json\/wp\/v2\/comments?post=21474"}],"version-history":[{"count":252,"href":"https:\/\/www.radiobeton.com\/www\/wp-json\/wp\/v2\/pages\/21474\/revisions"}],"predecessor-version":[{"id":126657,"href":"https:\/\/www.radiobeton.com\/www\/wp-json\/wp\/v2\/pages\/21474\/revisions\/126657"}],"wp:attachment":[{"href":"https:\/\/www.radiobeton.com\/www\/wp-json\/wp\/v2\/media?parent=21474"}],"curies":[{"name":"wp","href":"https:\/\/api.w.org\/{rel}","templated":true}]}}