{"id":70559,"date":"2018-09-30T21:52:56","date_gmt":"2018-09-30T19:52:56","guid":{"rendered":"http:\/\/www.radiobeton.com\/www\/?page_id=70559"},"modified":"2022-11-01T20:46:11","modified_gmt":"2022-11-01T19:46:11","slug":"le-beton-frais","status":"publish","type":"page","link":"https:\/\/www.radiobeton.com\/www\/la-radio\/le-beton-frais\/","title":{"rendered":"LE BETON FRAIS"},"content":{"rendered":"<div id=\"pl-70559\"  class=\"panel-layout\" ><div id=\"pg-70559-0\"  class=\"panel-grid panel-no-style\" ><div id=\"pgc-70559-0-0\"  class=\"panel-grid-cell panel-grid-cell-empty\" ><\/div><div id=\"pgc-70559-0-1\"  class=\"panel-grid-cell panel-grid-cell-mobile-last\" ><div id=\"panel-70559-0-1-0\" class=\"so-panel widget widget_sow-editor panel-first-child panel-last-child\" data-index=\"0\" ><div\n\t\t\t\n\t\t\tclass=\"so-widget-sow-editor so-widget-sow-editor-base\"\n\t\t\t\n\t\t>\n<div class=\"siteorigin-widget-tinymce textwidget\">\n\t<p>POUR D\u00c9COUVRIR AVANT TOUT LE MONDE LES NOUVEAUT\u00c9S DE LA SEMAINE<\/p>\n<p>Comment briller en soci\u00e9t\u00e9\u00a0? \u00c9coute le <strong>B\u00e9ton Frais<\/strong> de <strong>17h \u00e0 19h<\/strong> sur Radio B\u00e9ton et toi aussi tu pourras dire\u00a0: \u00ab\u00a0Tu as entendu le nouvel album de ce groupe\u00a0? C\u2019est du 8bits glitchy super catchy...\u00a0\u00bb<\/p>\n<p><strong>Tous les lundis de 17h \u00e0 19h<\/strong>\u00a0(rediffus\u00e9 le samedi \u00e0 8h) nous te pr\u00e9sentons les disques qui arrivent \u00e0 la radio. Du rock, de l\u2019\u00e9lectro, de la pop, de la folk, du hip hop, des musiques du monde.... Qui sais ce que nous t\u2019avons s\u00e9lectionn\u00e9 cette semaine. En tout cas, une chose est s\u00fbre, tu les entendras sur les ondes. Un mois, un an, dix ans... Qui sait\u00a0!<\/p>\n<\/div>\n<\/div><\/div><\/div><div id=\"pgc-70559-0-2\"  class=\"panel-grid-cell panel-grid-cell-empty\" ><\/div><\/div><div id=\"pg-70559-1\"  class=\"panel-grid panel-no-style\" ><div id=\"pgc-70559-1-0\"  class=\"panel-grid-cell panel-grid-cell-empty\" ><\/div><div id=\"pgc-70559-1-1\"  class=\"panel-grid-cell panel-grid-cell-mobile-last\" ><div id=\"panel-70559-1-1-0\" class=\"so-panel widget widget_siteorigin-panels-postloop panel-first-child panel-last-child\" data-index=\"1\" ><\/div><\/div><div id=\"pgc-70559-1-2\"  class=\"panel-grid-cell panel-grid-cell-empty\" ><\/div><\/div><\/div>","protected":false},"excerpt":{"rendered":"<p>POUR D\u00c9COUVRIR AVANT TOUT LE MONDE LES NOUVEAUT\u00c9S DE LA SEMAINE Comment briller en soci\u00e9t\u00e9\u00a0? \u00c9coute le B\u00e9ton Frais de 17h \u00e0 19h sur Radio B\u00e9ton et toi aussi tu pourras dire\u00a0: \u00ab\u00a0Tu as entendu le nouvel album de ce groupe\u00a0? C\u2019est du 8bits glitchy super catchy&#8230;\u00a0\u00bb Tous les lundis de 17h \u00e0 19h\u00a0(rediffus\u00e9 le &hellip; <a href=\"https:\/\/www.radiobeton.com\/www\/la-radio\/le-beton-frais\/\" class=\"more-link\">Continuer la lecture<span class=\"screen-reader-text\"> de &laquo;&nbsp;LE BETON FRAIS&nbsp;&raquo;<\/span><\/a><\/p>\n","protected":false},"author":4,"featured_media":0,"parent":21603,"menu_order":0,"comment_status":"closed","ping_status":"closed","template":"","meta":{"footnotes":""},"class_list":["post-70559","page","type-page","status-publish","hentry"],"_links":{"self":[{"href":"https:\/\/www.radiobeton.com\/www\/wp-json\/wp\/v2\/pages\/70559","targetHints":{"allow":["GET"]}}],"collection":[{"href":"https:\/\/www.radiobeton.com\/www\/wp-json\/wp\/v2\/pages"}],"about":[{"href":"https:\/\/www.radiobeton.com\/www\/wp-json\/wp\/v2\/types\/page"}],"author":[{"embeddable":true,"href":"https:\/\/www.radiobeton.com\/www\/wp-json\/wp\/v2\/users\/4"}],"replies":[{"embeddable":true,"href":"https:\/\/www.radiobeton.com\/www\/wp-json\/wp\/v2\/comments?post=70559"}],"version-history":[{"count":4,"href":"https:\/\/www.radiobeton.com\/www\/wp-json\/wp\/v2\/pages\/70559\/revisions"}],"predecessor-version":[{"id":111231,"href":"https:\/\/www.radiobeton.com\/www\/wp-json\/wp\/v2\/pages\/70559\/revisions\/111231"}],"up":[{"embeddable":true,"href":"https:\/\/www.radiobeton.com\/www\/wp-json\/wp\/v2\/pages\/21603"}],"wp:attachment":[{"href":"https:\/\/www.radiobeton.com\/www\/wp-json\/wp\/v2\/media?parent=70559"}],"curies":[{"name":"wp","href":"https:\/\/api.w.org\/{rel}","templated":true}]}}