{"id":70670,"date":"2019-11-20T15:18:34","date_gmt":"2019-11-20T14:18:34","guid":{"rendered":"http:\/\/www.radiobeton.com\/www\/?page_id=70670"},"modified":"2022-11-01T20:46:30","modified_gmt":"2022-11-01T19:46:30","slug":"le-quart-dheure-tourangeau","status":"publish","type":"page","link":"https:\/\/www.radiobeton.com\/www\/la-radio\/le-quart-dheure-tourangeau\/","title":{"rendered":"LE QUART D&rsquo;HEURE TOURANGEAU"},"content":{"rendered":"<div id=\"pl-70670\"  class=\"panel-layout\" ><div id=\"pg-70670-0\"  class=\"panel-grid panel-no-style\" ><div id=\"pgc-70670-0-0\"  class=\"panel-grid-cell\" ><div id=\"panel-70670-0-0-0\" class=\"so-panel widget widget_sow-editor panel-first-child\" data-index=\"0\" ><div\n\t\t\t\n\t\t\tclass=\"so-widget-sow-editor so-widget-sow-editor-base\"\n\t\t\t\n\t\t>\n<div class=\"siteorigin-widget-tinymce textwidget\">\n\t<p style=\"text-align: center;\"><strong>Tous les mercredis<\/strong> de <strong>18H15 \u00e0 19H<\/strong>, Enzo &amp; Cesko,<br \/>\npourfendeurs des clich\u00e9s, amis d'Euterpe et d\u00e9fenseurs des ziquos pr\u00e9sentent<br \/>\n<strong>Le Quart d'Heure Tourangeau<\/strong> : l'\u00e9mission consacr\u00e9e \u00e0 la sc\u00e8ne locale<br \/>\nsur Radio B\u00e9ton, 93.6 FM \u00e0 Tours en direct et en public au <strong>Balkanic<\/strong>, 83 rue Colbert !<\/p>\n<blockquote>\n<p style=\"text-align: center;\"><a href=\"https:\/\/www.facebook.com\/QHT37\/?eid=ARC2rpBzxkRSKE_ZBByemfiTVFpBYVazYtp35e5DJLvZeuoG0GLcLEP_VEdVDpjbVHM7C1tQBL69Wuxq\">LIEN FACEBOOK avec les prochains \u00e9v\u00e9nements !\u00a0<\/a><\/p>\n<\/blockquote>\n<p><img loading=\"lazy\" decoding=\"async\" class=\"alignnone size-medium wp-image-75527\" src=\"http:\/\/www.radiobeton.com\/www\/wp-content\/uploads\/2019\/02\/le-quart-dheure-tourangeau-qht-qdht-300x300.jpg\" alt=\"\" width=\"300\" height=\"300\" srcset=\"https:\/\/www.radiobeton.com\/www\/wp-content\/uploads\/2019\/02\/le-quart-dheure-tourangeau-qht-qdht-300x300.jpg 300w, https:\/\/www.radiobeton.com\/www\/wp-content\/uploads\/2019\/02\/le-quart-dheure-tourangeau-qht-qdht-150x150.jpg 150w, https:\/\/www.radiobeton.com\/www\/wp-content\/uploads\/2019\/02\/le-quart-dheure-tourangeau-qht-qdht.jpg 480w\" sizes=\"auto, (max-width: 300px) 85vw, 300px\" \/><\/p>\n<\/div>\n<\/div><\/div><div id=\"panel-70670-0-0-1\" class=\"so-panel widget widget_siteorigin-panels-postloop panel-last-child\" data-index=\"1\" ><\/div><\/div><\/div><\/div>","protected":false},"excerpt":{"rendered":"<p>Tous les mercredis de 18H15 \u00e0 19H, Enzo &amp; Cesko, pourfendeurs des clich\u00e9s, amis d&rsquo;Euterpe et d\u00e9fenseurs des ziquos pr\u00e9sentent Le Quart d&rsquo;Heure Tourangeau : l&rsquo;\u00e9mission consacr\u00e9e \u00e0 la sc\u00e8ne locale sur Radio B\u00e9ton, 93.6 FM \u00e0 Tours en direct et en public au Balkanic, 83 rue Colbert ! LIEN FACEBOOK avec les prochains \u00e9v\u00e9nements &hellip; <a href=\"https:\/\/www.radiobeton.com\/www\/la-radio\/le-quart-dheure-tourangeau\/\" class=\"more-link\">Continuer la lecture<span class=\"screen-reader-text\"> de &laquo;&nbsp;LE QUART D&rsquo;HEURE TOURANGEAU&nbsp;&raquo;<\/span><\/a><\/p>\n","protected":false},"author":4,"featured_media":75527,"parent":21603,"menu_order":0,"comment_status":"closed","ping_status":"closed","template":"","meta":{"footnotes":""},"class_list":["post-70670","page","type-page","status-publish","has-post-thumbnail","hentry"],"_links":{"self":[{"href":"https:\/\/www.radiobeton.com\/www\/wp-json\/wp\/v2\/pages\/70670","targetHints":{"allow":["GET"]}}],"collection":[{"href":"https:\/\/www.radiobeton.com\/www\/wp-json\/wp\/v2\/pages"}],"about":[{"href":"https:\/\/www.radiobeton.com\/www\/wp-json\/wp\/v2\/types\/page"}],"author":[{"embeddable":true,"href":"https:\/\/www.radiobeton.com\/www\/wp-json\/wp\/v2\/users\/4"}],"replies":[{"embeddable":true,"href":"https:\/\/www.radiobeton.com\/www\/wp-json\/wp\/v2\/comments?post=70670"}],"version-history":[{"count":20,"href":"https:\/\/www.radiobeton.com\/www\/wp-json\/wp\/v2\/pages\/70670\/revisions"}],"predecessor-version":[{"id":111232,"href":"https:\/\/www.radiobeton.com\/www\/wp-json\/wp\/v2\/pages\/70670\/revisions\/111232"}],"up":[{"embeddable":true,"href":"https:\/\/www.radiobeton.com\/www\/wp-json\/wp\/v2\/pages\/21603"}],"wp:featuredmedia":[{"embeddable":true,"href":"https:\/\/www.radiobeton.com\/www\/wp-json\/wp\/v2\/media\/75527"}],"wp:attachment":[{"href":"https:\/\/www.radiobeton.com\/www\/wp-json\/wp\/v2\/media?parent=70670"}],"curies":[{"name":"wp","href":"https:\/\/api.w.org\/{rel}","templated":true}]}}