{"id":72835,"date":"2018-11-15T00:10:00","date_gmt":"2018-11-14T23:10:00","guid":{"rendered":"http:\/\/www.radiobeton.com\/www\/?page_id=72835"},"modified":"2025-12-07T09:58:47","modified_gmt":"2025-12-07T08:58:47","slug":"prix936","status":"publish","type":"page","link":"https:\/\/www.radiobeton.com\/www\/prix936\/","title":{"rendered":"Le Prix 93.6 de la micronouvelle 2026"},"content":{"rendered":"\n<p><strong>Radio B\u00e9ton,<\/strong>&nbsp;en partenariat avec l\u2019<strong>Universit\u00e9 Fran\u00e7ois Rabelais<\/strong>&nbsp;et les&nbsp;<strong>biblioth\u00e8ques de Tours, <\/strong>vous propose un concours de micronouvelles :&nbsp;<strong>le Prix 93.6<\/strong>&nbsp;!<\/p>\n\n\n<div class=\"wp-block-image is-resized\">\n<figure class=\"aligncenter size-full\"><img loading=\"lazy\" decoding=\"async\" width=\"1810\" height=\"2560\" src=\"https:\/\/www.radiobeton.com\/www\/wp-content\/uploads\/2025\/11\/Prix-de-la-micro-2026-scaled.png\" alt=\"\" class=\"wp-image-134138\" style=\"width:335px;height:auto\" srcset=\"https:\/\/www.radiobeton.com\/www\/wp-content\/uploads\/2025\/11\/Prix-de-la-micro-2026-scaled.png 1810w, https:\/\/www.radiobeton.com\/www\/wp-content\/uploads\/2025\/11\/Prix-de-la-micro-2026-212x300.png 212w, https:\/\/www.radiobeton.com\/www\/wp-content\/uploads\/2025\/11\/Prix-de-la-micro-2026-724x1024.png 724w, https:\/\/www.radiobeton.com\/www\/wp-content\/uploads\/2025\/11\/Prix-de-la-micro-2026-768x1086.png 768w, https:\/\/www.radiobeton.com\/www\/wp-content\/uploads\/2025\/11\/Prix-de-la-micro-2026-1086x1536.png 1086w, https:\/\/www.radiobeton.com\/www\/wp-content\/uploads\/2025\/11\/Prix-de-la-micro-2026-1448x2048.png 1448w, https:\/\/www.radiobeton.com\/www\/wp-content\/uploads\/2025\/11\/Prix-de-la-micro-2026-1200x1697.png 1200w\" sizes=\"auto, (max-width: 709px) 85vw, (max-width: 909px) 67vw, (max-width: 1362px) 62vw, 840px\" \/><\/figure>\n<\/div>\n\n\n<p>Ce concours est destin\u00e9 \u00e0 r\u00e9compenser les auteurs d\u2019une micronouvelle r\u00e9dig\u00e9e en fran\u00e7ais, enti\u00e8rement in\u00e9dite et sur un th\u00e8me impos\u00e9 : <strong>Arr\u00eate ton cirque !<\/strong><\/p>\n\n\n\n<p>Le principe est simple : il faut r\u00e9diger <strong>93 mots pour le texte<\/strong>, et <strong>6 mots pour le titre<\/strong>. Et oui, car 93.6 est la fr\u00e9quence de Radio B\u00e9ton ! Chaque ann\u00e9e, un nouveau th\u00e8me.<br>Chaque laur\u00e9at gagne <em><strong>2 pass \u00ab5 jours\u00bb pour le festival Aucard de Tours 2026, , l\u2019enregistrement et la diffusion radio de la nouvelle, sa publication dans le Zine d\u2019Aucard de Tours<\/strong><\/em>, <em><strong>un ch\u00e8que lire de 20 euros, des livres et des  goodies B\u00e9ton&#8230;<\/strong><\/em><\/p>\n\n\n\n<p>Le concours <mark style=\"background-color:#ffef8e\" class=\"has-inline-color has-dark-gray-color\"><strong>d\u00e9bute le 15 d\u00e9cembre 2025<\/strong><\/mark>(Le formulaire d&rsquo;inscription sera donc accessible \u00e0 partir de cette date) et les micronouvelles doivent \u00eatre soumises avant le <strong>15 f\u00e9vrier 2026<\/strong> <strong>\u00e0 minuit.<\/strong> <\/p>\n\n\n\n<p><a href=\"https:\/\/www.radiobeton.com\/www\/wp-content\/uploads\/2025\/11\/reglement-2026.pdf\" target=\"_blank\" rel=\"noreferrer noopener\">Le r\u00e8glement <\/a> <em>A lire absolument<\/em><br><a href=\"https:\/\/framaforms.org\/fiche-inscription-du-prix-936-2026-1700061747\" target=\"_blank\" rel=\"noreferrer noopener\">Formulaire d&rsquo;inscription<\/a><\/p>\n\n\n\n<p>Pour toutes demandes de renseignements, \u00e9crire \u00e0 <strong>prix93.6@radiobeton.com<\/strong><br>Facebook : <a href=\"https:\/\/www.facebook.com\/leprix93.6\" target=\"_blank\" rel=\"noreferrer noopener\">Facebook Le Prix 93.6<\/a><\/p>\n\n\n<div\n\t\t\t\n\t\t\tclass=\"so-widget-sow-post-carousel so-widget-sow-post-carousel-base-23037ad1c380\"\n\t\t\t\n\t\t>\t<div\n\t\tclass=\"sow-post-carousel-wrapper sow-post-carousel-theme-base\"\n\t\tstyle=\"overflow: hidden; max-width: 100%; min-height: 182px\"\n\t>\n\t\t<div class=\"sow-carousel-title\">\n\t\t\t<div class=\"sow-carousel-navigation \">\n\t\t\t\t\t\t<a href=\"#\" class=\"sow-carousel-next\" title=\"Suivant\" aria-label=\"Next Posts\" role=\"button\"><\/a>\n\t\t\t\t\t\t<a href=\"#\" class=\"sow-carousel-previous\" title=\"Pr\u00e9c\u00e9dent\" aria-label=\"Previous Posts\" role=\"button\"><\/a>\n\t\t\t\t\t<\/div>\n\t<\/div>\n\n<div class=\"sow-carousel-container \">\n\t\t<div class=\"sow-carousel-wrapper\"\n\t\tdata-dir=\"ltr\"\n\t\tstyle=\"opacity: 0;\"\n\t\tdata-widget=\"post\" data-fetching=\"false\" data-page=\"1\" data-ajax-url=\"https:\/\/www.radiobeton.com\/www\/wp-admin\/admin-ajax.php?_widgets_nonce=6fee45ca30\" data-item_count=\"20\" data-carousel_settings=\"{&quot;loop&quot;:true,&quot;animation&quot;:&quot;Ease&quot;,&quot;animation_speed&quot;:400,&quot;autoplay&quot;:&quot;&quot;,&quot;pauseOnHover&quot;:&quot;&quot;,&quot;autoplaySpeed&quot;:8000,&quot;item_overflow&quot;:true,&quot;autoplay_continuous_scroll&quot;:false}\" data-responsive=\"{&quot;desktop_slides_to_scroll&quot;:1,&quot;tablet_landscape_breakpoint&quot;:1366,&quot;tablet_landscape_slides_to_scroll&quot;:2,&quot;tablet_portrait_breakpoint&quot;:1025,&quot;tablet_portrait_slides_to_scroll&quot;:2,&quot;mobile_breakpoint&quot;:480,&quot;mobile_slides_to_scroll&quot;:1}\" data-variable_width=\"true\" \t>\n\t\t<div\n\t\t\tclass=\"sow-carousel-items\"\n\t\t\t\t\t>\n\t\t\t\t<div class=\"sow-carousel-item\" tabindex=\"-1\" style=\"float: left;\">\n\t\t<div class=\"sow-carousel-thumbnail\">\n\t\t\t\t\t\t\t<a\n\t\t\t\t\thref=\"https:\/\/www.radiobeton.com\/www\/remise-des-prix-93-6-2025\/\"\n\t\t\t\t\t\t\t\t\t\tstyle=\"background-image: url( https:\/\/www.radiobeton.com\/www\/wp-content\/uploads\/2018\/11\/Logo-Prix-93.6-272x182.png )\"\n\t\t\t\t\taria-labelledby=\"sow-carousel-id-132095\"\n\t\t\t\t\ttabindex=\"-1\"\n\t\t\t\t>\n\t\t\t\t\t<span class=\"overlay\"><\/span>\n\t\t\t\t<\/a>\n\t\t\t\t\t<\/div>\n\t\t<h3 class=\"sow-carousel-item-title\">\n\t\t\t<a\n\t\t\t\thref=\"https:\/\/www.radiobeton.com\/www\/remise-des-prix-93-6-2025\/\"\n\t\t\t\tid=\"sow-carousel-id-132095\"\n\t\t\t\t\t\t\t\ttabindex=\"-1\"\n\t\t\t>\n\n\t\t\t\tRemise des prix 93.6 &#8211; 2025\t\t\t<\/a>\n\t\t<\/h3>\n\t<\/div>\n\t\t<div class=\"sow-carousel-item\" tabindex=\"-1\" style=\"float: left;\">\n\t\t<div class=\"sow-carousel-thumbnail\">\n\t\t\t\t\t\t\t<a\n\t\t\t\t\thref=\"https:\/\/www.radiobeton.com\/www\/remise-des-prix-93-6-2024\/\"\n\t\t\t\t\t\t\t\t\t\tstyle=\"background-image: url( https:\/\/www.radiobeton.com\/www\/wp-content\/uploads\/2018\/11\/Logo-Prix-93.6-272x182.png )\"\n\t\t\t\t\taria-labelledby=\"sow-carousel-id-124212\"\n\t\t\t\t\ttabindex=\"-1\"\n\t\t\t\t>\n\t\t\t\t\t<span class=\"overlay\"><\/span>\n\t\t\t\t<\/a>\n\t\t\t\t\t<\/div>\n\t\t<h3 class=\"sow-carousel-item-title\">\n\t\t\t<a\n\t\t\t\thref=\"https:\/\/www.radiobeton.com\/www\/remise-des-prix-93-6-2024\/\"\n\t\t\t\tid=\"sow-carousel-id-124212\"\n\t\t\t\t\t\t\t\ttabindex=\"-1\"\n\t\t\t>\n\n\t\t\t\tRemise des Prix 93.6 &#8211; 2024\t\t\t<\/a>\n\t\t<\/h3>\n\t<\/div>\n\t\t<div class=\"sow-carousel-item\" tabindex=\"-1\" style=\"float: left;\">\n\t\t<div class=\"sow-carousel-thumbnail\">\n\t\t\t\t\t\t\t<a\n\t\t\t\t\thref=\"https:\/\/www.radiobeton.com\/www\/115771-2\/\"\n\t\t\t\t\t\t\t\t\t\tstyle=\"background-image: url( https:\/\/www.radiobeton.com\/www\/wp-content\/uploads\/2018\/11\/Logo-Prix-93.6-272x182.png )\"\n\t\t\t\t\taria-labelledby=\"sow-carousel-id-115771\"\n\t\t\t\t\ttabindex=\"-1\"\n\t\t\t\t>\n\t\t\t\t\t<span class=\"overlay\"><\/span>\n\t\t\t\t<\/a>\n\t\t\t\t\t<\/div>\n\t\t<h3 class=\"sow-carousel-item-title\">\n\t\t\t<a\n\t\t\t\thref=\"https:\/\/www.radiobeton.com\/www\/115771-2\/\"\n\t\t\t\tid=\"sow-carousel-id-115771\"\n\t\t\t\t\t\t\t\ttabindex=\"-1\"\n\t\t\t>\n\n\t\t\t\tRemise des Prix 93.6 &#8211; 2023\t\t\t<\/a>\n\t\t<\/h3>\n\t<\/div>\n\t\t<div class=\"sow-carousel-item\" tabindex=\"-1\" style=\"float: left;\">\n\t\t<div class=\"sow-carousel-thumbnail\">\n\t\t\t\t\t\t\t<a\n\t\t\t\t\thref=\"https:\/\/www.radiobeton.com\/www\/remise-des-prix-93-6-les-nouvelles-gagnantes\/\"\n\t\t\t\t\t\t\t\t\t\tstyle=\"background-image: url( https:\/\/www.radiobeton.com\/www\/wp-content\/uploads\/2018\/11\/Logo-Prix-93.6-272x182.png )\"\n\t\t\t\t\taria-labelledby=\"sow-carousel-id-104783\"\n\t\t\t\t\ttabindex=\"-1\"\n\t\t\t\t>\n\t\t\t\t\t<span class=\"overlay\"><\/span>\n\t\t\t\t<\/a>\n\t\t\t\t\t<\/div>\n\t\t<h3 class=\"sow-carousel-item-title\">\n\t\t\t<a\n\t\t\t\thref=\"https:\/\/www.radiobeton.com\/www\/remise-des-prix-93-6-les-nouvelles-gagnantes\/\"\n\t\t\t\tid=\"sow-carousel-id-104783\"\n\t\t\t\t\t\t\t\ttabindex=\"-1\"\n\t\t\t>\n\n\t\t\t\tRemise des Prix 93.6 &#8211; 2022\t\t\t<\/a>\n\t\t<\/h3>\n\t<\/div>\n\t\t<div class=\"sow-carousel-item\" tabindex=\"-1\" style=\"float: left;\">\n\t\t<div class=\"sow-carousel-thumbnail\">\n\t\t\t\t\t\t\t<a\n\t\t\t\t\thref=\"https:\/\/www.radiobeton.com\/www\/prix-93-6-6e-edition-on-nest-pas-bien-la\/\"\n\t\t\t\t\t\t\t\t\t\tstyle=\"background-image: url( https:\/\/www.radiobeton.com\/www\/wp-content\/uploads\/2021\/12\/Prix93.6-272x182.jpg )\"\n\t\t\t\t\taria-labelledby=\"sow-carousel-id-101644\"\n\t\t\t\t\ttabindex=\"-1\"\n\t\t\t\t>\n\t\t\t\t\t<span class=\"overlay\"><\/span>\n\t\t\t\t<\/a>\n\t\t\t\t\t<\/div>\n\t\t<h3 class=\"sow-carousel-item-title\">\n\t\t\t<a\n\t\t\t\thref=\"https:\/\/www.radiobeton.com\/www\/prix-93-6-6e-edition-on-nest-pas-bien-la\/\"\n\t\t\t\tid=\"sow-carousel-id-101644\"\n\t\t\t\t\t\t\t\ttabindex=\"-1\"\n\t\t\t>\n\n\t\t\t\tPrix 93.6 : 6e \u00e9dition &#8211; On n&rsquo;est pas bien l\u00e0 ?\t\t\t<\/a>\n\t\t<\/h3>\n\t<\/div>\n\t\t<div class=\"sow-carousel-item\" tabindex=\"-1\" style=\"float: left;\">\n\t\t<div class=\"sow-carousel-thumbnail\">\n\t\t\t\t\t\t\t<a\n\t\t\t\t\thref=\"https:\/\/www.radiobeton.com\/www\/les-laureat%c2%b7es-du-prix-93-6-de-la-micronouvelle-2021\/\"\n\t\t\t\t\t\t\t\t\t\tstyle=\"background-image: url( https:\/\/www.radiobeton.com\/www\/wp-content\/uploads\/2018\/11\/Logo-Prix-93.6-272x182.png )\"\n\t\t\t\t\taria-labelledby=\"sow-carousel-id-96857\"\n\t\t\t\t\ttabindex=\"-1\"\n\t\t\t\t>\n\t\t\t\t\t<span class=\"overlay\"><\/span>\n\t\t\t\t<\/a>\n\t\t\t\t\t<\/div>\n\t\t<h3 class=\"sow-carousel-item-title\">\n\t\t\t<a\n\t\t\t\thref=\"https:\/\/www.radiobeton.com\/www\/les-laureat%c2%b7es-du-prix-93-6-de-la-micronouvelle-2021\/\"\n\t\t\t\tid=\"sow-carousel-id-96857\"\n\t\t\t\t\t\t\t\ttabindex=\"-1\"\n\t\t\t>\n\n\t\t\t\tLes laur\u00e9at\u00b7es du Prix 93.6 de la micronouvelle 2021\t\t\t<\/a>\n\t\t<\/h3>\n\t<\/div>\n\t\t<div class=\"sow-carousel-item\" tabindex=\"-1\" style=\"float: left;\">\n\t\t<div class=\"sow-carousel-thumbnail\">\n\t\t\t\t\t\t\t<a\n\t\t\t\t\thref=\"https:\/\/www.radiobeton.com\/www\/le-prix-93-6-de-la-micronouvelle-2021\/\"\n\t\t\t\t\t\t\t\t\t\tstyle=\"background-image: url( https:\/\/www.radiobeton.com\/www\/wp-content\/uploads\/2021\/01\/prix-936-web-272x182.jpg )\"\n\t\t\t\t\taria-labelledby=\"sow-carousel-id-94196\"\n\t\t\t\t\ttabindex=\"-1\"\n\t\t\t\t>\n\t\t\t\t\t<span class=\"overlay\"><\/span>\n\t\t\t\t<\/a>\n\t\t\t\t\t<\/div>\n\t\t<h3 class=\"sow-carousel-item-title\">\n\t\t\t<a\n\t\t\t\thref=\"https:\/\/www.radiobeton.com\/www\/le-prix-93-6-de-la-micronouvelle-2021\/\"\n\t\t\t\tid=\"sow-carousel-id-94196\"\n\t\t\t\t\t\t\t\ttabindex=\"-1\"\n\t\t\t>\n\n\t\t\t\tLe Prix 93.6 de la micronouvelle 2021\t\t\t<\/a>\n\t\t<\/h3>\n\t<\/div>\n\t\t<div class=\"sow-carousel-item\" tabindex=\"-1\" style=\"float: left;\">\n\t\t<div class=\"sow-carousel-thumbnail\">\n\t\t\t\t\t\t\t<a\n\t\t\t\t\thref=\"https:\/\/www.radiobeton.com\/www\/le-prix-93-6-de-la-micronouvelle-2020\/\"\n\t\t\t\t\t\t\t\t\t\tstyle=\"background-image: url( https:\/\/www.radiobeton.com\/www\/wp-content\/uploads\/2019\/12\/Affiche-Prix-936-2020-272x182.jpg )\"\n\t\t\t\t\taria-labelledby=\"sow-carousel-id-84497\"\n\t\t\t\t\ttabindex=\"-1\"\n\t\t\t\t>\n\t\t\t\t\t<span class=\"overlay\"><\/span>\n\t\t\t\t<\/a>\n\t\t\t\t\t<\/div>\n\t\t<h3 class=\"sow-carousel-item-title\">\n\t\t\t<a\n\t\t\t\thref=\"https:\/\/www.radiobeton.com\/www\/le-prix-93-6-de-la-micronouvelle-2020\/\"\n\t\t\t\tid=\"sow-carousel-id-84497\"\n\t\t\t\t\t\t\t\ttabindex=\"-1\"\n\t\t\t>\n\n\t\t\t\tLe Prix 93.6 de la micronouvelle 2020\t\t\t<\/a>\n\t\t<\/h3>\n\t<\/div>\n\t\t<div class=\"sow-carousel-item\" tabindex=\"-1\" style=\"float: left;\">\n\t\t<div class=\"sow-carousel-thumbnail\">\n\t\t\t\t\t\t\t<a\n\t\t\t\t\thref=\"https:\/\/www.radiobeton.com\/www\/les-laureats-du-prix-93-6-de-la-micronouvelle-2019\/\"\n\t\t\t\t\t\t\t\t\t\tstyle=\"background-image: url( https:\/\/www.radiobeton.com\/www\/wp-content\/uploads\/2018\/11\/Logo-Prix-93.6-272x182.png )\"\n\t\t\t\t\taria-labelledby=\"sow-carousel-id-78392\"\n\t\t\t\t\ttabindex=\"-1\"\n\t\t\t\t>\n\t\t\t\t\t<span class=\"overlay\"><\/span>\n\t\t\t\t<\/a>\n\t\t\t\t\t<\/div>\n\t\t<h3 class=\"sow-carousel-item-title\">\n\t\t\t<a\n\t\t\t\thref=\"https:\/\/www.radiobeton.com\/www\/les-laureats-du-prix-93-6-de-la-micronouvelle-2019\/\"\n\t\t\t\tid=\"sow-carousel-id-78392\"\n\t\t\t\t\t\t\t\ttabindex=\"-1\"\n\t\t\t>\n\n\t\t\t\tLes laur\u00e9ats du Prix 93.6 de la micronouvelle 2019\t\t\t<\/a>\n\t\t<\/h3>\n\t<\/div>\n\t\t<div class=\"sow-carousel-item\" tabindex=\"-1\" style=\"float: left;\">\n\t\t<div class=\"sow-carousel-thumbnail\">\n\t\t\t\t\t\t\t<a\n\t\t\t\t\thref=\"https:\/\/www.radiobeton.com\/www\/le-prix-93-6-de-la-micronouvelle-2019\/\"\n\t\t\t\t\t\t\t\t\t\tstyle=\"background-image: url( https:\/\/www.radiobeton.com\/www\/wp-content\/uploads\/2018\/12\/Affiche-Prix-93-600x900-px-272x182.jpg )\"\n\t\t\t\t\taria-labelledby=\"sow-carousel-id-73390\"\n\t\t\t\t\ttabindex=\"-1\"\n\t\t\t\t>\n\t\t\t\t\t<span class=\"overlay\"><\/span>\n\t\t\t\t<\/a>\n\t\t\t\t\t<\/div>\n\t\t<h3 class=\"sow-carousel-item-title\">\n\t\t\t<a\n\t\t\t\thref=\"https:\/\/www.radiobeton.com\/www\/le-prix-93-6-de-la-micronouvelle-2019\/\"\n\t\t\t\tid=\"sow-carousel-id-73390\"\n\t\t\t\t\t\t\t\ttabindex=\"-1\"\n\t\t\t>\n\n\t\t\t\tLe Prix 93.6 de la micronouvelle 2019\t\t\t<\/a>\n\t\t<\/h3>\n\t<\/div>\n\t\t\t<\/div>\n\t\t\t<\/div>\n\n\t<\/div>\n\t\t<input type=\"hidden\" name=\"instance_hash\" value=\"78177b75\"\/>\n\t<\/div>\n<\/div>","protected":false},"excerpt":{"rendered":"<p>Radio B\u00e9ton,&nbsp;en partenariat avec l\u2019Universit\u00e9 Fran\u00e7ois Rabelais&nbsp;et les&nbsp;biblioth\u00e8ques de Tours, vous propose un concours de micronouvelles :&nbsp;le Prix 93.6&nbsp;! Ce concours est destin\u00e9 \u00e0 r\u00e9compenser les auteurs d\u2019une micronouvelle r\u00e9dig\u00e9e en fran\u00e7ais, enti\u00e8rement in\u00e9dite et sur un th\u00e8me impos\u00e9 : Arr\u00eate ton cirque ! Le principe est simple : il faut r\u00e9diger 93 mots pour &hellip; <a href=\"https:\/\/www.radiobeton.com\/www\/prix936\/\" class=\"more-link\">Continuer la lecture<span class=\"screen-reader-text\"> de &laquo;&nbsp;Le Prix 93.6 de la micronouvelle 2026&nbsp;&raquo;<\/span><\/a><\/p>\n","protected":false},"author":55,"featured_media":0,"parent":0,"menu_order":0,"comment_status":"closed","ping_status":"closed","template":"","meta":{"footnotes":""},"class_list":["post-72835","page","type-page","status-publish","hentry"],"_links":{"self":[{"href":"https:\/\/www.radiobeton.com\/www\/wp-json\/wp\/v2\/pages\/72835","targetHints":{"allow":["GET"]}}],"collection":[{"href":"https:\/\/www.radiobeton.com\/www\/wp-json\/wp\/v2\/pages"}],"about":[{"href":"https:\/\/www.radiobeton.com\/www\/wp-json\/wp\/v2\/types\/page"}],"author":[{"embeddable":true,"href":"https:\/\/www.radiobeton.com\/www\/wp-json\/wp\/v2\/users\/55"}],"replies":[{"embeddable":true,"href":"https:\/\/www.radiobeton.com\/www\/wp-json\/wp\/v2\/comments?post=72835"}],"version-history":[{"count":96,"href":"https:\/\/www.radiobeton.com\/www\/wp-json\/wp\/v2\/pages\/72835\/revisions"}],"predecessor-version":[{"id":134605,"href":"https:\/\/www.radiobeton.com\/www\/wp-json\/wp\/v2\/pages\/72835\/revisions\/134605"}],"wp:attachment":[{"href":"https:\/\/www.radiobeton.com\/www\/wp-json\/wp\/v2\/media?parent=72835"}],"curies":[{"name":"wp","href":"https:\/\/api.w.org\/{rel}","templated":true}]}}