{"id":95155,"date":"2022-10-21T00:04:56","date_gmt":"2022-10-20T22:04:56","guid":{"rendered":"https:\/\/www.radiobeton.com\/www\/?page_id=95155"},"modified":"2022-10-30T23:37:15","modified_gmt":"2022-10-30T22:37:15","slug":"dejan-et-cesko-sont-sur-un-bateau","status":"publish","type":"page","link":"https:\/\/www.radiobeton.com\/www\/la-radio\/dejan-et-cesko-sont-sur-un-bateau\/","title":{"rendered":"DEJAN &#038; CESKO SONT SUR UN BATEAU"},"content":{"rendered":"<div class=\"x11i5rnm xat24cr x1mh8g0r x1vvkbs xtlvy1s x126k92a\">\n<p dir=\"auto\"><img loading=\"lazy\" decoding=\"async\" class=\"size-medium wp-image-110349 aligncenter\" src=\"https:\/\/www.radiobeton.com\/www\/wp-content\/uploads\/2022\/10\/307525363_609765467332099_5597381330703017510_n-296x300.jpg\" alt=\"\" width=\"296\" height=\"300\" srcset=\"https:\/\/www.radiobeton.com\/www\/wp-content\/uploads\/2022\/10\/307525363_609765467332099_5597381330703017510_n-296x300.jpg 296w, https:\/\/www.radiobeton.com\/www\/wp-content\/uploads\/2022\/10\/307525363_609765467332099_5597381330703017510_n-1012x1024.jpg 1012w, https:\/\/www.radiobeton.com\/www\/wp-content\/uploads\/2022\/10\/307525363_609765467332099_5597381330703017510_n-768x777.jpg 768w, https:\/\/www.radiobeton.com\/www\/wp-content\/uploads\/2022\/10\/307525363_609765467332099_5597381330703017510_n.jpg 1080w\" sizes=\"auto, (max-width: 296px) 85vw, 296px\" \/><\/p>\n<div dir=\"auto\"><span class=\"x3nfvp2 x1j61x8r x1fcty0u xdj266r xhhsvwb xat24cr xgzva0m xxymvpz xlup9mm x1kky2od\"><img loading=\"lazy\" decoding=\"async\" src=\"https:\/\/static.xx.fbcdn.net\/images\/emoji.php\/v9\/t72\/1\/16\/1f538.png\" alt=\"&#x1f538;\" width=\"16\" height=\"16\"><\/span>Genre de piraterie radiophonique, un voyage sans r\u00e8gles aux quatre coins du monde et de la musique sans boussole, qui ne respecte aucune fronti\u00e8res, parfois chaloup\u00e9es, parfois traditionnelles, parfois cuivr\u00e9es, parfois ethniques&#8230;<\/div>\n<div dir=\"auto\"><span class=\"x3nfvp2 x1j61x8r x1fcty0u xdj266r xhhsvwb xat24cr xgzva0m xxymvpz xlup9mm x1kky2od\"><img loading=\"lazy\" decoding=\"async\" src=\"https:\/\/static.xx.fbcdn.net\/images\/emoji.php\/v9\/t72\/1\/16\/1f538.png\" alt=\"&#x1f538;\" width=\"16\" height=\"16\"><\/span>le 1er et 3e lundi du mois de 10h \u00e0 11h, rediffusion le jeudi 15h-16h<\/div>\n<p dir=\"auto\"><span class=\"x3nfvp2 x1j61x8r x1fcty0u xdj266r xhhsvwb xat24cr xgzva0m xxymvpz xlup9mm x1kky2od\"><img loading=\"lazy\" decoding=\"async\" src=\"https:\/\/static.xx.fbcdn.net\/images\/emoji.php\/v9\/t72\/1\/16\/1f538.png\" alt=\"&#x1f538;\" width=\"16\" height=\"16\"><\/span>Animateurs : Dejan &amp; Cesko<\/p>\n<\/div>\n<div class=\"x11i5rnm xat24cr x1mh8g0r x1vvkbs xtlvy1s x126k92a\">\n<div dir=\"auto\"><span class=\"x3nfvp2 x1j61x8r x1fcty0u xdj266r xhhsvwb xat24cr xgzva0m xxymvpz xlup9mm x1kky2od\"><img loading=\"lazy\" decoding=\"async\" src=\"https:\/\/static.xx.fbcdn.net\/images\/emoji.php\/v9\/t72\/1\/16\/1f538.png\" alt=\"&#x1f538;\" width=\"16\" height=\"16\"><\/span>Depuis 2021, on est tr\u00e8s tr\u00e8s tr\u00e8s heureux de vous faire d\u00e9couvrir et partager tous les disques glan\u00e9s ici et surtout l\u00e0-bas, car en bon pirates que nous sommes, nous avons blind\u00e9s les cales de notre bateau en tonneaux de rhum depuis le XVII\u00e8me si\u00e8cle, mais surtout, nous les avons remplies de p\u00e9pites musicales venues des quatre coins du monde. Ca va chalouper s\u00e9v\u00e8re sur les ondes et avec vous, avec ou sans le mal de mer, on va se faire des croisi\u00e8res improbables, paroles de corsaires !<\/div>\n<p dir=\"auto\">Deux corsaires qui aiment se rep\u00e9rer en haute-mer en lisant dans les fonds de bouteilles de rhum et m\u00eame si parfois ils perdent un poil le nord, ils arrivent toujours \u00e0 destination, m\u00eame en zigzaguant un peu du navire. Car comme disait S\u00e9n\u00e8que : \u00ab\u00a0lorsqu&rsquo;on ne sait pas vers quel port on navigue, aucun vent n&rsquo;est le bon&#8230;\u00a0\u00bb<\/p>\n<\/div>\n<div class=\"x11i5rnm xat24cr x1mh8g0r x1vvkbs xtlvy1s x126k92a\">\n<p dir=\"auto\"><span class=\"x3nfvp2 x1j61x8r x1fcty0u xdj266r xhhsvwb xat24cr xgzva0m xxymvpz xlup9mm x1kky2od\"><img loading=\"lazy\" decoding=\"async\" src=\"https:\/\/static.xx.fbcdn.net\/images\/emoji.php\/v9\/t72\/1\/16\/1f538.png\" alt=\"&#x1f538;\" width=\"16\" height=\"16\"><\/span>Liens<\/p>\n<\/div>\n<div class=\"x11i5rnm xat24cr x1mh8g0r x1vvkbs xtlvy1s x126k92a\">\n<div dir=\"auto\">Podcasts : <a class=\"x1i10hfl xjbqb8w x6umtig x1b1mbwd xaqea5y xav7gou x9f619 x1ypdohk xt0psk2 xe8uvvx xdj266r x11i5rnm xat24cr x1mh8g0r xexx8yu x4uap5 x18d9i69 xkhd6sd x16tdsg8 x1hl2dhg xggy1nq x1a2a7pz xt0b8zv x1fey0fg\" tabindex=\"0\" role=\"link\" href=\"https:\/\/www.mixcloud.com\/DejanCesko\/?fbclid=IwAR2FNOccQX_ScDK_ppVX5YNxiQu1z6F9Q2RVw7ToTT8k9t1IPd1LGpMbFSE\" target=\"_blank\" rel=\"nofollow noopener noreferrer\">https:\/\/www.mixcloud.com\/DejanCesko\/<\/a><\/div>\n<\/div>\n<div class=\"x11i5rnm xat24cr x1mh8g0r x1vvkbs xtlvy1s x126k92a\">\n<p dir=\"auto\">Facebook : <a class=\"x1i10hfl xjbqb8w x6umtig x1b1mbwd xaqea5y xav7gou x9f619 x1ypdohk xt0psk2 xe8uvvx xdj266r x11i5rnm xat24cr x1mh8g0r xexx8yu x4uap5 x18d9i69 xkhd6sd x16tdsg8 x1hl2dhg xggy1nq x1a2a7pz xt0b8zv x1qq9wsj xo1l8bm\" tabindex=\"0\" role=\"link\" href=\"https:\/\/www.facebook.com\/dejanetceskosontsurunbateau?__cft__[0]=AZXikr_Kq-2KAZHYsPKWSRzIFMPlsE26Oc9dYKdkg95kCgMR-saX6KLXA2UvDZLrXXTCrQvxx4IVzHqUiOl__2uEhnc038Upn-tS29nH8gUEQWvY8gNpJ51ih51WWbCXKss&amp;__tn__=-]K-R\"><span class=\"xt0psk2\">facebook.com\/dejanetceskosontsurunbateau\/<\/span><\/a><\/p>\n<\/div>\n<div dir=\"auto\"><img loading=\"lazy\" decoding=\"async\" class=\"size-medium wp-image-110348 aligncenter\" src=\"https:\/\/www.radiobeton.com\/www\/wp-content\/uploads\/2022\/10\/166467369_119190416895920_8546928040481757798_n-170x300.jpg\" alt=\"\" width=\"170\" height=\"300\" srcset=\"https:\/\/www.radiobeton.com\/www\/wp-content\/uploads\/2022\/10\/166467369_119190416895920_8546928040481757798_n-170x300.jpg 170w, https:\/\/www.radiobeton.com\/www\/wp-content\/uploads\/2022\/10\/166467369_119190416895920_8546928040481757798_n-579x1024.jpg 579w, https:\/\/www.radiobeton.com\/www\/wp-content\/uploads\/2022\/10\/166467369_119190416895920_8546928040481757798_n-768x1359.jpg 768w, https:\/\/www.radiobeton.com\/www\/wp-content\/uploads\/2022\/10\/166467369_119190416895920_8546928040481757798_n-868x1536.jpg 868w, https:\/\/www.radiobeton.com\/www\/wp-content\/uploads\/2022\/10\/166467369_119190416895920_8546928040481757798_n.jpg 1107w\" sizes=\"auto, (max-width: 170px) 85vw, 170px\" \/><\/div>\n","protected":false},"excerpt":{"rendered":"<p>Genre de piraterie radiophonique, un voyage sans r\u00e8gles aux quatre coins du monde et de la musique sans boussole, qui ne respecte aucune fronti\u00e8res, parfois chaloup\u00e9es, parfois traditionnelles, parfois cuivr\u00e9es, parfois ethniques&#8230; le 1er et 3e lundi du mois de 10h \u00e0 11h, rediffusion le jeudi 15h-16h Animateurs : Dejan &amp; Cesko Depuis 2021, on &hellip; <a href=\"https:\/\/www.radiobeton.com\/www\/la-radio\/dejan-et-cesko-sont-sur-un-bateau\/\" class=\"more-link\">Continuer la lecture<span class=\"screen-reader-text\"> de &laquo;&nbsp;DEJAN &#038; CESKO SONT SUR UN BATEAU&nbsp;&raquo;<\/span><\/a><\/p>\n","protected":false},"author":28,"featured_media":0,"parent":21603,"menu_order":0,"comment_status":"closed","ping_status":"closed","template":"","meta":{"footnotes":""},"class_list":["post-95155","page","type-page","status-publish","hentry"],"_links":{"self":[{"href":"https:\/\/www.radiobeton.com\/www\/wp-json\/wp\/v2\/pages\/95155","targetHints":{"allow":["GET"]}}],"collection":[{"href":"https:\/\/www.radiobeton.com\/www\/wp-json\/wp\/v2\/pages"}],"about":[{"href":"https:\/\/www.radiobeton.com\/www\/wp-json\/wp\/v2\/types\/page"}],"author":[{"embeddable":true,"href":"https:\/\/www.radiobeton.com\/www\/wp-json\/wp\/v2\/users\/28"}],"replies":[{"embeddable":true,"href":"https:\/\/www.radiobeton.com\/www\/wp-json\/wp\/v2\/comments?post=95155"}],"version-history":[{"count":4,"href":"https:\/\/www.radiobeton.com\/www\/wp-json\/wp\/v2\/pages\/95155\/revisions"}],"predecessor-version":[{"id":110353,"href":"https:\/\/www.radiobeton.com\/www\/wp-json\/wp\/v2\/pages\/95155\/revisions\/110353"}],"up":[{"embeddable":true,"href":"https:\/\/www.radiobeton.com\/www\/wp-json\/wp\/v2\/pages\/21603"}],"wp:attachment":[{"href":"https:\/\/www.radiobeton.com\/www\/wp-json\/wp\/v2\/media?parent=95155"}],"curies":[{"name":"wp","href":"https:\/\/api.w.org\/{rel}","templated":true}]}}